{"id":9520,"date":"2021-12-17T10:38:41","date_gmt":"2021-12-17T10:38:41","guid":{"rendered":"https:\/\/www.paucostafoundation.org\/producto\/litografia-conmemorativa-horta10\/"},"modified":"2023-01-05T09:13:32","modified_gmt":"2023-01-05T09:13:32","slug":"litografia-conmemorativa-horta10","status":"publish","type":"product","link":"https:\/\/www.paucostafoundation.org\/en\/producto\/litografia-conmemorativa-horta10\/","title":{"rendered":"Lithograph commemorating Horta10"},"content":{"rendered":"<p>As many of you already know, Horta 10 is a platform that collects, proposes, decides and coordinates different initiatives, in order to honor and remember the friends who left us on July 21, 2009 in the Els Ports fire in Horta de Sant Joan, David, Jaume, Pau, Jordi and Ram\u00f3n.<\/p>\n<p>Since March 2020, a series of actions and activities have been taking place, with the sole purpose of remembering and honoring the five firefighters who perished in the line of duty. In this particular case, we have created a commemorative lithograph created by the artist Josep Serra and made with a digital technique (Autodesk Sketchbook).<\/p>\n<p><strong>Numbered lithograph commemorating the 10th anniversary of the Horta de Sant Joan fire<\/strong><\/p>\n<p>&nbsp;<\/p>\n","protected":false},"excerpt":{"rendered":"<p>L\u00e1mina numerada conmemorativa del 10\u00ba aniversario del incendio de Horta de Sant Joan, que rinde homenaje a los compa\u00f1eros que perdieron la vida en aquel fat\u00eddico incendio, el 21 de julio de 2009. Los beneficios que se obtengan de las ventas servir\u00e1n para sufragar los gastos de los actos de <a href=\"http:\/\/horta10.com\/\"><strong>Horta10<\/strong><\/a>.<\/p>\n<p><strong>T\u00edtulo<\/strong>: <em>Retorns<\/em><\/p>\n<p><strong>Autor<\/strong>: Josep Serra i Tarrag\u00f3n<\/p>\n","protected":false},"featured_media":6818,"comment_status":"open","ping_status":"closed","template":"","meta":{"_acf_changed":false,"give_campaign_id":0},"product_brand":[],"product_cat":[107],"product_tag":[],"class_list":{"0":"post-9520","1":"product","2":"type-product","3":"status-publish","4":"has-post-thumbnail","6":"product_cat-art","7":"product_shipping_class-art-en","9":"first","10":"instock","11":"taxable","12":"shipping-taxable","13":"purchasable","14":"product-type-simple"},"acf":[],"yoast_head":"<!-- This site is optimized with the Yoast SEO plugin v26.3 - https:\/\/yoast.com\/wordpress\/plugins\/seo\/ -->\n<title>Lithograph commemorating Horta10 - Pau Costa Foundation<\/title>\n<meta name=\"robots\" content=\"index, follow, max-snippet:-1, max-image-preview:large, max-video-preview:-1\" \/>\n<link rel=\"canonical\" href=\"https:\/\/www.paucostafoundation.org\/en\/producto\/litografia-conmemorativa-horta10\/\" \/>\n<meta property=\"og:locale\" content=\"en_US\" \/>\n<meta property=\"og:type\" content=\"article\" \/>\n<meta property=\"og:title\" content=\"Lithograph commemorating Horta10 - Pau Costa Foundation\" \/>\n<meta property=\"og:description\" content=\"L\u00e1mina numerada conmemorativa del 10\u00ba aniversario del incendio de Horta de Sant Joan, que rinde homenaje a los compa\u00f1eros que perdieron la vida en aquel fat\u00eddico incendio, el 21 de julio de 2009. Los beneficios que se obtengan de las ventas servir\u00e1n para sufragar los gastos de los actos de Horta10.  T\u00edtulo: Retorns  Autor: Josep Serra i Tarrag\u00f3n\" \/>\n<meta property=\"og:url\" content=\"https:\/\/www.paucostafoundation.org\/en\/producto\/litografia-conmemorativa-horta10\/\" \/>\n<meta property=\"og:site_name\" content=\"Pau Costa Foundation\" \/>\n<meta property=\"article:modified_time\" content=\"2023-01-05T09:13:32+00:00\" \/>\n<meta property=\"og:image\" content=\"https:\/\/www.paucostafoundation.org\/wp-content\/uploads\/2021\/12\/mock-up-litografia-1024x683.png\" \/>\n\t<meta property=\"og:image:width\" content=\"1024\" \/>\n\t<meta property=\"og:image:height\" content=\"683\" \/>\n\t<meta property=\"og:image:type\" content=\"image\/png\" \/>\n<meta name=\"twitter:card\" content=\"summary_large_image\" \/>\n<meta name=\"twitter:label1\" content=\"Est. reading time\" \/>\n\t<meta name=\"twitter:data1\" content=\"1 minute\" \/>\n<script type=\"application\/ld+json\" class=\"yoast-schema-graph\">{\"@context\":\"https:\/\/schema.org\",\"@graph\":[{\"@type\":\"WebPage\",\"@id\":\"https:\/\/www.paucostafoundation.org\/en\/producto\/litografia-conmemorativa-horta10\/\",\"url\":\"https:\/\/www.paucostafoundation.org\/en\/producto\/litografia-conmemorativa-horta10\/\",\"name\":\"Lithograph commemorating Horta10 - Pau Costa Foundation\",\"isPartOf\":{\"@id\":\"https:\/\/www.paucostafoundation.org\/en\/#website\"},\"primaryImageOfPage\":{\"@id\":\"https:\/\/www.paucostafoundation.org\/en\/producto\/litografia-conmemorativa-horta10\/#primaryimage\"},\"image\":{\"@id\":\"https:\/\/www.paucostafoundation.org\/en\/producto\/litografia-conmemorativa-horta10\/#primaryimage\"},\"thumbnailUrl\":\"https:\/\/www.paucostafoundation.org\/wp-content\/uploads\/2021\/12\/mock-up-litografia.png\",\"datePublished\":\"2021-12-17T10:38:41+00:00\",\"dateModified\":\"2023-01-05T09:13:32+00:00\",\"breadcrumb\":{\"@id\":\"https:\/\/www.paucostafoundation.org\/en\/producto\/litografia-conmemorativa-horta10\/#breadcrumb\"},\"inLanguage\":\"en-US\",\"potentialAction\":[{\"@type\":\"ReadAction\",\"target\":[\"https:\/\/www.paucostafoundation.org\/en\/producto\/litografia-conmemorativa-horta10\/\"]}]},{\"@type\":\"ImageObject\",\"inLanguage\":\"en-US\",\"@id\":\"https:\/\/www.paucostafoundation.org\/en\/producto\/litografia-conmemorativa-horta10\/#primaryimage\",\"url\":\"https:\/\/www.paucostafoundation.org\/wp-content\/uploads\/2021\/12\/mock-up-litografia.png\",\"contentUrl\":\"https:\/\/www.paucostafoundation.org\/wp-content\/uploads\/2021\/12\/mock-up-litografia.png\",\"width\":5000,\"height\":3337},{\"@type\":\"BreadcrumbList\",\"@id\":\"https:\/\/www.paucostafoundation.org\/en\/producto\/litografia-conmemorativa-horta10\/#breadcrumb\",\"itemListElement\":[{\"@type\":\"ListItem\",\"position\":1,\"name\":\"Inicio\",\"item\":\"https:\/\/www.paucostafoundation.org\/en\/\"},{\"@type\":\"ListItem\",\"position\":2,\"name\":\"Shop\",\"item\":\"https:\/\/www.paucostafoundation.org\/en\/shop\/\"},{\"@type\":\"ListItem\",\"position\":3,\"name\":\"Lithograph commemorating Horta10\"}]},{\"@type\":\"WebSite\",\"@id\":\"https:\/\/www.paucostafoundation.org\/en\/#website\",\"url\":\"https:\/\/www.paucostafoundation.org\/en\/\",\"name\":\"Pau Costa Foundation\",\"description\":\"CONCIENCIA E INVESTIGA LOS INCENDIOS FORESTALES\",\"publisher\":{\"@id\":\"https:\/\/www.paucostafoundation.org\/en\/#organization\"},\"potentialAction\":[{\"@type\":\"SearchAction\",\"target\":{\"@type\":\"EntryPoint\",\"urlTemplate\":\"https:\/\/www.paucostafoundation.org\/en\/?s={search_term_string}\"},\"query-input\":{\"@type\":\"PropertyValueSpecification\",\"valueRequired\":true,\"valueName\":\"search_term_string\"}}],\"inLanguage\":\"en-US\"},{\"@type\":\"Organization\",\"@id\":\"https:\/\/www.paucostafoundation.org\/en\/#organization\",\"name\":\"Pau Costa Foundation\",\"url\":\"https:\/\/www.paucostafoundation.org\/en\/\",\"logo\":{\"@type\":\"ImageObject\",\"inLanguage\":\"en-US\",\"@id\":\"https:\/\/www.paucostafoundation.org\/en\/#\/schema\/logo\/image\/\",\"url\":\"https:\/\/paucostafoundation.digitalnature.es\/wp-content\/uploads\/2021\/06\/logo.png\",\"contentUrl\":\"https:\/\/paucostafoundation.digitalnature.es\/wp-content\/uploads\/2021\/06\/logo.png\",\"width\":873,\"height\":358,\"caption\":\"Pau Costa Foundation\"},\"image\":{\"@id\":\"https:\/\/www.paucostafoundation.org\/en\/#\/schema\/logo\/image\/\"}}]}<\/script>\n<!-- \/ Yoast SEO plugin. -->","yoast_head_json":{"title":"Lithograph commemorating Horta10 - Pau Costa Foundation","robots":{"index":"index","follow":"follow","max-snippet":"max-snippet:-1","max-image-preview":"max-image-preview:large","max-video-preview":"max-video-preview:-1"},"canonical":"https:\/\/www.paucostafoundation.org\/en\/producto\/litografia-conmemorativa-horta10\/","og_locale":"en_US","og_type":"article","og_title":"Lithograph commemorating Horta10 - Pau Costa Foundation","og_description":"L\u00e1mina numerada conmemorativa del 10\u00ba aniversario del incendio de Horta de Sant Joan, que rinde homenaje a los compa\u00f1eros que perdieron la vida en aquel fat\u00eddico incendio, el 21 de julio de 2009. Los beneficios que se obtengan de las ventas servir\u00e1n para sufragar los gastos de los actos de Horta10.  T\u00edtulo: Retorns  Autor: Josep Serra i Tarrag\u00f3n","og_url":"https:\/\/www.paucostafoundation.org\/en\/producto\/litografia-conmemorativa-horta10\/","og_site_name":"Pau Costa Foundation","article_modified_time":"2023-01-05T09:13:32+00:00","og_image":[{"width":1024,"height":683,"url":"https:\/\/www.paucostafoundation.org\/wp-content\/uploads\/2021\/12\/mock-up-litografia-1024x683.png","type":"image\/png"}],"twitter_card":"summary_large_image","twitter_misc":{"Est. reading time":"1 minute"},"schema":{"@context":"https:\/\/schema.org","@graph":[{"@type":"WebPage","@id":"https:\/\/www.paucostafoundation.org\/en\/producto\/litografia-conmemorativa-horta10\/","url":"https:\/\/www.paucostafoundation.org\/en\/producto\/litografia-conmemorativa-horta10\/","name":"Lithograph commemorating Horta10 - Pau Costa Foundation","isPartOf":{"@id":"https:\/\/www.paucostafoundation.org\/en\/#website"},"primaryImageOfPage":{"@id":"https:\/\/www.paucostafoundation.org\/en\/producto\/litografia-conmemorativa-horta10\/#primaryimage"},"image":{"@id":"https:\/\/www.paucostafoundation.org\/en\/producto\/litografia-conmemorativa-horta10\/#primaryimage"},"thumbnailUrl":"https:\/\/www.paucostafoundation.org\/wp-content\/uploads\/2021\/12\/mock-up-litografia.png","datePublished":"2021-12-17T10:38:41+00:00","dateModified":"2023-01-05T09:13:32+00:00","breadcrumb":{"@id":"https:\/\/www.paucostafoundation.org\/en\/producto\/litografia-conmemorativa-horta10\/#breadcrumb"},"inLanguage":"en-US","potentialAction":[{"@type":"ReadAction","target":["https:\/\/www.paucostafoundation.org\/en\/producto\/litografia-conmemorativa-horta10\/"]}]},{"@type":"ImageObject","inLanguage":"en-US","@id":"https:\/\/www.paucostafoundation.org\/en\/producto\/litografia-conmemorativa-horta10\/#primaryimage","url":"https:\/\/www.paucostafoundation.org\/wp-content\/uploads\/2021\/12\/mock-up-litografia.png","contentUrl":"https:\/\/www.paucostafoundation.org\/wp-content\/uploads\/2021\/12\/mock-up-litografia.png","width":5000,"height":3337},{"@type":"BreadcrumbList","@id":"https:\/\/www.paucostafoundation.org\/en\/producto\/litografia-conmemorativa-horta10\/#breadcrumb","itemListElement":[{"@type":"ListItem","position":1,"name":"Inicio","item":"https:\/\/www.paucostafoundation.org\/en\/"},{"@type":"ListItem","position":2,"name":"Shop","item":"https:\/\/www.paucostafoundation.org\/en\/shop\/"},{"@type":"ListItem","position":3,"name":"Lithograph commemorating Horta10"}]},{"@type":"WebSite","@id":"https:\/\/www.paucostafoundation.org\/en\/#website","url":"https:\/\/www.paucostafoundation.org\/en\/","name":"Pau Costa Foundation","description":"CONCIENCIA E INVESTIGA LOS INCENDIOS FORESTALES","publisher":{"@id":"https:\/\/www.paucostafoundation.org\/en\/#organization"},"potentialAction":[{"@type":"SearchAction","target":{"@type":"EntryPoint","urlTemplate":"https:\/\/www.paucostafoundation.org\/en\/?s={search_term_string}"},"query-input":{"@type":"PropertyValueSpecification","valueRequired":true,"valueName":"search_term_string"}}],"inLanguage":"en-US"},{"@type":"Organization","@id":"https:\/\/www.paucostafoundation.org\/en\/#organization","name":"Pau Costa Foundation","url":"https:\/\/www.paucostafoundation.org\/en\/","logo":{"@type":"ImageObject","inLanguage":"en-US","@id":"https:\/\/www.paucostafoundation.org\/en\/#\/schema\/logo\/image\/","url":"https:\/\/paucostafoundation.digitalnature.es\/wp-content\/uploads\/2021\/06\/logo.png","contentUrl":"https:\/\/paucostafoundation.digitalnature.es\/wp-content\/uploads\/2021\/06\/logo.png","width":873,"height":358,"caption":"Pau Costa Foundation"},"image":{"@id":"https:\/\/www.paucostafoundation.org\/en\/#\/schema\/logo\/image\/"}}]}},"_links":{"self":[{"href":"https:\/\/www.paucostafoundation.org\/en\/wp-json\/wp\/v2\/product\/9520","targetHints":{"allow":["GET"]}}],"collection":[{"href":"https:\/\/www.paucostafoundation.org\/en\/wp-json\/wp\/v2\/product"}],"about":[{"href":"https:\/\/www.paucostafoundation.org\/en\/wp-json\/wp\/v2\/types\/product"}],"replies":[{"embeddable":true,"href":"https:\/\/www.paucostafoundation.org\/en\/wp-json\/wp\/v2\/comments?post=9520"}],"wp:featuredmedia":[{"embeddable":true,"href":"https:\/\/www.paucostafoundation.org\/en\/wp-json\/wp\/v2\/media\/6818"}],"wp:attachment":[{"href":"https:\/\/www.paucostafoundation.org\/en\/wp-json\/wp\/v2\/media?parent=9520"}],"wp:term":[{"taxonomy":"product_brand","embeddable":true,"href":"https:\/\/www.paucostafoundation.org\/en\/wp-json\/wp\/v2\/product_brand?post=9520"},{"taxonomy":"product_cat","embeddable":true,"href":"https:\/\/www.paucostafoundation.org\/en\/wp-json\/wp\/v2\/product_cat?post=9520"},{"taxonomy":"product_tag","embeddable":true,"href":"https:\/\/www.paucostafoundation.org\/en\/wp-json\/wp\/v2\/product_tag?post=9520"}],"curies":[{"name":"wp","href":"https:\/\/api.w.org\/{rel}","templated":true}]}}