{"id":16537,"date":"2024-05-21T15:14:03","date_gmt":"2024-05-21T15:14:03","guid":{"rendered":"https:\/\/www.paucostafoundation.org\/?page_id=16537"},"modified":"2024-05-21T15:54:58","modified_gmt":"2024-05-21T15:54:58","slug":"jornadas-tecnicas-de-toledo","status":"publish","type":"page","link":"https:\/\/www.paucostafoundation.org\/en\/jornadas-tecnicas-de-toledo\/","title":{"rendered":"Technical sessions of Toledo"},"content":{"rendered":"\t\t<div data-elementor-type=\"wp-page\" data-elementor-id=\"16537\" class=\"elementor elementor-16537 elementor-16191\" data-elementor-post-type=\"page\">\n\t\t\t\t\t\t<section class=\"elementor-section elementor-top-section elementor-element elementor-element-633b9a8 elementor-section-full_width elementor-section-height-min-height elementor-section-height-default elementor-section-items-middle\" data-id=\"633b9a8\" data-element_type=\"section\" data-settings=\"{&quot;background_background&quot;:&quot;classic&quot;}\">\n\t\t\t\t\t\t<div class=\"elementor-container elementor-column-gap-default\">\n\t\t\t\t\t<div class=\"elementor-column elementor-col-100 elementor-top-column elementor-element elementor-element-b3b0161\" data-id=\"b3b0161\" data-element_type=\"column\">\n\t\t\t<div class=\"elementor-widget-wrap\">\n\t\t\t\t\t\t\t<\/div>\n\t\t<\/div>\n\t\t\t\t\t<\/div>\n\t\t<\/section>\n\t\t\t\t<section class=\"elementor-section elementor-top-section elementor-element elementor-element-4af116c0 elementor-section-boxed elementor-section-height-default elementor-section-height-default\" data-id=\"4af116c0\" data-element_type=\"section\">\n\t\t\t\t\t\t<div class=\"elementor-container elementor-column-gap-default\">\n\t\t\t\t\t<div class=\"elementor-column elementor-col-100 elementor-top-column elementor-element elementor-element-475aff66\" data-id=\"475aff66\" data-element_type=\"column\">\n\t\t\t<div class=\"elementor-widget-wrap elementor-element-populated\">\n\t\t\t\t\t\t<div class=\"elementor-element elementor-element-13718297 elementor-widget elementor-widget-text-editor\" data-id=\"13718297\" data-element_type=\"widget\" data-widget_type=\"text-editor.default\">\n\t\t\t\t<div class=\"elementor-widget-container\">\n\t\t\t\t\t\t\t<p><strong>Wildfires<\/strong> are one of the greatest threats to the <strong>natural resources<\/strong> of our country, but they also pose a problem with connotations of <strong>civil protection<\/strong> and social alarm that the responsible administrations are obliged to address and solve. On these occasions, the necessary greater preparation and training of professionals and greater investment in prevention and suppression means and infrastructure is not enough.<\/p>\n<p>Bearing this in mind, the <strong>Regional Government of Castilla-la Mancha<\/strong> decided to promote a Conference to generate spaces for debate for professionals from all sectors involved in the management and management of emergencies related to wildfires. Thanks to the sponsorship of Red El\u00e9ctrica (REE) and with the organizational support of the Pau Costa Foundation, in 2014 the first edition of the Technical sessions of Toledo was held.<\/p>\n<h2 class=\"wp-block-heading\">Editions<\/h2>\n<ul>\n<li style=\"list-style-type: none;\">\n<ul>\n<li><a href=\"https:\/\/www.paucostafoundation.org\/viii-jornadas-tecnicas-de-incendios-forestales-y-premios-internacionales-de-incendios-forestales\/\">VIII Jornadas T\u00e9cnicas de Incendios Forestales &#8211; Incendios Forestales: un riesgo global (21 y 22 de noviembre, 2023)<\/a> | <a href=\"https:\/\/www.paucostafoundation.org\/wp-content\/uploads\/2023\/11\/Jornadas-Prevencion-IIFF-2023_programa_preliminar_ponentes_v8_final..pdf\"><strong><mark class=\"has-inline-color has-luminous-vivid-orange-color\" style=\"background-color: rgba(0, 0, 0, 0);\">Programme<\/mark><\/strong><\/a> | <a href=\"https:\/\/www.paucostafoundation.org\/wp-content\/uploads\/2023\/11\/Toledo_2023_201123-d-2.pdf\"><strong><mark class=\"has-inline-color has-luminous-vivid-orange-color\" style=\"background-color: rgba(0, 0, 0, 0);\">Presentations<\/mark><\/strong><\/a> | <a href=\"https:\/\/www.youtube.com\/playlist?list=PLg9vWkdCUr2nmcGWhdCEiMLNd7tg9sZv3\"><strong><mark class=\"has-inline-color has-luminous-vivid-orange-color\" style=\"background-color: rgba(0, 0, 0, 0);\">Videos<\/mark><\/strong><\/a><\/li>\n<\/ul>\n<\/li>\n<\/ul>\n<ul>\n<li style=\"list-style-type: none;\">\n<ul>\n<li><a href=\"https:\/\/www.paucostafoundation.org\/vii-jornadas-tecnicas-de-incendios-forestales-los-incendios-del-proximo-decenio\/\">VII Jornadas T\u00e9cnicas de Incendios Forestales-Los incendios del pr\u00f3ximo decenio (14 y 15 de diciembre, 2022)<\/a> | <a href=\"https:\/\/www.paucostafoundation.org\/wp-content\/uploads\/2022\/12\/Programa-Toledo-2022.pdf\" target=\"_blank\" rel=\"noreferrer noopener\"><strong><mark class=\"has-inline-color has-luminous-vivid-orange-color\" style=\"background-color: rgba(0, 0, 0, 0);\">Programme<\/mark><\/strong><\/a> | <strong><a href=\"https:\/\/www.paucostafoundation.org\/wp-content\/uploads\/2023\/01\/PRESENTACIONES-TOLEDO.pdf\" target=\"_blank\" rel=\"noreferrer noopener\"><mark class=\"has-inline-color has-luminous-vivid-orange-color\" style=\"background-color: rgba(0, 0, 0, 0);\">Presentations<\/mark><\/a><\/strong> | <strong><a href=\"https:\/\/www.paucostafoundation.org\/wp-content\/uploads\/2022\/12\/Resumenes-Trabajos.pdf\" target=\"_blank\" rel=\"noreferrer noopener\"><mark class=\"has-inline-color has-luminous-vivid-orange-color\" style=\"background-color: rgba(0, 0, 0, 0);\">Works abstracts<\/mark><\/a><\/strong> | <a href=\"https:\/\/www.youtube.com\/playlist?list=PLg9vWkdCUr2mFgrrk-KIVTQWJ8k6y9NTJ\" target=\"_blank\" rel=\"noreferrer noopener\"><strong><mark class=\"has-inline-color has-luminous-vivid-orange-color\" style=\"background-color: rgba(0, 0, 0, 0);\">Videos<\/mark><\/strong><\/a><\/li>\n<\/ul>\n<\/li>\n<\/ul>\n<ul>\n<li style=\"list-style-type: none;\">\n<ul>\n<li>VI Jornadas T\u00e9cnicas (Online) (2021) | <a href=\"https:\/\/www.paucostafoundation.org\/wp-content\/uploads\/2023\/01\/VI-Jornadas-Toledo.pdf\" target=\"_blank\" rel=\"noreferrer noopener\"><strong><mark class=\"has-inline-color has-luminous-vivid-orange-color\" style=\"background-color: rgba(0, 0, 0, 0);\">Programme<\/mark><\/strong><\/a> | <a href=\"https:\/\/www.youtube.com\/watch?v=pe6mXYXxa0c&amp;list=PLg9vWkdCUr2kOEYgN2IBstYMzk0nTOFuZ\" target=\"_blank\" rel=\"noreferrer noopener\"><strong><mark class=\"has-inline-color has-luminous-vivid-orange-color\" style=\"background-color: rgba(0, 0, 0, 0);\">Videos<\/mark><\/strong><\/a><\/li>\n<\/ul>\n<\/li>\n<\/ul>\n<ul>\n<li style=\"list-style-type: none;\">\n<ul>\n<li>V Jornadas T\u00e9cnicas \u2013 La Prevenci\u00f3n de incendios forestales. Percepci\u00f3n social\u00a0(2018) | <a href=\"https:\/\/www.paucostafoundation.org\/wp-content\/uploads\/2023\/01\/V-Jornadas-Toledo.pdf\" target=\"_blank\" rel=\"noreferrer noopener\"><strong><mark class=\"has-inline-color has-luminous-vivid-orange-color\" style=\"background-color: rgba(0, 0, 0, 0);\">Programme<\/mark><\/strong><\/a> | <a href=\"https:\/\/www.youtube.com\/watch?v=lfwVdrgx-7U&amp;list=PLg9vWkdCUr2kFz699onQjD-hYXVWj2DeE\" target=\"_blank\" rel=\"noreferrer noopener\"><strong><mark class=\"has-inline-color has-luminous-vivid-orange-color\" style=\"background-color: rgba(0, 0, 0, 0);\">Videos<\/mark><\/strong><\/a><\/li>\n<\/ul>\n<\/li>\n<\/ul>\n<ul>\n<li style=\"list-style-type: none;\">\n<ul>\n<li>IV Jornadas T\u00e9cnicas \u2013 El Factor Humano en la Gesti\u00f3n de los Incendios Forestales: \u00c9tica, Valores y Compromiso en las organizaciones\u00a0(2017) | <a href=\"https:\/\/www.paucostafoundation.org\/wp-content\/uploads\/2023\/01\/IV-Jornadas-Toledo.pdf\" target=\"_blank\" rel=\"noreferrer noopener\"><strong><mark class=\"has-inline-color has-luminous-vivid-orange-color\" style=\"background-color: rgba(0, 0, 0, 0);\">Programme<\/mark><\/strong><\/a> | <a href=\"https:\/\/www.youtube.com\/watch?v=cWLU16zgUtU&amp;list=PLg9vWkdCUr2kQNjdsDGT-Ghs4bzSEnkx6\" target=\"_blank\" rel=\"noreferrer noopener\"><strong><mark class=\"has-inline-color has-luminous-vivid-orange-color\" style=\"background-color: rgba(0, 0, 0, 0);\">Videos<\/mark><\/strong><\/a><\/li>\n<\/ul>\n<\/li>\n<\/ul>\n<ul>\n<li style=\"list-style-type: none;\">\n<ul>\n<li>III Jornadas T\u00e9cnicas \u2013 Las Nuevas Tecnolog\u00edas en la Gesti\u00f3n del Fen\u00f3meno de las Grandes Emergencias\u00a0(2016) | <a href=\"https:\/\/www.paucostafoundation.org\/wp-content\/uploads\/2023\/01\/III-Jornadas-Toledo.pdf\" target=\"_blank\" rel=\"noreferrer noopener\"><strong><mark class=\"has-inline-color has-luminous-vivid-orange-color\" style=\"background-color: rgba(0, 0, 0, 0);\">Programme<\/mark><\/strong><\/a><\/li>\n<\/ul>\n<\/li>\n<\/ul>\n<ul>\n<li style=\"list-style-type: none;\">\n<ul>\n<li>II Jornadas T\u00e9cnicas \u2013 Seguridad en operaciones de extinci\u00f3n de incendios forestales\u00a0(2015) | <a href=\"https:\/\/www.paucostafoundation.org\/wp-content\/uploads\/2023\/01\/II-Jornadas-Toledo.pdf\" target=\"_blank\" rel=\"noreferrer noopener\"><strong><mark class=\"has-inline-color has-luminous-vivid-orange-color\" style=\"background-color: rgba(0, 0, 0, 0);\">Programme<\/mark><\/strong><\/a><\/li>\n<\/ul>\n<\/li>\n<\/ul>\n<ul>\n<li style=\"list-style-type: none;\">\n<ul>\n<li>I Jornadas T\u00e9cnicas \u2013 Incendios Forestales en entornos de Interfaz Rural y Educaci\u00f3n Ambiental\u00a0(2014) | <a href=\"https:\/\/www.paucostafoundation.org\/wp-content\/uploads\/2023\/01\/I-Jornadas-Toledo.pdf\" target=\"_blank\" rel=\"noreferrer noopener\"><strong><mark class=\"has-inline-color has-luminous-vivid-orange-color\" style=\"background-color: rgba(0, 0, 0, 0);\">Programme<\/mark><\/strong><\/a><\/li>\n<\/ul>\n<\/li>\n<\/ul>\t\t\t\t\t\t<\/div>\n\t\t\t\t<\/div>\n\t\t\t\t\t<\/div>\n\t\t<\/div>\n\t\t\t\t\t<\/div>\n\t\t<\/section>\n\t\t\t\t<\/div>\n\t\t","protected":false},"excerpt":{"rendered":"<p>Wildfires are one of the greatest threats to the natural resources of our country, but they also pose a problem with connotations of civil protection and social alarm that the responsible administrations are obliged to address and solve. On these occasions, the necessary greater preparation and training of professionals and greater investment in prevention and [&hellip;]<\/p>\n","protected":false},"author":12,"featured_media":16266,"parent":0,"menu_order":0,"comment_status":"closed","ping_status":"closed","template":"","meta":{"_acf_changed":false,"give_campaign_id":0,"footnotes":""},"class_list":["post-16537","page","type-page","status-publish","has-post-thumbnail","hentry"],"acf":[],"yoast_head":"<!-- This site is optimized with the Yoast SEO plugin v26.3 - https:\/\/yoast.com\/wordpress\/plugins\/seo\/ -->\n<title>Technical sessions of Toledo<\/title>\n<meta name=\"robots\" content=\"index, follow, max-snippet:-1, max-image-preview:large, max-video-preview:-1\" \/>\n<link rel=\"canonical\" href=\"https:\/\/www.paucostafoundation.org\/en\/jornadas-tecnicas-de-toledo\/\" \/>\n<meta property=\"og:locale\" content=\"en_US\" \/>\n<meta property=\"og:type\" content=\"article\" \/>\n<meta property=\"og:title\" content=\"Technical sessions of Toledo\" \/>\n<meta property=\"og:description\" content=\"Wildfires are one of the greatest threats to the natural resources of our country, but they also pose a problem with connotations of civil protection and social alarm that the responsible administrations are obliged to address and solve. On these occasions, the necessary greater preparation and training of professionals and greater investment in prevention and [&hellip;]\" \/>\n<meta property=\"og:url\" content=\"https:\/\/www.paucostafoundation.org\/en\/jornadas-tecnicas-de-toledo\/\" \/>\n<meta property=\"og:site_name\" content=\"Pau Costa Foundation\" \/>\n<meta property=\"article:modified_time\" content=\"2024-05-21T15:54:58+00:00\" \/>\n<meta property=\"og:image\" content=\"https:\/\/www.paucostafoundation.org\/wp-content\/uploads\/2024\/05\/jornadas-toledo-B.jpg\" \/>\n\t<meta property=\"og:image:width\" content=\"1\" \/>\n\t<meta property=\"og:image:height\" content=\"1\" \/>\n\t<meta property=\"og:image:type\" content=\"image\/jpeg\" \/>\n<meta name=\"twitter:card\" content=\"summary_large_image\" \/>\n<meta name=\"twitter:label1\" content=\"Est. reading time\" \/>\n\t<meta name=\"twitter:data1\" content=\"2 minutes\" \/>\n<script type=\"application\/ld+json\" class=\"yoast-schema-graph\">{\"@context\":\"https:\/\/schema.org\",\"@graph\":[{\"@type\":\"WebPage\",\"@id\":\"https:\/\/www.paucostafoundation.org\/en\/jornadas-tecnicas-de-toledo\/\",\"url\":\"https:\/\/www.paucostafoundation.org\/en\/jornadas-tecnicas-de-toledo\/\",\"name\":\"Technical sessions of Toledo\",\"isPartOf\":{\"@id\":\"https:\/\/www.paucostafoundation.org\/en\/#website\"},\"primaryImageOfPage\":{\"@id\":\"https:\/\/www.paucostafoundation.org\/en\/jornadas-tecnicas-de-toledo\/#primaryimage\"},\"image\":{\"@id\":\"https:\/\/www.paucostafoundation.org\/en\/jornadas-tecnicas-de-toledo\/#primaryimage\"},\"thumbnailUrl\":\"https:\/\/www.paucostafoundation.org\/wp-content\/uploads\/2024\/05\/jornadas-toledo-B.jpg\",\"datePublished\":\"2024-05-21T15:14:03+00:00\",\"dateModified\":\"2024-05-21T15:54:58+00:00\",\"breadcrumb\":{\"@id\":\"https:\/\/www.paucostafoundation.org\/en\/jornadas-tecnicas-de-toledo\/#breadcrumb\"},\"inLanguage\":\"en-US\",\"potentialAction\":[{\"@type\":\"ReadAction\",\"target\":[\"https:\/\/www.paucostafoundation.org\/en\/jornadas-tecnicas-de-toledo\/\"]}]},{\"@type\":\"ImageObject\",\"inLanguage\":\"en-US\",\"@id\":\"https:\/\/www.paucostafoundation.org\/en\/jornadas-tecnicas-de-toledo\/#primaryimage\",\"url\":\"https:\/\/www.paucostafoundation.org\/wp-content\/uploads\/2024\/05\/jornadas-toledo-B.jpg\",\"contentUrl\":\"https:\/\/www.paucostafoundation.org\/wp-content\/uploads\/2024\/05\/jornadas-toledo-B.jpg\"},{\"@type\":\"BreadcrumbList\",\"@id\":\"https:\/\/www.paucostafoundation.org\/en\/jornadas-tecnicas-de-toledo\/#breadcrumb\",\"itemListElement\":[{\"@type\":\"ListItem\",\"position\":1,\"name\":\"Inicio\",\"item\":\"https:\/\/www.paucostafoundation.org\/en\/\"},{\"@type\":\"ListItem\",\"position\":2,\"name\":\"Technical sessions of Toledo\"}]},{\"@type\":\"WebSite\",\"@id\":\"https:\/\/www.paucostafoundation.org\/en\/#website\",\"url\":\"https:\/\/www.paucostafoundation.org\/en\/\",\"name\":\"Pau Costa Foundation\",\"description\":\"CONCIENCIA E INVESTIGA LOS INCENDIOS FORESTALES\",\"publisher\":{\"@id\":\"https:\/\/www.paucostafoundation.org\/en\/#organization\"},\"potentialAction\":[{\"@type\":\"SearchAction\",\"target\":{\"@type\":\"EntryPoint\",\"urlTemplate\":\"https:\/\/www.paucostafoundation.org\/en\/?s={search_term_string}\"},\"query-input\":{\"@type\":\"PropertyValueSpecification\",\"valueRequired\":true,\"valueName\":\"search_term_string\"}}],\"inLanguage\":\"en-US\"},{\"@type\":\"Organization\",\"@id\":\"https:\/\/www.paucostafoundation.org\/en\/#organization\",\"name\":\"Pau Costa Foundation\",\"url\":\"https:\/\/www.paucostafoundation.org\/en\/\",\"logo\":{\"@type\":\"ImageObject\",\"inLanguage\":\"en-US\",\"@id\":\"https:\/\/www.paucostafoundation.org\/en\/#\/schema\/logo\/image\/\",\"url\":\"https:\/\/paucostafoundation.digitalnature.es\/wp-content\/uploads\/2021\/06\/logo.png\",\"contentUrl\":\"https:\/\/paucostafoundation.digitalnature.es\/wp-content\/uploads\/2021\/06\/logo.png\",\"width\":873,\"height\":358,\"caption\":\"Pau Costa Foundation\"},\"image\":{\"@id\":\"https:\/\/www.paucostafoundation.org\/en\/#\/schema\/logo\/image\/\"}}]}<\/script>\n<!-- \/ Yoast SEO plugin. -->","yoast_head_json":{"title":"Technical sessions of Toledo","robots":{"index":"index","follow":"follow","max-snippet":"max-snippet:-1","max-image-preview":"max-image-preview:large","max-video-preview":"max-video-preview:-1"},"canonical":"https:\/\/www.paucostafoundation.org\/en\/jornadas-tecnicas-de-toledo\/","og_locale":"en_US","og_type":"article","og_title":"Technical sessions of Toledo","og_description":"Wildfires are one of the greatest threats to the natural resources of our country, but they also pose a problem with connotations of civil protection and social alarm that the responsible administrations are obliged to address and solve. On these occasions, the necessary greater preparation and training of professionals and greater investment in prevention and [&hellip;]","og_url":"https:\/\/www.paucostafoundation.org\/en\/jornadas-tecnicas-de-toledo\/","og_site_name":"Pau Costa Foundation","article_modified_time":"2024-05-21T15:54:58+00:00","og_image":[{"url":"https:\/\/www.paucostafoundation.org\/wp-content\/uploads\/2024\/05\/jornadas-toledo-B.jpg","width":1,"height":1,"type":"image\/jpeg"}],"twitter_card":"summary_large_image","twitter_misc":{"Est. reading time":"2 minutes"},"schema":{"@context":"https:\/\/schema.org","@graph":[{"@type":"WebPage","@id":"https:\/\/www.paucostafoundation.org\/en\/jornadas-tecnicas-de-toledo\/","url":"https:\/\/www.paucostafoundation.org\/en\/jornadas-tecnicas-de-toledo\/","name":"Technical sessions of Toledo","isPartOf":{"@id":"https:\/\/www.paucostafoundation.org\/en\/#website"},"primaryImageOfPage":{"@id":"https:\/\/www.paucostafoundation.org\/en\/jornadas-tecnicas-de-toledo\/#primaryimage"},"image":{"@id":"https:\/\/www.paucostafoundation.org\/en\/jornadas-tecnicas-de-toledo\/#primaryimage"},"thumbnailUrl":"https:\/\/www.paucostafoundation.org\/wp-content\/uploads\/2024\/05\/jornadas-toledo-B.jpg","datePublished":"2024-05-21T15:14:03+00:00","dateModified":"2024-05-21T15:54:58+00:00","breadcrumb":{"@id":"https:\/\/www.paucostafoundation.org\/en\/jornadas-tecnicas-de-toledo\/#breadcrumb"},"inLanguage":"en-US","potentialAction":[{"@type":"ReadAction","target":["https:\/\/www.paucostafoundation.org\/en\/jornadas-tecnicas-de-toledo\/"]}]},{"@type":"ImageObject","inLanguage":"en-US","@id":"https:\/\/www.paucostafoundation.org\/en\/jornadas-tecnicas-de-toledo\/#primaryimage","url":"https:\/\/www.paucostafoundation.org\/wp-content\/uploads\/2024\/05\/jornadas-toledo-B.jpg","contentUrl":"https:\/\/www.paucostafoundation.org\/wp-content\/uploads\/2024\/05\/jornadas-toledo-B.jpg"},{"@type":"BreadcrumbList","@id":"https:\/\/www.paucostafoundation.org\/en\/jornadas-tecnicas-de-toledo\/#breadcrumb","itemListElement":[{"@type":"ListItem","position":1,"name":"Inicio","item":"https:\/\/www.paucostafoundation.org\/en\/"},{"@type":"ListItem","position":2,"name":"Technical sessions of Toledo"}]},{"@type":"WebSite","@id":"https:\/\/www.paucostafoundation.org\/en\/#website","url":"https:\/\/www.paucostafoundation.org\/en\/","name":"Pau Costa Foundation","description":"CONCIENCIA E INVESTIGA LOS INCENDIOS FORESTALES","publisher":{"@id":"https:\/\/www.paucostafoundation.org\/en\/#organization"},"potentialAction":[{"@type":"SearchAction","target":{"@type":"EntryPoint","urlTemplate":"https:\/\/www.paucostafoundation.org\/en\/?s={search_term_string}"},"query-input":{"@type":"PropertyValueSpecification","valueRequired":true,"valueName":"search_term_string"}}],"inLanguage":"en-US"},{"@type":"Organization","@id":"https:\/\/www.paucostafoundation.org\/en\/#organization","name":"Pau Costa Foundation","url":"https:\/\/www.paucostafoundation.org\/en\/","logo":{"@type":"ImageObject","inLanguage":"en-US","@id":"https:\/\/www.paucostafoundation.org\/en\/#\/schema\/logo\/image\/","url":"https:\/\/paucostafoundation.digitalnature.es\/wp-content\/uploads\/2021\/06\/logo.png","contentUrl":"https:\/\/paucostafoundation.digitalnature.es\/wp-content\/uploads\/2021\/06\/logo.png","width":873,"height":358,"caption":"Pau Costa Foundation"},"image":{"@id":"https:\/\/www.paucostafoundation.org\/en\/#\/schema\/logo\/image\/"}}]}},"campaignId":"","_links":{"self":[{"href":"https:\/\/www.paucostafoundation.org\/en\/wp-json\/wp\/v2\/pages\/16537","targetHints":{"allow":["GET"]}}],"collection":[{"href":"https:\/\/www.paucostafoundation.org\/en\/wp-json\/wp\/v2\/pages"}],"about":[{"href":"https:\/\/www.paucostafoundation.org\/en\/wp-json\/wp\/v2\/types\/page"}],"author":[{"embeddable":true,"href":"https:\/\/www.paucostafoundation.org\/en\/wp-json\/wp\/v2\/users\/12"}],"replies":[{"embeddable":true,"href":"https:\/\/www.paucostafoundation.org\/en\/wp-json\/wp\/v2\/comments?post=16537"}],"version-history":[{"count":8,"href":"https:\/\/www.paucostafoundation.org\/en\/wp-json\/wp\/v2\/pages\/16537\/revisions"}],"predecessor-version":[{"id":16547,"href":"https:\/\/www.paucostafoundation.org\/en\/wp-json\/wp\/v2\/pages\/16537\/revisions\/16547"}],"wp:featuredmedia":[{"embeddable":true,"href":"https:\/\/www.paucostafoundation.org\/en\/wp-json\/wp\/v2\/media\/16266"}],"wp:attachment":[{"href":"https:\/\/www.paucostafoundation.org\/en\/wp-json\/wp\/v2\/media?parent=16537"}],"curies":[{"name":"wp","href":"https:\/\/api.w.org\/{rel}","templated":true}]}}