{"id":16535,"date":"2024-05-21T14:48:43","date_gmt":"2024-05-21T14:48:43","guid":{"rendered":"https:\/\/www.paucostafoundation.org\/?page_id=16535"},"modified":"2024-05-21T14:48:44","modified_gmt":"2024-05-21T14:48:44","slug":"fire-ecology-across-boundaries","status":"publish","type":"page","link":"https:\/\/www.paucostafoundation.org\/en\/fire-ecology-across-boundaries\/","title":{"rendered":"Fire Ecology Across Boundaries"},"content":{"rendered":"\t\t<div data-elementor-type=\"wp-page\" data-elementor-id=\"16535\" class=\"elementor elementor-16535 elementor-16199\" data-elementor-post-type=\"page\">\n\t\t\t\t\t\t<section class=\"elementor-section elementor-top-section elementor-element elementor-element-e6fe03c elementor-section-full_width elementor-section-height-min-height elementor-section-height-default elementor-section-items-middle\" data-id=\"e6fe03c\" data-element_type=\"section\" data-settings=\"{&quot;background_background&quot;:&quot;classic&quot;}\">\n\t\t\t\t\t\t<div class=\"elementor-container elementor-column-gap-default\">\n\t\t\t\t\t<div class=\"elementor-column elementor-col-100 elementor-top-column elementor-element elementor-element-0af79d4\" data-id=\"0af79d4\" data-element_type=\"column\">\n\t\t\t<div class=\"elementor-widget-wrap\">\n\t\t\t\t\t\t\t<\/div>\n\t\t<\/div>\n\t\t\t\t\t<\/div>\n\t\t<\/section>\n\t\t\t\t<section class=\"elementor-section elementor-top-section elementor-element elementor-element-44f58c15 elementor-section-boxed elementor-section-height-default elementor-section-height-default\" data-id=\"44f58c15\" data-element_type=\"section\">\n\t\t\t\t\t\t<div class=\"elementor-container elementor-column-gap-default\">\n\t\t\t\t\t<div class=\"elementor-column elementor-col-100 elementor-top-column elementor-element elementor-element-5d4a0685\" data-id=\"5d4a0685\" data-element_type=\"column\">\n\t\t\t<div class=\"elementor-widget-wrap elementor-element-populated\">\n\t\t\t\t\t\t<div class=\"elementor-element elementor-element-2de5c9e0 elementor-widget elementor-widget-text-editor\" data-id=\"2de5c9e0\" data-element_type=\"widget\" data-widget_type=\"text-editor.default\">\n\t\t\t\t<div class=\"elementor-widget-container\">\n\t\t\t\t\t\t\t\n<p>Junto a la Fire Ecology Association (AFE) y con la colaboraci\u00f3n de Regione Toscana y la Universidad de Florencia, organizamos la conferencia &#8220;Fire Ecology Across Boundaries&#8221; en Florencia, del 4 al 7 de octubre de 2022.  Combinando el formato presencial y <em>online<\/em>, y con traducci\u00f3n simult\u00e1nea al ingl\u00e9s, espa\u00f1ol e italiano, la conferencia fue un punto de reuni\u00f3n de representantes de los diferentes sectores involucrados en la gesti\u00f3n de los incendios forestales a nivel internacional. El conjunto de seminarios, presentaciones orales y talleres se llevaron a cano en el marco de ejes tem\u00e1ticos como paisajes resilientes y acci\u00f3n comunitaria; uso tradicional del fuego; educaci\u00f3n; o \u00faltimos avances en el campo de la ecolog\u00eda del fuego.<\/p>\n\n\n\n<p>M\u00e1s informaci\u00f3n en la p\u00e1gina web de la conferencia: <a href=\"https:\/\/fireacrossboundaries.org\/\">https:\/\/fireacrossboundaries.org\/<\/a><\/p>\n\n\n\n<p>Consulta el resumen de la conferencia en formato <em>story map<\/em> con acceso a las presentaciones y recursos audiovisuales: <a href=\"https:\/\/arcg.is\/1j80qX0\">https:\/\/arcg.is\/1j80qX0<\/a><\/p>\n\t\t\t\t\t\t<\/div>\n\t\t\t\t<\/div>\n\t\t\t\t\t<\/div>\n\t\t<\/div>\n\t\t\t\t\t<\/div>\n\t\t<\/section>\n\t\t\t\t<\/div>\n\t\t","protected":false},"excerpt":{"rendered":"<p>Together with the Association for Fire Ecology (AFE) and with the collaboration of Regione Toscana and the University of Florence, we organized the &#8220;Fire Ecology Across Boundaries&#8221; conference in Florence, from October 4 to 7, 2022. Combining the in-person and online format, and with simultaneous translation into English, Spanish and Italian, the conference was a [&hellip;]<\/p>\n","protected":false},"author":12,"featured_media":16171,"parent":0,"menu_order":0,"comment_status":"closed","ping_status":"closed","template":"","meta":{"_acf_changed":false,"give_campaign_id":0,"footnotes":""},"class_list":["post-16535","page","type-page","status-publish","has-post-thumbnail","hentry"],"acf":[],"yoast_head":"<!-- This site is optimized with the Yoast SEO plugin v26.3 - https:\/\/yoast.com\/wordpress\/plugins\/seo\/ -->\n<title>Fire Ecology Across Boundaries<\/title>\n<meta name=\"robots\" content=\"index, follow, max-snippet:-1, max-image-preview:large, max-video-preview:-1\" \/>\n<link rel=\"canonical\" href=\"https:\/\/www.paucostafoundation.org\/en\/fire-ecology-across-boundaries\/\" \/>\n<meta property=\"og:locale\" content=\"en_US\" \/>\n<meta property=\"og:type\" content=\"article\" \/>\n<meta property=\"og:title\" content=\"Fire Ecology Across Boundaries\" \/>\n<meta property=\"og:description\" content=\"Together with the Association for Fire Ecology (AFE) and with the collaboration of Regione Toscana and the University of Florence, we organized the &#8220;Fire Ecology Across Boundaries&#8221; conference in Florence, from October 4 to 7, 2022. Combining the in-person and online format, and with simultaneous translation into English, Spanish and Italian, the conference was a [&hellip;]\" \/>\n<meta property=\"og:url\" content=\"https:\/\/www.paucostafoundation.org\/en\/fire-ecology-across-boundaries\/\" \/>\n<meta property=\"og:site_name\" content=\"Pau Costa Foundation\" \/>\n<meta property=\"article:modified_time\" content=\"2024-05-21T14:48:44+00:00\" \/>\n<meta property=\"og:image\" content=\"https:\/\/www.paucostafoundation.org\/wp-content\/uploads\/2024\/05\/banner-florencia.jpg\" \/>\n\t<meta property=\"og:image:width\" content=\"2048\" \/>\n\t<meta property=\"og:image:height\" content=\"589\" \/>\n\t<meta property=\"og:image:type\" content=\"image\/jpeg\" \/>\n<meta name=\"twitter:card\" content=\"summary_large_image\" \/>\n<meta name=\"twitter:label1\" content=\"Est. reading time\" \/>\n\t<meta name=\"twitter:data1\" content=\"1 minute\" \/>\n<script type=\"application\/ld+json\" class=\"yoast-schema-graph\">{\"@context\":\"https:\/\/schema.org\",\"@graph\":[{\"@type\":\"WebPage\",\"@id\":\"https:\/\/www.paucostafoundation.org\/en\/fire-ecology-across-boundaries\/\",\"url\":\"https:\/\/www.paucostafoundation.org\/en\/fire-ecology-across-boundaries\/\",\"name\":\"Fire Ecology Across Boundaries\",\"isPartOf\":{\"@id\":\"https:\/\/www.paucostafoundation.org\/en\/#website\"},\"primaryImageOfPage\":{\"@id\":\"https:\/\/www.paucostafoundation.org\/en\/fire-ecology-across-boundaries\/#primaryimage\"},\"image\":{\"@id\":\"https:\/\/www.paucostafoundation.org\/en\/fire-ecology-across-boundaries\/#primaryimage\"},\"thumbnailUrl\":\"https:\/\/www.paucostafoundation.org\/wp-content\/uploads\/2024\/05\/banner-florencia.jpg\",\"datePublished\":\"2024-05-21T14:48:43+00:00\",\"dateModified\":\"2024-05-21T14:48:44+00:00\",\"breadcrumb\":{\"@id\":\"https:\/\/www.paucostafoundation.org\/en\/fire-ecology-across-boundaries\/#breadcrumb\"},\"inLanguage\":\"en-US\",\"potentialAction\":[{\"@type\":\"ReadAction\",\"target\":[\"https:\/\/www.paucostafoundation.org\/en\/fire-ecology-across-boundaries\/\"]}]},{\"@type\":\"ImageObject\",\"inLanguage\":\"en-US\",\"@id\":\"https:\/\/www.paucostafoundation.org\/en\/fire-ecology-across-boundaries\/#primaryimage\",\"url\":\"https:\/\/www.paucostafoundation.org\/wp-content\/uploads\/2024\/05\/banner-florencia.jpg\",\"contentUrl\":\"https:\/\/www.paucostafoundation.org\/wp-content\/uploads\/2024\/05\/banner-florencia.jpg\",\"width\":2048,\"height\":589},{\"@type\":\"BreadcrumbList\",\"@id\":\"https:\/\/www.paucostafoundation.org\/en\/fire-ecology-across-boundaries\/#breadcrumb\",\"itemListElement\":[{\"@type\":\"ListItem\",\"position\":1,\"name\":\"Inicio\",\"item\":\"https:\/\/www.paucostafoundation.org\/en\/\"},{\"@type\":\"ListItem\",\"position\":2,\"name\":\"Fire Ecology Across Boundaries\"}]},{\"@type\":\"WebSite\",\"@id\":\"https:\/\/www.paucostafoundation.org\/en\/#website\",\"url\":\"https:\/\/www.paucostafoundation.org\/en\/\",\"name\":\"Pau Costa Foundation\",\"description\":\"CONCIENCIA E INVESTIGA LOS INCENDIOS FORESTALES\",\"publisher\":{\"@id\":\"https:\/\/www.paucostafoundation.org\/en\/#organization\"},\"potentialAction\":[{\"@type\":\"SearchAction\",\"target\":{\"@type\":\"EntryPoint\",\"urlTemplate\":\"https:\/\/www.paucostafoundation.org\/en\/?s={search_term_string}\"},\"query-input\":{\"@type\":\"PropertyValueSpecification\",\"valueRequired\":true,\"valueName\":\"search_term_string\"}}],\"inLanguage\":\"en-US\"},{\"@type\":\"Organization\",\"@id\":\"https:\/\/www.paucostafoundation.org\/en\/#organization\",\"name\":\"Pau Costa Foundation\",\"url\":\"https:\/\/www.paucostafoundation.org\/en\/\",\"logo\":{\"@type\":\"ImageObject\",\"inLanguage\":\"en-US\",\"@id\":\"https:\/\/www.paucostafoundation.org\/en\/#\/schema\/logo\/image\/\",\"url\":\"https:\/\/paucostafoundation.digitalnature.es\/wp-content\/uploads\/2021\/06\/logo.png\",\"contentUrl\":\"https:\/\/paucostafoundation.digitalnature.es\/wp-content\/uploads\/2021\/06\/logo.png\",\"width\":873,\"height\":358,\"caption\":\"Pau Costa Foundation\"},\"image\":{\"@id\":\"https:\/\/www.paucostafoundation.org\/en\/#\/schema\/logo\/image\/\"}}]}<\/script>\n<!-- \/ Yoast SEO plugin. -->","yoast_head_json":{"title":"Fire Ecology Across Boundaries","robots":{"index":"index","follow":"follow","max-snippet":"max-snippet:-1","max-image-preview":"max-image-preview:large","max-video-preview":"max-video-preview:-1"},"canonical":"https:\/\/www.paucostafoundation.org\/en\/fire-ecology-across-boundaries\/","og_locale":"en_US","og_type":"article","og_title":"Fire Ecology Across Boundaries","og_description":"Together with the Association for Fire Ecology (AFE) and with the collaboration of Regione Toscana and the University of Florence, we organized the &#8220;Fire Ecology Across Boundaries&#8221; conference in Florence, from October 4 to 7, 2022. Combining the in-person and online format, and with simultaneous translation into English, Spanish and Italian, the conference was a [&hellip;]","og_url":"https:\/\/www.paucostafoundation.org\/en\/fire-ecology-across-boundaries\/","og_site_name":"Pau Costa Foundation","article_modified_time":"2024-05-21T14:48:44+00:00","og_image":[{"width":2048,"height":589,"url":"https:\/\/www.paucostafoundation.org\/wp-content\/uploads\/2024\/05\/banner-florencia.jpg","type":"image\/jpeg"}],"twitter_card":"summary_large_image","twitter_misc":{"Est. reading time":"1 minute"},"schema":{"@context":"https:\/\/schema.org","@graph":[{"@type":"WebPage","@id":"https:\/\/www.paucostafoundation.org\/en\/fire-ecology-across-boundaries\/","url":"https:\/\/www.paucostafoundation.org\/en\/fire-ecology-across-boundaries\/","name":"Fire Ecology Across Boundaries","isPartOf":{"@id":"https:\/\/www.paucostafoundation.org\/en\/#website"},"primaryImageOfPage":{"@id":"https:\/\/www.paucostafoundation.org\/en\/fire-ecology-across-boundaries\/#primaryimage"},"image":{"@id":"https:\/\/www.paucostafoundation.org\/en\/fire-ecology-across-boundaries\/#primaryimage"},"thumbnailUrl":"https:\/\/www.paucostafoundation.org\/wp-content\/uploads\/2024\/05\/banner-florencia.jpg","datePublished":"2024-05-21T14:48:43+00:00","dateModified":"2024-05-21T14:48:44+00:00","breadcrumb":{"@id":"https:\/\/www.paucostafoundation.org\/en\/fire-ecology-across-boundaries\/#breadcrumb"},"inLanguage":"en-US","potentialAction":[{"@type":"ReadAction","target":["https:\/\/www.paucostafoundation.org\/en\/fire-ecology-across-boundaries\/"]}]},{"@type":"ImageObject","inLanguage":"en-US","@id":"https:\/\/www.paucostafoundation.org\/en\/fire-ecology-across-boundaries\/#primaryimage","url":"https:\/\/www.paucostafoundation.org\/wp-content\/uploads\/2024\/05\/banner-florencia.jpg","contentUrl":"https:\/\/www.paucostafoundation.org\/wp-content\/uploads\/2024\/05\/banner-florencia.jpg","width":2048,"height":589},{"@type":"BreadcrumbList","@id":"https:\/\/www.paucostafoundation.org\/en\/fire-ecology-across-boundaries\/#breadcrumb","itemListElement":[{"@type":"ListItem","position":1,"name":"Inicio","item":"https:\/\/www.paucostafoundation.org\/en\/"},{"@type":"ListItem","position":2,"name":"Fire Ecology Across Boundaries"}]},{"@type":"WebSite","@id":"https:\/\/www.paucostafoundation.org\/en\/#website","url":"https:\/\/www.paucostafoundation.org\/en\/","name":"Pau Costa Foundation","description":"CONCIENCIA E INVESTIGA LOS INCENDIOS FORESTALES","publisher":{"@id":"https:\/\/www.paucostafoundation.org\/en\/#organization"},"potentialAction":[{"@type":"SearchAction","target":{"@type":"EntryPoint","urlTemplate":"https:\/\/www.paucostafoundation.org\/en\/?s={search_term_string}"},"query-input":{"@type":"PropertyValueSpecification","valueRequired":true,"valueName":"search_term_string"}}],"inLanguage":"en-US"},{"@type":"Organization","@id":"https:\/\/www.paucostafoundation.org\/en\/#organization","name":"Pau Costa Foundation","url":"https:\/\/www.paucostafoundation.org\/en\/","logo":{"@type":"ImageObject","inLanguage":"en-US","@id":"https:\/\/www.paucostafoundation.org\/en\/#\/schema\/logo\/image\/","url":"https:\/\/paucostafoundation.digitalnature.es\/wp-content\/uploads\/2021\/06\/logo.png","contentUrl":"https:\/\/paucostafoundation.digitalnature.es\/wp-content\/uploads\/2021\/06\/logo.png","width":873,"height":358,"caption":"Pau Costa Foundation"},"image":{"@id":"https:\/\/www.paucostafoundation.org\/en\/#\/schema\/logo\/image\/"}}]}},"campaignId":"","_links":{"self":[{"href":"https:\/\/www.paucostafoundation.org\/en\/wp-json\/wp\/v2\/pages\/16535","targetHints":{"allow":["GET"]}}],"collection":[{"href":"https:\/\/www.paucostafoundation.org\/en\/wp-json\/wp\/v2\/pages"}],"about":[{"href":"https:\/\/www.paucostafoundation.org\/en\/wp-json\/wp\/v2\/types\/page"}],"author":[{"embeddable":true,"href":"https:\/\/www.paucostafoundation.org\/en\/wp-json\/wp\/v2\/users\/12"}],"replies":[{"embeddable":true,"href":"https:\/\/www.paucostafoundation.org\/en\/wp-json\/wp\/v2\/comments?post=16535"}],"version-history":[{"count":1,"href":"https:\/\/www.paucostafoundation.org\/en\/wp-json\/wp\/v2\/pages\/16535\/revisions"}],"predecessor-version":[{"id":16536,"href":"https:\/\/www.paucostafoundation.org\/en\/wp-json\/wp\/v2\/pages\/16535\/revisions\/16536"}],"wp:featuredmedia":[{"embeddable":true,"href":"https:\/\/www.paucostafoundation.org\/en\/wp-json\/wp\/v2\/media\/16171"}],"wp:attachment":[{"href":"https:\/\/www.paucostafoundation.org\/en\/wp-json\/wp\/v2\/media?parent=16535"}],"curies":[{"name":"wp","href":"https:\/\/api.w.org\/{rel}","templated":true}]}}