{"id":9479,"date":"2021-12-17T09:21:24","date_gmt":"2021-12-17T09:21:24","guid":{"rendered":"https:\/\/www.paucostafoundation.org\/producto\/operaciones-aereas-en-incendios-forestales\/"},"modified":"2026-03-27T17:14:48","modified_gmt":"2026-03-27T17:14:48","slug":"operaciones-aereas-en-incendios-forestales","status":"publish","type":"product","link":"https:\/\/www.paucostafoundation.org\/ca\/producto\/operaciones-aereas-en-incendios-forestales\/","title":{"rendered":"Operaciones A\u00e9reas en Incendios Forestales"},"content":{"rendered":"<p>El lector interessat en la defensa contra els incendis forestals i, en particular, els gestors de l&#8217;extinci\u00f3 d&#8217;incendis forestals i de la coordinaci\u00f3 a\u00e8ria, trobaran ineludible la lectura d&#8217;aquest llibre, atesa la informaci\u00f3 \u00e0mplia i valuosa que cont\u00e9, no divulgada de forma tan exhaustiva fins ara a la literatura. El llibre recull la hist\u00f2ria de l&#8217;\u00fas de mitjans aeris per a l&#8217;extinci\u00f3 d&#8217;incendis a Espanya, els condicionants i les caracter\u00edstiques del seu \u00fas i la descripci\u00f3 detallada de les operacions amb mitjans d&#8217;ala fixa i d&#8217;ala rotativa de cadascun dels principals tipus de mitjans , sent aquest un cap\u00edtol destacat, ja que la informaci\u00f3 detallada recollida \u00e9s clau per aconseguir l&#8217;efic\u00e0cia en la gesti\u00f3. [&#8230;]<\/p>\n<p>&nbsp;<\/p>\n<p>&#8212;<\/p>\n<p><strong>Director del projecte\/Coordinador<\/strong>: Juan Caama\u00f1o Azc\u00e1rate (Fundaci\u00f3 Pau Costa)<\/p>\n<p><strong>Coordinadora\/Autora<\/strong>: Elena Hernandez Paredes (\u00c0rea de Defensa contra Incendis Forestals, Ministeri de Medi Ambient)<\/p>\n<p><strong>Autors<\/strong>: Felipe Borderas Ruiz ( T\u00e8cnic Helitransportat &#8211; BRIF), Benvingut Aguado (Coordinador aeri &#8211; Cos de Bombers de la Generalitat de Catalunya), Juan Jose Enriquez P\u00e9rez (capit\u00e0 del Grup 43 &#8211; Canadair 215T\/415), Raul Qu\u00edlez Moraga (Cap de Secci\u00f3 Forestal del Consorci de Bombers de Val\u00e8ncia (Enginyer T\u00e8cnic Forestal), Juan Jose Espadas Gutierrez (Sergent de Bombers &#8211; Cos de Bombers de la Generalitat de Catalunya)<\/p>\n<p><strong>Assessors<\/strong>: Marc Castellnou (Cap Analista GRAF \u2013 Cos de Bombers de la Generalitat de Catalunya), Juan Caama\u00f1o Aramburu (Capitan de Navi \u2013 pilot Bell 212, Sikorsky UH-60)<\/p>\n<p>&nbsp;<\/p>\n<p>&nbsp;<\/p>\n","protected":false},"excerpt":{"rendered":"<p>Les operacions a\u00e8ries en incendis forestals comporten risc, risc per a les persones que piloten les aeronaus i risc per a les persones que es troben al terreny. El risc \u00e9s la caracter\u00edstica m\u00e9s important de les operacions. [&#8230;]<\/p>\n<p>La contribuci\u00f3 que aquest llibre realitza, com indiquen els autors, sense deixar de considerar altres opcions d&#8217;operaci\u00f3 igualment v\u00e0lides, redundar\u00e0 en un millor coneixement dels mitjans aeris i les operacions amb aquests i, per tant, en una gesti\u00f3 millor de l&#8217;extinci\u00f3. [&#8230;]<\/p>\n<p><strong>Elsa Enr\u00edquez Alcalde<\/strong> &#8211; Cap d\u00c0rea de Defensa contra Incendis Forestals. Ministeri dAgricultura, Alimentaci\u00f3 i Medi Ambient.<\/p>\n<p><strong>Any d&#8217;edici\u00f3: 2014<\/strong><\/p>\n<p>&nbsp;<\/p>\n","protected":false},"featured_media":4778,"comment_status":"open","ping_status":"closed","template":"","meta":{"_acf_changed":false,"give_campaign_id":0},"product_brand":[],"product_cat":[110],"product_tag":[],"class_list":{"0":"post-9479","1":"product","2":"type-product","3":"status-publish","4":"has-post-thumbnail","6":"product_cat-llibres","7":"product_shipping_class-llibres-ca","9":"first","10":"instock","11":"taxable","12":"shipping-taxable","13":"purchasable","14":"product-type-simple"},"acf":[],"yoast_head":"<!-- This site is optimized with the Yoast SEO plugin v26.3 - https:\/\/yoast.com\/wordpress\/plugins\/seo\/ -->\n<title>Operaciones A\u00e9reas en Incendios Forestales - Pau Costa Foundation<\/title>\n<meta name=\"description\" content=\"Las operaciones a\u00e9reas en incendios forestales conllevan riesgo, riesgo para las personas que pilotan las aeronaves y riesgo para las personas que se encuentran en el terreno.\" \/>\n<meta name=\"robots\" content=\"index, follow, max-snippet:-1, max-image-preview:large, max-video-preview:-1\" \/>\n<link rel=\"canonical\" href=\"https:\/\/www.paucostafoundation.org\/ca\/producto\/operaciones-aereas-en-incendios-forestales\/\" \/>\n<meta property=\"og:locale\" content=\"ca_ES\" \/>\n<meta property=\"og:type\" content=\"article\" \/>\n<meta property=\"og:title\" content=\"Operaciones A\u00e9reas en Incendios Forestales - Pau Costa Foundation\" \/>\n<meta property=\"og:description\" content=\"Las operaciones a\u00e9reas en incendios forestales conllevan riesgo, riesgo para las personas que pilotan las aeronaves y riesgo para las personas que se encuentran en el terreno.\" \/>\n<meta property=\"og:url\" content=\"https:\/\/www.paucostafoundation.org\/ca\/producto\/operaciones-aereas-en-incendios-forestales\/\" \/>\n<meta property=\"og:site_name\" content=\"Pau Costa Foundation\" \/>\n<meta property=\"article:modified_time\" content=\"2026-03-27T17:14:48+00:00\" \/>\n<meta property=\"og:image\" content=\"https:\/\/www.paucostafoundation.org\/wp-content\/uploads\/2021\/12\/LibroMMAA.jpg\" \/>\n\t<meta property=\"og:image:width\" content=\"784\" \/>\n\t<meta property=\"og:image:height\" content=\"1125\" \/>\n\t<meta property=\"og:image:type\" content=\"image\/jpeg\" \/>\n<meta name=\"twitter:card\" content=\"summary_large_image\" \/>\n<meta name=\"twitter:label1\" content=\"Temps estimat de lectura\" \/>\n\t<meta name=\"twitter:data1\" content=\"1 minut\" \/>\n<script type=\"application\/ld+json\" class=\"yoast-schema-graph\">{\"@context\":\"https:\/\/schema.org\",\"@graph\":[{\"@type\":\"WebPage\",\"@id\":\"https:\/\/www.paucostafoundation.org\/ca\/producto\/operaciones-aereas-en-incendios-forestales\/\",\"url\":\"https:\/\/www.paucostafoundation.org\/ca\/producto\/operaciones-aereas-en-incendios-forestales\/\",\"name\":\"Operaciones A\u00e9reas en Incendios Forestales - Pau Costa Foundation\",\"isPartOf\":{\"@id\":\"https:\/\/www.paucostafoundation.org\/ca\/#website\"},\"primaryImageOfPage\":{\"@id\":\"https:\/\/www.paucostafoundation.org\/ca\/producto\/operaciones-aereas-en-incendios-forestales\/#primaryimage\"},\"image\":{\"@id\":\"https:\/\/www.paucostafoundation.org\/ca\/producto\/operaciones-aereas-en-incendios-forestales\/#primaryimage\"},\"thumbnailUrl\":\"https:\/\/www.paucostafoundation.org\/wp-content\/uploads\/2021\/12\/LibroMMAA.jpg\",\"datePublished\":\"2021-12-17T09:21:24+00:00\",\"dateModified\":\"2026-03-27T17:14:48+00:00\",\"description\":\"Las operaciones a\u00e9reas en incendios forestales conllevan riesgo, riesgo para las personas que pilotan las aeronaves y riesgo para las personas que se encuentran en el terreno.\",\"breadcrumb\":{\"@id\":\"https:\/\/www.paucostafoundation.org\/ca\/producto\/operaciones-aereas-en-incendios-forestales\/#breadcrumb\"},\"inLanguage\":\"ca\",\"potentialAction\":[{\"@type\":\"ReadAction\",\"target\":[\"https:\/\/www.paucostafoundation.org\/ca\/producto\/operaciones-aereas-en-incendios-forestales\/\"]}]},{\"@type\":\"ImageObject\",\"inLanguage\":\"ca\",\"@id\":\"https:\/\/www.paucostafoundation.org\/ca\/producto\/operaciones-aereas-en-incendios-forestales\/#primaryimage\",\"url\":\"https:\/\/www.paucostafoundation.org\/wp-content\/uploads\/2021\/12\/LibroMMAA.jpg\",\"contentUrl\":\"https:\/\/www.paucostafoundation.org\/wp-content\/uploads\/2021\/12\/LibroMMAA.jpg\",\"width\":784,\"height\":1125},{\"@type\":\"BreadcrumbList\",\"@id\":\"https:\/\/www.paucostafoundation.org\/ca\/producto\/operaciones-aereas-en-incendios-forestales\/#breadcrumb\",\"itemListElement\":[{\"@type\":\"ListItem\",\"position\":1,\"name\":\"Inicio\",\"item\":\"https:\/\/www.paucostafoundation.org\/ca\/\"},{\"@type\":\"ListItem\",\"position\":2,\"name\":\"Botiga\",\"item\":\"https:\/\/www.paucostafoundation.org\/ca\/tienda-2\/\"},{\"@type\":\"ListItem\",\"position\":3,\"name\":\"Operaciones A\u00e9reas en Incendios Forestales\"}]},{\"@type\":\"WebSite\",\"@id\":\"https:\/\/www.paucostafoundation.org\/ca\/#website\",\"url\":\"https:\/\/www.paucostafoundation.org\/ca\/\",\"name\":\"Pau Costa Foundation\",\"description\":\"CONCIENCIA E INVESTIGA LOS INCENDIOS FORESTALES\",\"publisher\":{\"@id\":\"https:\/\/www.paucostafoundation.org\/ca\/#organization\"},\"potentialAction\":[{\"@type\":\"SearchAction\",\"target\":{\"@type\":\"EntryPoint\",\"urlTemplate\":\"https:\/\/www.paucostafoundation.org\/ca\/?s={search_term_string}\"},\"query-input\":{\"@type\":\"PropertyValueSpecification\",\"valueRequired\":true,\"valueName\":\"search_term_string\"}}],\"inLanguage\":\"ca\"},{\"@type\":\"Organization\",\"@id\":\"https:\/\/www.paucostafoundation.org\/ca\/#organization\",\"name\":\"Pau Costa Foundation\",\"url\":\"https:\/\/www.paucostafoundation.org\/ca\/\",\"logo\":{\"@type\":\"ImageObject\",\"inLanguage\":\"ca\",\"@id\":\"https:\/\/www.paucostafoundation.org\/ca\/#\/schema\/logo\/image\/\",\"url\":\"https:\/\/paucostafoundation.digitalnature.es\/wp-content\/uploads\/2021\/06\/logo.png\",\"contentUrl\":\"https:\/\/paucostafoundation.digitalnature.es\/wp-content\/uploads\/2021\/06\/logo.png\",\"width\":873,\"height\":358,\"caption\":\"Pau Costa Foundation\"},\"image\":{\"@id\":\"https:\/\/www.paucostafoundation.org\/ca\/#\/schema\/logo\/image\/\"}}]}<\/script>\n<!-- \/ Yoast SEO plugin. -->","yoast_head_json":{"title":"Operaciones A\u00e9reas en Incendios Forestales - Pau Costa Foundation","description":"Las operaciones a\u00e9reas en incendios forestales conllevan riesgo, riesgo para las personas que pilotan las aeronaves y riesgo para las personas que se encuentran en el terreno.","robots":{"index":"index","follow":"follow","max-snippet":"max-snippet:-1","max-image-preview":"max-image-preview:large","max-video-preview":"max-video-preview:-1"},"canonical":"https:\/\/www.paucostafoundation.org\/ca\/producto\/operaciones-aereas-en-incendios-forestales\/","og_locale":"ca_ES","og_type":"article","og_title":"Operaciones A\u00e9reas en Incendios Forestales - Pau Costa Foundation","og_description":"Las operaciones a\u00e9reas en incendios forestales conllevan riesgo, riesgo para las personas que pilotan las aeronaves y riesgo para las personas que se encuentran en el terreno.","og_url":"https:\/\/www.paucostafoundation.org\/ca\/producto\/operaciones-aereas-en-incendios-forestales\/","og_site_name":"Pau Costa Foundation","article_modified_time":"2026-03-27T17:14:48+00:00","og_image":[{"width":784,"height":1125,"url":"https:\/\/www.paucostafoundation.org\/wp-content\/uploads\/2021\/12\/LibroMMAA.jpg","type":"image\/jpeg"}],"twitter_card":"summary_large_image","twitter_misc":{"Temps estimat de lectura":"1 minut"},"schema":{"@context":"https:\/\/schema.org","@graph":[{"@type":"WebPage","@id":"https:\/\/www.paucostafoundation.org\/ca\/producto\/operaciones-aereas-en-incendios-forestales\/","url":"https:\/\/www.paucostafoundation.org\/ca\/producto\/operaciones-aereas-en-incendios-forestales\/","name":"Operaciones A\u00e9reas en Incendios Forestales - Pau Costa Foundation","isPartOf":{"@id":"https:\/\/www.paucostafoundation.org\/ca\/#website"},"primaryImageOfPage":{"@id":"https:\/\/www.paucostafoundation.org\/ca\/producto\/operaciones-aereas-en-incendios-forestales\/#primaryimage"},"image":{"@id":"https:\/\/www.paucostafoundation.org\/ca\/producto\/operaciones-aereas-en-incendios-forestales\/#primaryimage"},"thumbnailUrl":"https:\/\/www.paucostafoundation.org\/wp-content\/uploads\/2021\/12\/LibroMMAA.jpg","datePublished":"2021-12-17T09:21:24+00:00","dateModified":"2026-03-27T17:14:48+00:00","description":"Las operaciones a\u00e9reas en incendios forestales conllevan riesgo, riesgo para las personas que pilotan las aeronaves y riesgo para las personas que se encuentran en el terreno.","breadcrumb":{"@id":"https:\/\/www.paucostafoundation.org\/ca\/producto\/operaciones-aereas-en-incendios-forestales\/#breadcrumb"},"inLanguage":"ca","potentialAction":[{"@type":"ReadAction","target":["https:\/\/www.paucostafoundation.org\/ca\/producto\/operaciones-aereas-en-incendios-forestales\/"]}]},{"@type":"ImageObject","inLanguage":"ca","@id":"https:\/\/www.paucostafoundation.org\/ca\/producto\/operaciones-aereas-en-incendios-forestales\/#primaryimage","url":"https:\/\/www.paucostafoundation.org\/wp-content\/uploads\/2021\/12\/LibroMMAA.jpg","contentUrl":"https:\/\/www.paucostafoundation.org\/wp-content\/uploads\/2021\/12\/LibroMMAA.jpg","width":784,"height":1125},{"@type":"BreadcrumbList","@id":"https:\/\/www.paucostafoundation.org\/ca\/producto\/operaciones-aereas-en-incendios-forestales\/#breadcrumb","itemListElement":[{"@type":"ListItem","position":1,"name":"Inicio","item":"https:\/\/www.paucostafoundation.org\/ca\/"},{"@type":"ListItem","position":2,"name":"Botiga","item":"https:\/\/www.paucostafoundation.org\/ca\/tienda-2\/"},{"@type":"ListItem","position":3,"name":"Operaciones A\u00e9reas en Incendios Forestales"}]},{"@type":"WebSite","@id":"https:\/\/www.paucostafoundation.org\/ca\/#website","url":"https:\/\/www.paucostafoundation.org\/ca\/","name":"Pau Costa Foundation","description":"CONCIENCIA E INVESTIGA LOS INCENDIOS FORESTALES","publisher":{"@id":"https:\/\/www.paucostafoundation.org\/ca\/#organization"},"potentialAction":[{"@type":"SearchAction","target":{"@type":"EntryPoint","urlTemplate":"https:\/\/www.paucostafoundation.org\/ca\/?s={search_term_string}"},"query-input":{"@type":"PropertyValueSpecification","valueRequired":true,"valueName":"search_term_string"}}],"inLanguage":"ca"},{"@type":"Organization","@id":"https:\/\/www.paucostafoundation.org\/ca\/#organization","name":"Pau Costa Foundation","url":"https:\/\/www.paucostafoundation.org\/ca\/","logo":{"@type":"ImageObject","inLanguage":"ca","@id":"https:\/\/www.paucostafoundation.org\/ca\/#\/schema\/logo\/image\/","url":"https:\/\/paucostafoundation.digitalnature.es\/wp-content\/uploads\/2021\/06\/logo.png","contentUrl":"https:\/\/paucostafoundation.digitalnature.es\/wp-content\/uploads\/2021\/06\/logo.png","width":873,"height":358,"caption":"Pau Costa Foundation"},"image":{"@id":"https:\/\/www.paucostafoundation.org\/ca\/#\/schema\/logo\/image\/"}}]}},"_links":{"self":[{"href":"https:\/\/www.paucostafoundation.org\/ca\/wp-json\/wp\/v2\/product\/9479","targetHints":{"allow":["GET"]}}],"collection":[{"href":"https:\/\/www.paucostafoundation.org\/ca\/wp-json\/wp\/v2\/product"}],"about":[{"href":"https:\/\/www.paucostafoundation.org\/ca\/wp-json\/wp\/v2\/types\/product"}],"replies":[{"embeddable":true,"href":"https:\/\/www.paucostafoundation.org\/ca\/wp-json\/wp\/v2\/comments?post=9479"}],"wp:featuredmedia":[{"embeddable":true,"href":"https:\/\/www.paucostafoundation.org\/ca\/wp-json\/wp\/v2\/media\/4778"}],"wp:attachment":[{"href":"https:\/\/www.paucostafoundation.org\/ca\/wp-json\/wp\/v2\/media?parent=9479"}],"wp:term":[{"taxonomy":"product_brand","embeddable":true,"href":"https:\/\/www.paucostafoundation.org\/ca\/wp-json\/wp\/v2\/product_brand?post=9479"},{"taxonomy":"product_cat","embeddable":true,"href":"https:\/\/www.paucostafoundation.org\/ca\/wp-json\/wp\/v2\/product_cat?post=9479"},{"taxonomy":"product_tag","embeddable":true,"href":"https:\/\/www.paucostafoundation.org\/ca\/wp-json\/wp\/v2\/product_tag?post=9479"}],"curies":[{"name":"wp","href":"https:\/\/api.w.org\/{rel}","templated":true}]}}