{"id":9459,"date":"2022-05-25T09:15:21","date_gmt":"2024-10-04T09:15:21","guid":{"rendered":"https:\/\/www.paucostafoundation.org\/producto\/gorra-fire-is-an-ecological-action\/"},"modified":"2024-10-07T06:31:53","modified_gmt":"2024-10-07T06:31:53","slug":"gorra-fire-is-an-ecological-action","status":"publish","type":"product","link":"https:\/\/www.paucostafoundation.org\/ca\/producto\/gorra-fire-is-an-ecological-action\/","title":{"rendered":"Gorra &#8220;Pau Costa Foundation&#8221;"},"content":{"rendered":"","protected":false},"excerpt":{"rendered":"<p>Gorra amb logo &#8220;Pau Costa Foundation&#8221; brodat. El brodat \u00e9s de color daurat i la gorra \u00e9s de color verd camuflatge. Tamany \u00fanic ajustable.<\/p>\n","protected":false},"featured_media":18418,"comment_status":"open","ping_status":"closed","template":"","meta":{"_acf_changed":false,"give_campaign_id":0},"product_brand":[],"product_cat":[112],"product_tag":[],"class_list":{"0":"post-9459","1":"product","2":"type-product","3":"status-publish","4":"has-post-thumbnail","6":"product_cat-sense-categoritzar","7":"product_shipping_class-roba-ca","9":"first","10":"instock","11":"taxable","12":"shipping-taxable","13":"purchasable","14":"product-type-simple"},"acf":[],"yoast_head":"<!-- This site is optimized with the Yoast SEO plugin v26.3 - https:\/\/yoast.com\/wordpress\/plugins\/seo\/ -->\n<title>Gorra &quot;Pau Costa Foundation&quot; - Pau Costa Foundation<\/title>\n<meta name=\"robots\" content=\"index, follow, max-snippet:-1, max-image-preview:large, max-video-preview:-1\" \/>\n<link rel=\"canonical\" href=\"https:\/\/www.paucostafoundation.org\/ca\/producto\/gorra-fire-is-an-ecological-action\/\" \/>\n<meta property=\"og:locale\" content=\"ca_ES\" \/>\n<meta property=\"og:type\" content=\"article\" \/>\n<meta property=\"og:title\" content=\"Gorra &quot;Pau Costa Foundation&quot; - Pau Costa Foundation\" \/>\n<meta property=\"og:description\" content=\"Gorra amb logo &quot;Pau Costa Foundation&quot; brodat. El brodat \u00e9s de color daurat i la gorra \u00e9s de color verd camuflatge. Tamany \u00fanic ajustable.\" \/>\n<meta property=\"og:url\" content=\"https:\/\/www.paucostafoundation.org\/ca\/producto\/gorra-fire-is-an-ecological-action\/\" \/>\n<meta property=\"og:site_name\" content=\"Pau Costa Foundation\" \/>\n<meta property=\"article:modified_time\" content=\"2024-10-07T06:31:53+00:00\" \/>\n<meta property=\"og:image\" content=\"https:\/\/www.paucostafoundation.org\/wp-content\/uploads\/2022\/05\/Mockup_Gorra_darvant-scaled.jpg\" \/>\n\t<meta property=\"og:image:width\" content=\"1896\" \/>\n\t<meta property=\"og:image:height\" content=\"2560\" \/>\n\t<meta property=\"og:image:type\" content=\"image\/jpeg\" \/>\n<meta name=\"twitter:card\" content=\"summary_large_image\" \/>\n<meta name=\"twitter:label1\" content=\"Temps estimat de lectura\" \/>\n\t<meta name=\"twitter:data1\" content=\"1 minut\" \/>\n<script type=\"application\/ld+json\" class=\"yoast-schema-graph\">{\"@context\":\"https:\/\/schema.org\",\"@graph\":[{\"@type\":\"WebPage\",\"@id\":\"https:\/\/www.paucostafoundation.org\/ca\/producto\/gorra-fire-is-an-ecological-action\/\",\"url\":\"https:\/\/www.paucostafoundation.org\/ca\/producto\/gorra-fire-is-an-ecological-action\/\",\"name\":\"Gorra \\\"Pau Costa Foundation\\\" - Pau Costa Foundation\",\"isPartOf\":{\"@id\":\"https:\/\/www.paucostafoundation.org\/ca\/#website\"},\"primaryImageOfPage\":{\"@id\":\"https:\/\/www.paucostafoundation.org\/ca\/producto\/gorra-fire-is-an-ecological-action\/#primaryimage\"},\"image\":{\"@id\":\"https:\/\/www.paucostafoundation.org\/ca\/producto\/gorra-fire-is-an-ecological-action\/#primaryimage\"},\"thumbnailUrl\":\"https:\/\/www.paucostafoundation.org\/wp-content\/uploads\/2022\/05\/Mockup_Gorra_darvant-scaled.jpg\",\"datePublished\":\"2024-10-04T09:15:21+00:00\",\"dateModified\":\"2024-10-07T06:31:53+00:00\",\"breadcrumb\":{\"@id\":\"https:\/\/www.paucostafoundation.org\/ca\/producto\/gorra-fire-is-an-ecological-action\/#breadcrumb\"},\"inLanguage\":\"ca\",\"potentialAction\":[{\"@type\":\"ReadAction\",\"target\":[\"https:\/\/www.paucostafoundation.org\/ca\/producto\/gorra-fire-is-an-ecological-action\/\"]}]},{\"@type\":\"ImageObject\",\"inLanguage\":\"ca\",\"@id\":\"https:\/\/www.paucostafoundation.org\/ca\/producto\/gorra-fire-is-an-ecological-action\/#primaryimage\",\"url\":\"https:\/\/www.paucostafoundation.org\/wp-content\/uploads\/2022\/05\/Mockup_Gorra_darvant-scaled.jpg\",\"contentUrl\":\"https:\/\/www.paucostafoundation.org\/wp-content\/uploads\/2022\/05\/Mockup_Gorra_darvant-scaled.jpg\",\"width\":1896,\"height\":2560},{\"@type\":\"BreadcrumbList\",\"@id\":\"https:\/\/www.paucostafoundation.org\/ca\/producto\/gorra-fire-is-an-ecological-action\/#breadcrumb\",\"itemListElement\":[{\"@type\":\"ListItem\",\"position\":1,\"name\":\"Inicio\",\"item\":\"https:\/\/www.paucostafoundation.org\/ca\/\"},{\"@type\":\"ListItem\",\"position\":2,\"name\":\"Botiga\",\"item\":\"https:\/\/www.paucostafoundation.org\/ca\/tienda-2\/\"},{\"@type\":\"ListItem\",\"position\":3,\"name\":\"Gorra \u00abPau Costa Foundation\u00bb\"}]},{\"@type\":\"WebSite\",\"@id\":\"https:\/\/www.paucostafoundation.org\/ca\/#website\",\"url\":\"https:\/\/www.paucostafoundation.org\/ca\/\",\"name\":\"Pau Costa Foundation\",\"description\":\"CONCIENCIA E INVESTIGA LOS INCENDIOS FORESTALES\",\"publisher\":{\"@id\":\"https:\/\/www.paucostafoundation.org\/ca\/#organization\"},\"potentialAction\":[{\"@type\":\"SearchAction\",\"target\":{\"@type\":\"EntryPoint\",\"urlTemplate\":\"https:\/\/www.paucostafoundation.org\/ca\/?s={search_term_string}\"},\"query-input\":{\"@type\":\"PropertyValueSpecification\",\"valueRequired\":true,\"valueName\":\"search_term_string\"}}],\"inLanguage\":\"ca\"},{\"@type\":\"Organization\",\"@id\":\"https:\/\/www.paucostafoundation.org\/ca\/#organization\",\"name\":\"Pau Costa Foundation\",\"url\":\"https:\/\/www.paucostafoundation.org\/ca\/\",\"logo\":{\"@type\":\"ImageObject\",\"inLanguage\":\"ca\",\"@id\":\"https:\/\/www.paucostafoundation.org\/ca\/#\/schema\/logo\/image\/\",\"url\":\"https:\/\/paucostafoundation.digitalnature.es\/wp-content\/uploads\/2021\/06\/logo.png\",\"contentUrl\":\"https:\/\/paucostafoundation.digitalnature.es\/wp-content\/uploads\/2021\/06\/logo.png\",\"width\":873,\"height\":358,\"caption\":\"Pau Costa Foundation\"},\"image\":{\"@id\":\"https:\/\/www.paucostafoundation.org\/ca\/#\/schema\/logo\/image\/\"}}]}<\/script>\n<!-- \/ Yoast SEO plugin. -->","yoast_head_json":{"title":"Gorra \"Pau Costa Foundation\" - Pau Costa Foundation","robots":{"index":"index","follow":"follow","max-snippet":"max-snippet:-1","max-image-preview":"max-image-preview:large","max-video-preview":"max-video-preview:-1"},"canonical":"https:\/\/www.paucostafoundation.org\/ca\/producto\/gorra-fire-is-an-ecological-action\/","og_locale":"ca_ES","og_type":"article","og_title":"Gorra \"Pau Costa Foundation\" - Pau Costa Foundation","og_description":"Gorra amb logo \"Pau Costa Foundation\" brodat. El brodat \u00e9s de color daurat i la gorra \u00e9s de color verd camuflatge. Tamany \u00fanic ajustable.","og_url":"https:\/\/www.paucostafoundation.org\/ca\/producto\/gorra-fire-is-an-ecological-action\/","og_site_name":"Pau Costa Foundation","article_modified_time":"2024-10-07T06:31:53+00:00","og_image":[{"width":1896,"height":2560,"url":"https:\/\/www.paucostafoundation.org\/wp-content\/uploads\/2022\/05\/Mockup_Gorra_darvant-scaled.jpg","type":"image\/jpeg"}],"twitter_card":"summary_large_image","twitter_misc":{"Temps estimat de lectura":"1 minut"},"schema":{"@context":"https:\/\/schema.org","@graph":[{"@type":"WebPage","@id":"https:\/\/www.paucostafoundation.org\/ca\/producto\/gorra-fire-is-an-ecological-action\/","url":"https:\/\/www.paucostafoundation.org\/ca\/producto\/gorra-fire-is-an-ecological-action\/","name":"Gorra \"Pau Costa Foundation\" - Pau Costa Foundation","isPartOf":{"@id":"https:\/\/www.paucostafoundation.org\/ca\/#website"},"primaryImageOfPage":{"@id":"https:\/\/www.paucostafoundation.org\/ca\/producto\/gorra-fire-is-an-ecological-action\/#primaryimage"},"image":{"@id":"https:\/\/www.paucostafoundation.org\/ca\/producto\/gorra-fire-is-an-ecological-action\/#primaryimage"},"thumbnailUrl":"https:\/\/www.paucostafoundation.org\/wp-content\/uploads\/2022\/05\/Mockup_Gorra_darvant-scaled.jpg","datePublished":"2024-10-04T09:15:21+00:00","dateModified":"2024-10-07T06:31:53+00:00","breadcrumb":{"@id":"https:\/\/www.paucostafoundation.org\/ca\/producto\/gorra-fire-is-an-ecological-action\/#breadcrumb"},"inLanguage":"ca","potentialAction":[{"@type":"ReadAction","target":["https:\/\/www.paucostafoundation.org\/ca\/producto\/gorra-fire-is-an-ecological-action\/"]}]},{"@type":"ImageObject","inLanguage":"ca","@id":"https:\/\/www.paucostafoundation.org\/ca\/producto\/gorra-fire-is-an-ecological-action\/#primaryimage","url":"https:\/\/www.paucostafoundation.org\/wp-content\/uploads\/2022\/05\/Mockup_Gorra_darvant-scaled.jpg","contentUrl":"https:\/\/www.paucostafoundation.org\/wp-content\/uploads\/2022\/05\/Mockup_Gorra_darvant-scaled.jpg","width":1896,"height":2560},{"@type":"BreadcrumbList","@id":"https:\/\/www.paucostafoundation.org\/ca\/producto\/gorra-fire-is-an-ecological-action\/#breadcrumb","itemListElement":[{"@type":"ListItem","position":1,"name":"Inicio","item":"https:\/\/www.paucostafoundation.org\/ca\/"},{"@type":"ListItem","position":2,"name":"Botiga","item":"https:\/\/www.paucostafoundation.org\/ca\/tienda-2\/"},{"@type":"ListItem","position":3,"name":"Gorra \u00abPau Costa Foundation\u00bb"}]},{"@type":"WebSite","@id":"https:\/\/www.paucostafoundation.org\/ca\/#website","url":"https:\/\/www.paucostafoundation.org\/ca\/","name":"Pau Costa Foundation","description":"CONCIENCIA E INVESTIGA LOS INCENDIOS FORESTALES","publisher":{"@id":"https:\/\/www.paucostafoundation.org\/ca\/#organization"},"potentialAction":[{"@type":"SearchAction","target":{"@type":"EntryPoint","urlTemplate":"https:\/\/www.paucostafoundation.org\/ca\/?s={search_term_string}"},"query-input":{"@type":"PropertyValueSpecification","valueRequired":true,"valueName":"search_term_string"}}],"inLanguage":"ca"},{"@type":"Organization","@id":"https:\/\/www.paucostafoundation.org\/ca\/#organization","name":"Pau Costa Foundation","url":"https:\/\/www.paucostafoundation.org\/ca\/","logo":{"@type":"ImageObject","inLanguage":"ca","@id":"https:\/\/www.paucostafoundation.org\/ca\/#\/schema\/logo\/image\/","url":"https:\/\/paucostafoundation.digitalnature.es\/wp-content\/uploads\/2021\/06\/logo.png","contentUrl":"https:\/\/paucostafoundation.digitalnature.es\/wp-content\/uploads\/2021\/06\/logo.png","width":873,"height":358,"caption":"Pau Costa Foundation"},"image":{"@id":"https:\/\/www.paucostafoundation.org\/ca\/#\/schema\/logo\/image\/"}}]}},"_links":{"self":[{"href":"https:\/\/www.paucostafoundation.org\/ca\/wp-json\/wp\/v2\/product\/9459","targetHints":{"allow":["GET"]}}],"collection":[{"href":"https:\/\/www.paucostafoundation.org\/ca\/wp-json\/wp\/v2\/product"}],"about":[{"href":"https:\/\/www.paucostafoundation.org\/ca\/wp-json\/wp\/v2\/types\/product"}],"replies":[{"embeddable":true,"href":"https:\/\/www.paucostafoundation.org\/ca\/wp-json\/wp\/v2\/comments?post=9459"}],"wp:featuredmedia":[{"embeddable":true,"href":"https:\/\/www.paucostafoundation.org\/ca\/wp-json\/wp\/v2\/media\/18418"}],"wp:attachment":[{"href":"https:\/\/www.paucostafoundation.org\/ca\/wp-json\/wp\/v2\/media?parent=9459"}],"wp:term":[{"taxonomy":"product_brand","embeddable":true,"href":"https:\/\/www.paucostafoundation.org\/ca\/wp-json\/wp\/v2\/product_brand?post=9459"},{"taxonomy":"product_cat","embeddable":true,"href":"https:\/\/www.paucostafoundation.org\/ca\/wp-json\/wp\/v2\/product_cat?post=9459"},{"taxonomy":"product_tag","embeddable":true,"href":"https:\/\/www.paucostafoundation.org\/ca\/wp-json\/wp\/v2\/product_tag?post=9459"}],"curies":[{"name":"wp","href":"https:\/\/api.w.org\/{rel}","templated":true}]}}