{"id":20666,"date":"2025-04-08T10:06:11","date_gmt":"2025-04-08T10:06:11","guid":{"rendered":"https:\/\/www.paucostafoundation.org\/?post_type=product&#038;p=20666"},"modified":"2025-05-22T09:35:27","modified_gmt":"2025-05-22T09:35:27","slug":"el-vincle-amb-el-foc","status":"publish","type":"product","link":"https:\/\/www.paucostafoundation.org\/ca\/producto\/el-vincle-amb-el-foc\/","title":{"rendered":"El vincle amb el foc"},"content":{"rendered":"<p><strong>El vincule amb el foc<\/strong>\u00a0proposa set \u00abpoemes visuals\u00bb en qu\u00e8 l&#8217;artista Pep Serra explora l&#8217;art com a eina per comunicar la complexa relaci\u00f3 entre el foc i la societat.<\/p>\n<p>Serra aporta una visi\u00f3 del foc que no es limita a l&#8217;esdeveniment destructiu en si, sin\u00f3 que tamb\u00e9 abasta el seu r\u00e8gim, transitant des de la devastaci\u00f3 fins a la faceta creativa i constructiva, com el rebrot i la germinaci\u00f3. Una obra necess\u00e0ria que ens permet enlla\u00e7ar l&#8217;energia del foc amb els sentiments m\u00e9s profunds.<\/p>\n<p><strong>Aquest llibre \u00e9s gratu\u00eft, nom\u00e9s haur\u00e0s de cobrir les despeses d&#8217;enviament.<\/strong><\/p>\n<p>&#8212;-<\/p>\n<p><em>M\u00e9s sobre Pep Serra:\u00a0<\/em><\/p>\n<p>Pep Serra (1970, Tarragona).<\/p>\n<p>Metge d&#8217;atenci\u00f3 prim\u00e0ria i il\u00b7lustrador.<\/p>\n<p>La seva fascinaci\u00f3 pel m\u00f3n dels incendis forestals neix des que era un nen. Esb\u00f3s rere esb\u00f3s la seva traject\u00f2ria creativa abra\u00e7a nombroses obres que, amb el suport de la Fundaci\u00f3 Pau Costa, s&#8217;han anat recopilant al projecte Art&amp;Fire.<\/p>\n","protected":false},"excerpt":{"rendered":"<p><strong>El vincule amb el foc, <\/strong>una mostra de l&#8217;obra de Pep Serra que mostra la relaci\u00f3 complexa entre el foc i la societat.<\/p>\n","protected":false},"featured_media":20499,"comment_status":"open","ping_status":"closed","template":"","meta":{"_acf_changed":false,"give_campaign_id":0},"product_brand":[],"product_cat":[110],"product_tag":[],"class_list":{"0":"post-20666","1":"product","2":"type-product","3":"status-publish","4":"has-post-thumbnail","6":"product_cat-llibres","7":"product_shipping_class-llibres-ca","9":"first","10":"instock","11":"sold-individually","12":"shipping-taxable","13":"purchasable","14":"product-type-simple"},"acf":[],"yoast_head":"<!-- This site is optimized with the Yoast SEO plugin v26.3 - https:\/\/yoast.com\/wordpress\/plugins\/seo\/ -->\n<title>El vincle amb el foc - Pau Costa Foundation<\/title>\n<meta name=\"robots\" content=\"index, follow, max-snippet:-1, max-image-preview:large, max-video-preview:-1\" \/>\n<link rel=\"canonical\" href=\"https:\/\/www.paucostafoundation.org\/ca\/producto\/el-vincle-amb-el-foc\/\" \/>\n<meta property=\"og:locale\" content=\"ca_ES\" \/>\n<meta property=\"og:type\" content=\"article\" \/>\n<meta property=\"og:title\" content=\"El vincle amb el foc - Pau Costa Foundation\" \/>\n<meta property=\"og:description\" content=\"El vincule amb el foc, una mostra de l&#039;obra de Pep Serra que mostra la relaci\u00f3 complexa entre el foc i la societat.\" \/>\n<meta property=\"og:url\" content=\"https:\/\/www.paucostafoundation.org\/ca\/producto\/el-vincle-amb-el-foc\/\" \/>\n<meta property=\"og:site_name\" content=\"Pau Costa Foundation\" \/>\n<meta property=\"article:modified_time\" content=\"2025-05-22T09:35:27+00:00\" \/>\n<meta property=\"og:image\" content=\"https:\/\/www.paucostafoundation.org\/wp-content\/uploads\/2025\/02\/COBERTA-MOCKUP-FRONTAL_web-1-scaled-1-1.jpg\" \/>\n\t<meta property=\"og:image:width\" content=\"2560\" \/>\n\t<meta property=\"og:image:height\" content=\"1440\" \/>\n\t<meta property=\"og:image:type\" content=\"image\/jpeg\" \/>\n<meta name=\"twitter:card\" content=\"summary_large_image\" \/>\n<meta name=\"twitter:label1\" content=\"Temps estimat de lectura\" \/>\n\t<meta name=\"twitter:data1\" content=\"1 minut\" \/>\n<script type=\"application\/ld+json\" class=\"yoast-schema-graph\">{\"@context\":\"https:\/\/schema.org\",\"@graph\":[{\"@type\":\"WebPage\",\"@id\":\"https:\/\/www.paucostafoundation.org\/ca\/producto\/el-vincle-amb-el-foc\/\",\"url\":\"https:\/\/www.paucostafoundation.org\/ca\/producto\/el-vincle-amb-el-foc\/\",\"name\":\"El vincle amb el foc - Pau Costa Foundation\",\"isPartOf\":{\"@id\":\"https:\/\/www.paucostafoundation.org\/ca\/#website\"},\"primaryImageOfPage\":{\"@id\":\"https:\/\/www.paucostafoundation.org\/ca\/producto\/el-vincle-amb-el-foc\/#primaryimage\"},\"image\":{\"@id\":\"https:\/\/www.paucostafoundation.org\/ca\/producto\/el-vincle-amb-el-foc\/#primaryimage\"},\"thumbnailUrl\":\"https:\/\/www.paucostafoundation.org\/wp-content\/uploads\/2025\/02\/COBERTA-MOCKUP-FRONTAL_web-1-scaled-1-1.jpg\",\"datePublished\":\"2025-04-08T10:06:11+00:00\",\"dateModified\":\"2025-05-22T09:35:27+00:00\",\"breadcrumb\":{\"@id\":\"https:\/\/www.paucostafoundation.org\/ca\/producto\/el-vincle-amb-el-foc\/#breadcrumb\"},\"inLanguage\":\"ca\",\"potentialAction\":[{\"@type\":\"ReadAction\",\"target\":[\"https:\/\/www.paucostafoundation.org\/ca\/producto\/el-vincle-amb-el-foc\/\"]}]},{\"@type\":\"ImageObject\",\"inLanguage\":\"ca\",\"@id\":\"https:\/\/www.paucostafoundation.org\/ca\/producto\/el-vincle-amb-el-foc\/#primaryimage\",\"url\":\"https:\/\/www.paucostafoundation.org\/wp-content\/uploads\/2025\/02\/COBERTA-MOCKUP-FRONTAL_web-1-scaled-1-1.jpg\",\"contentUrl\":\"https:\/\/www.paucostafoundation.org\/wp-content\/uploads\/2025\/02\/COBERTA-MOCKUP-FRONTAL_web-1-scaled-1-1.jpg\",\"width\":2560,\"height\":1440},{\"@type\":\"BreadcrumbList\",\"@id\":\"https:\/\/www.paucostafoundation.org\/ca\/producto\/el-vincle-amb-el-foc\/#breadcrumb\",\"itemListElement\":[{\"@type\":\"ListItem\",\"position\":1,\"name\":\"Inicio\",\"item\":\"https:\/\/www.paucostafoundation.org\/ca\/\"},{\"@type\":\"ListItem\",\"position\":2,\"name\":\"Botiga\",\"item\":\"https:\/\/www.paucostafoundation.org\/ca\/tienda-2\/\"},{\"@type\":\"ListItem\",\"position\":3,\"name\":\"El vincle amb el foc\"}]},{\"@type\":\"WebSite\",\"@id\":\"https:\/\/www.paucostafoundation.org\/ca\/#website\",\"url\":\"https:\/\/www.paucostafoundation.org\/ca\/\",\"name\":\"Pau Costa Foundation\",\"description\":\"CONCIENCIA E INVESTIGA LOS INCENDIOS FORESTALES\",\"publisher\":{\"@id\":\"https:\/\/www.paucostafoundation.org\/ca\/#organization\"},\"potentialAction\":[{\"@type\":\"SearchAction\",\"target\":{\"@type\":\"EntryPoint\",\"urlTemplate\":\"https:\/\/www.paucostafoundation.org\/ca\/?s={search_term_string}\"},\"query-input\":{\"@type\":\"PropertyValueSpecification\",\"valueRequired\":true,\"valueName\":\"search_term_string\"}}],\"inLanguage\":\"ca\"},{\"@type\":\"Organization\",\"@id\":\"https:\/\/www.paucostafoundation.org\/ca\/#organization\",\"name\":\"Pau Costa Foundation\",\"url\":\"https:\/\/www.paucostafoundation.org\/ca\/\",\"logo\":{\"@type\":\"ImageObject\",\"inLanguage\":\"ca\",\"@id\":\"https:\/\/www.paucostafoundation.org\/ca\/#\/schema\/logo\/image\/\",\"url\":\"https:\/\/paucostafoundation.digitalnature.es\/wp-content\/uploads\/2021\/06\/logo.png\",\"contentUrl\":\"https:\/\/paucostafoundation.digitalnature.es\/wp-content\/uploads\/2021\/06\/logo.png\",\"width\":873,\"height\":358,\"caption\":\"Pau Costa Foundation\"},\"image\":{\"@id\":\"https:\/\/www.paucostafoundation.org\/ca\/#\/schema\/logo\/image\/\"}}]}<\/script>\n<!-- \/ Yoast SEO plugin. -->","yoast_head_json":{"title":"El vincle amb el foc - Pau Costa Foundation","robots":{"index":"index","follow":"follow","max-snippet":"max-snippet:-1","max-image-preview":"max-image-preview:large","max-video-preview":"max-video-preview:-1"},"canonical":"https:\/\/www.paucostafoundation.org\/ca\/producto\/el-vincle-amb-el-foc\/","og_locale":"ca_ES","og_type":"article","og_title":"El vincle amb el foc - Pau Costa Foundation","og_description":"El vincule amb el foc, una mostra de l'obra de Pep Serra que mostra la relaci\u00f3 complexa entre el foc i la societat.","og_url":"https:\/\/www.paucostafoundation.org\/ca\/producto\/el-vincle-amb-el-foc\/","og_site_name":"Pau Costa Foundation","article_modified_time":"2025-05-22T09:35:27+00:00","og_image":[{"width":2560,"height":1440,"url":"https:\/\/www.paucostafoundation.org\/wp-content\/uploads\/2025\/02\/COBERTA-MOCKUP-FRONTAL_web-1-scaled-1-1.jpg","type":"image\/jpeg"}],"twitter_card":"summary_large_image","twitter_misc":{"Temps estimat de lectura":"1 minut"},"schema":{"@context":"https:\/\/schema.org","@graph":[{"@type":"WebPage","@id":"https:\/\/www.paucostafoundation.org\/ca\/producto\/el-vincle-amb-el-foc\/","url":"https:\/\/www.paucostafoundation.org\/ca\/producto\/el-vincle-amb-el-foc\/","name":"El vincle amb el foc - Pau Costa Foundation","isPartOf":{"@id":"https:\/\/www.paucostafoundation.org\/ca\/#website"},"primaryImageOfPage":{"@id":"https:\/\/www.paucostafoundation.org\/ca\/producto\/el-vincle-amb-el-foc\/#primaryimage"},"image":{"@id":"https:\/\/www.paucostafoundation.org\/ca\/producto\/el-vincle-amb-el-foc\/#primaryimage"},"thumbnailUrl":"https:\/\/www.paucostafoundation.org\/wp-content\/uploads\/2025\/02\/COBERTA-MOCKUP-FRONTAL_web-1-scaled-1-1.jpg","datePublished":"2025-04-08T10:06:11+00:00","dateModified":"2025-05-22T09:35:27+00:00","breadcrumb":{"@id":"https:\/\/www.paucostafoundation.org\/ca\/producto\/el-vincle-amb-el-foc\/#breadcrumb"},"inLanguage":"ca","potentialAction":[{"@type":"ReadAction","target":["https:\/\/www.paucostafoundation.org\/ca\/producto\/el-vincle-amb-el-foc\/"]}]},{"@type":"ImageObject","inLanguage":"ca","@id":"https:\/\/www.paucostafoundation.org\/ca\/producto\/el-vincle-amb-el-foc\/#primaryimage","url":"https:\/\/www.paucostafoundation.org\/wp-content\/uploads\/2025\/02\/COBERTA-MOCKUP-FRONTAL_web-1-scaled-1-1.jpg","contentUrl":"https:\/\/www.paucostafoundation.org\/wp-content\/uploads\/2025\/02\/COBERTA-MOCKUP-FRONTAL_web-1-scaled-1-1.jpg","width":2560,"height":1440},{"@type":"BreadcrumbList","@id":"https:\/\/www.paucostafoundation.org\/ca\/producto\/el-vincle-amb-el-foc\/#breadcrumb","itemListElement":[{"@type":"ListItem","position":1,"name":"Inicio","item":"https:\/\/www.paucostafoundation.org\/ca\/"},{"@type":"ListItem","position":2,"name":"Botiga","item":"https:\/\/www.paucostafoundation.org\/ca\/tienda-2\/"},{"@type":"ListItem","position":3,"name":"El vincle amb el foc"}]},{"@type":"WebSite","@id":"https:\/\/www.paucostafoundation.org\/ca\/#website","url":"https:\/\/www.paucostafoundation.org\/ca\/","name":"Pau Costa Foundation","description":"CONCIENCIA E INVESTIGA LOS INCENDIOS FORESTALES","publisher":{"@id":"https:\/\/www.paucostafoundation.org\/ca\/#organization"},"potentialAction":[{"@type":"SearchAction","target":{"@type":"EntryPoint","urlTemplate":"https:\/\/www.paucostafoundation.org\/ca\/?s={search_term_string}"},"query-input":{"@type":"PropertyValueSpecification","valueRequired":true,"valueName":"search_term_string"}}],"inLanguage":"ca"},{"@type":"Organization","@id":"https:\/\/www.paucostafoundation.org\/ca\/#organization","name":"Pau Costa Foundation","url":"https:\/\/www.paucostafoundation.org\/ca\/","logo":{"@type":"ImageObject","inLanguage":"ca","@id":"https:\/\/www.paucostafoundation.org\/ca\/#\/schema\/logo\/image\/","url":"https:\/\/paucostafoundation.digitalnature.es\/wp-content\/uploads\/2021\/06\/logo.png","contentUrl":"https:\/\/paucostafoundation.digitalnature.es\/wp-content\/uploads\/2021\/06\/logo.png","width":873,"height":358,"caption":"Pau Costa Foundation"},"image":{"@id":"https:\/\/www.paucostafoundation.org\/ca\/#\/schema\/logo\/image\/"}}]}},"_links":{"self":[{"href":"https:\/\/www.paucostafoundation.org\/ca\/wp-json\/wp\/v2\/product\/20666","targetHints":{"allow":["GET"]}}],"collection":[{"href":"https:\/\/www.paucostafoundation.org\/ca\/wp-json\/wp\/v2\/product"}],"about":[{"href":"https:\/\/www.paucostafoundation.org\/ca\/wp-json\/wp\/v2\/types\/product"}],"replies":[{"embeddable":true,"href":"https:\/\/www.paucostafoundation.org\/ca\/wp-json\/wp\/v2\/comments?post=20666"}],"wp:featuredmedia":[{"embeddable":true,"href":"https:\/\/www.paucostafoundation.org\/ca\/wp-json\/wp\/v2\/media\/20499"}],"wp:attachment":[{"href":"https:\/\/www.paucostafoundation.org\/ca\/wp-json\/wp\/v2\/media?parent=20666"}],"wp:term":[{"taxonomy":"product_brand","embeddable":true,"href":"https:\/\/www.paucostafoundation.org\/ca\/wp-json\/wp\/v2\/product_brand?post=20666"},{"taxonomy":"product_cat","embeddable":true,"href":"https:\/\/www.paucostafoundation.org\/ca\/wp-json\/wp\/v2\/product_cat?post=20666"},{"taxonomy":"product_tag","embeddable":true,"href":"https:\/\/www.paucostafoundation.org\/ca\/wp-json\/wp\/v2\/product_tag?post=20666"}],"curies":[{"name":"wp","href":"https:\/\/api.w.org\/{rel}","templated":true}]}}