{"id":18389,"date":"2024-10-03T09:26:05","date_gmt":"2024-10-03T09:19:55","guid":{"rendered":"https:\/\/www.paucostafoundation.org\/?post_type=product&#038;p=18389"},"modified":"2025-08-18T12:46:41","modified_gmt":"2025-08-18T12:46:41","slug":"samarreta-de-la-pcf-dona","status":"publish","type":"product","link":"https:\/\/www.paucostafoundation.org\/ca\/producto\/samarreta-de-la-pcf-dona\/","title":{"rendered":"Samarreta de la PCF &#8211; Dona"},"content":{"rendered":"<p>Fa temps que quan la gent ens veu amb la samarreta de la Fundaci\u00f3, ens pregunten si la poden adquirir a algun lloc. Ara la resposta \u00e9s S\u00ed. Hem decidit posar a la venda la nostra samarreta en disseny home i dona, i amb diferents talles.<\/p>\n<p>Ens agradaria agrair el comprom\u00eds i la visibilitat que ens aportaran les persones que adquireixin una de les samarretes.<\/p>\n","protected":false},"excerpt":{"rendered":"<p>Samarreta de dona lleugerament entallada, color verd camuflatge, amb la frase &#8220;Fire is an ecological action&#8221; a la part frontal, en to groc.<\/p>\n<p>Talles disponibles:<\/p>\n<p>S (ample 40 cm; alt 64 cm)<\/p>\n<p>M (ample 43 cm; alt 65 cm)<\/p>\n<p>L (ample 48 cm; alt 67 cm)<\/p>\n<p>XL (ample 50 cm; alt 68 cm)<\/p>\n","protected":false},"featured_media":18387,"comment_status":"open","ping_status":"closed","template":"","meta":{"_acf_changed":false,"give_campaign_id":0},"product_brand":[],"product_cat":[125],"product_tag":[],"class_list":{"0":"post-18389","1":"product","2":"type-product","3":"status-publish","4":"has-post-thumbnail","6":"product_cat-camisetas-ca","7":"product_shipping_class-roba-ca","9":"first","10":"instock","11":"taxable","12":"shipping-taxable","13":"purchasable","14":"product-type-variable"},"acf":[],"yoast_head":"<!-- This site is optimized with the Yoast SEO plugin v26.3 - https:\/\/yoast.com\/wordpress\/plugins\/seo\/ -->\n<title>Samarreta de la PCF - Dona - Pau Costa Foundation<\/title>\n<meta name=\"robots\" content=\"index, follow, max-snippet:-1, max-image-preview:large, max-video-preview:-1\" \/>\n<link rel=\"canonical\" href=\"https:\/\/www.paucostafoundation.org\/ca\/producto\/samarreta-de-la-pcf-dona\/\" \/>\n<meta property=\"og:locale\" content=\"ca_ES\" \/>\n<meta property=\"og:type\" content=\"article\" \/>\n<meta property=\"og:title\" content=\"Samarreta de la PCF - Dona - Pau Costa Foundation\" \/>\n<meta property=\"og:description\" content=\"Samarreta de dona lleugerament entallada, color verd camuflatge, amb la frase &quot;Fire is an ecological action&quot; a la part frontal, en to groc.  Talles disponibles:  S (ample 40 cm; alt 64 cm)  M (ample 43 cm; alt 65 cm)  L (ample 48 cm; alt 67 cm)  XL (ample 50 cm; alt 68 cm)\" \/>\n<meta property=\"og:url\" content=\"https:\/\/www.paucostafoundation.org\/ca\/producto\/samarreta-de-la-pcf-dona\/\" \/>\n<meta property=\"og:site_name\" content=\"Pau Costa Foundation\" \/>\n<meta property=\"article:modified_time\" content=\"2025-08-18T12:46:41+00:00\" \/>\n<meta property=\"og:image\" content=\"https:\/\/www.paucostafoundation.org\/wp-content\/uploads\/2024\/10\/Samarreta_dona_PCF-scaled.jpg\" \/>\n\t<meta property=\"og:image:width\" content=\"1896\" \/>\n\t<meta property=\"og:image:height\" content=\"2560\" \/>\n\t<meta property=\"og:image:type\" content=\"image\/jpeg\" \/>\n<meta name=\"twitter:card\" content=\"summary_large_image\" \/>\n<meta name=\"twitter:label1\" content=\"Temps estimat de lectura\" \/>\n\t<meta name=\"twitter:data1\" content=\"1 minut\" \/>\n<script type=\"application\/ld+json\" class=\"yoast-schema-graph\">{\"@context\":\"https:\/\/schema.org\",\"@graph\":[{\"@type\":\"WebPage\",\"@id\":\"https:\/\/www.paucostafoundation.org\/ca\/producto\/samarreta-de-la-pcf-dona\/\",\"url\":\"https:\/\/www.paucostafoundation.org\/ca\/producto\/samarreta-de-la-pcf-dona\/\",\"name\":\"Samarreta de la PCF - Dona - Pau Costa Foundation\",\"isPartOf\":{\"@id\":\"https:\/\/www.paucostafoundation.org\/ca\/#website\"},\"primaryImageOfPage\":{\"@id\":\"https:\/\/www.paucostafoundation.org\/ca\/producto\/samarreta-de-la-pcf-dona\/#primaryimage\"},\"image\":{\"@id\":\"https:\/\/www.paucostafoundation.org\/ca\/producto\/samarreta-de-la-pcf-dona\/#primaryimage\"},\"thumbnailUrl\":\"https:\/\/www.paucostafoundation.org\/wp-content\/uploads\/2024\/10\/Samarreta_dona_PCF-scaled.jpg\",\"datePublished\":\"2024-10-03T09:19:55+00:00\",\"dateModified\":\"2025-08-18T12:46:41+00:00\",\"breadcrumb\":{\"@id\":\"https:\/\/www.paucostafoundation.org\/ca\/producto\/samarreta-de-la-pcf-dona\/#breadcrumb\"},\"inLanguage\":\"ca\",\"potentialAction\":[{\"@type\":\"ReadAction\",\"target\":[\"https:\/\/www.paucostafoundation.org\/ca\/producto\/samarreta-de-la-pcf-dona\/\"]}]},{\"@type\":\"ImageObject\",\"inLanguage\":\"ca\",\"@id\":\"https:\/\/www.paucostafoundation.org\/ca\/producto\/samarreta-de-la-pcf-dona\/#primaryimage\",\"url\":\"https:\/\/www.paucostafoundation.org\/wp-content\/uploads\/2024\/10\/Samarreta_dona_PCF-scaled.jpg\",\"contentUrl\":\"https:\/\/www.paucostafoundation.org\/wp-content\/uploads\/2024\/10\/Samarreta_dona_PCF-scaled.jpg\",\"width\":1896,\"height\":2560},{\"@type\":\"BreadcrumbList\",\"@id\":\"https:\/\/www.paucostafoundation.org\/ca\/producto\/samarreta-de-la-pcf-dona\/#breadcrumb\",\"itemListElement\":[{\"@type\":\"ListItem\",\"position\":1,\"name\":\"Inicio\",\"item\":\"https:\/\/www.paucostafoundation.org\/ca\/\"},{\"@type\":\"ListItem\",\"position\":2,\"name\":\"Botiga\",\"item\":\"https:\/\/www.paucostafoundation.org\/ca\/tienda-2\/\"},{\"@type\":\"ListItem\",\"position\":3,\"name\":\"Samarreta de la PCF &#8211; Dona\"}]},{\"@type\":\"WebSite\",\"@id\":\"https:\/\/www.paucostafoundation.org\/ca\/#website\",\"url\":\"https:\/\/www.paucostafoundation.org\/ca\/\",\"name\":\"Pau Costa Foundation\",\"description\":\"CONCIENCIA E INVESTIGA LOS INCENDIOS FORESTALES\",\"publisher\":{\"@id\":\"https:\/\/www.paucostafoundation.org\/ca\/#organization\"},\"potentialAction\":[{\"@type\":\"SearchAction\",\"target\":{\"@type\":\"EntryPoint\",\"urlTemplate\":\"https:\/\/www.paucostafoundation.org\/ca\/?s={search_term_string}\"},\"query-input\":{\"@type\":\"PropertyValueSpecification\",\"valueRequired\":true,\"valueName\":\"search_term_string\"}}],\"inLanguage\":\"ca\"},{\"@type\":\"Organization\",\"@id\":\"https:\/\/www.paucostafoundation.org\/ca\/#organization\",\"name\":\"Pau Costa Foundation\",\"url\":\"https:\/\/www.paucostafoundation.org\/ca\/\",\"logo\":{\"@type\":\"ImageObject\",\"inLanguage\":\"ca\",\"@id\":\"https:\/\/www.paucostafoundation.org\/ca\/#\/schema\/logo\/image\/\",\"url\":\"https:\/\/paucostafoundation.digitalnature.es\/wp-content\/uploads\/2021\/06\/logo.png\",\"contentUrl\":\"https:\/\/paucostafoundation.digitalnature.es\/wp-content\/uploads\/2021\/06\/logo.png\",\"width\":873,\"height\":358,\"caption\":\"Pau Costa Foundation\"},\"image\":{\"@id\":\"https:\/\/www.paucostafoundation.org\/ca\/#\/schema\/logo\/image\/\"}}]}<\/script>\n<!-- \/ Yoast SEO plugin. -->","yoast_head_json":{"title":"Samarreta de la PCF - Dona - Pau Costa Foundation","robots":{"index":"index","follow":"follow","max-snippet":"max-snippet:-1","max-image-preview":"max-image-preview:large","max-video-preview":"max-video-preview:-1"},"canonical":"https:\/\/www.paucostafoundation.org\/ca\/producto\/samarreta-de-la-pcf-dona\/","og_locale":"ca_ES","og_type":"article","og_title":"Samarreta de la PCF - Dona - Pau Costa Foundation","og_description":"Samarreta de dona lleugerament entallada, color verd camuflatge, amb la frase \"Fire is an ecological action\" a la part frontal, en to groc.  Talles disponibles:  S (ample 40 cm; alt 64 cm)  M (ample 43 cm; alt 65 cm)  L (ample 48 cm; alt 67 cm)  XL (ample 50 cm; alt 68 cm)","og_url":"https:\/\/www.paucostafoundation.org\/ca\/producto\/samarreta-de-la-pcf-dona\/","og_site_name":"Pau Costa Foundation","article_modified_time":"2025-08-18T12:46:41+00:00","og_image":[{"width":1896,"height":2560,"url":"https:\/\/www.paucostafoundation.org\/wp-content\/uploads\/2024\/10\/Samarreta_dona_PCF-scaled.jpg","type":"image\/jpeg"}],"twitter_card":"summary_large_image","twitter_misc":{"Temps estimat de lectura":"1 minut"},"schema":{"@context":"https:\/\/schema.org","@graph":[{"@type":"WebPage","@id":"https:\/\/www.paucostafoundation.org\/ca\/producto\/samarreta-de-la-pcf-dona\/","url":"https:\/\/www.paucostafoundation.org\/ca\/producto\/samarreta-de-la-pcf-dona\/","name":"Samarreta de la PCF - Dona - Pau Costa Foundation","isPartOf":{"@id":"https:\/\/www.paucostafoundation.org\/ca\/#website"},"primaryImageOfPage":{"@id":"https:\/\/www.paucostafoundation.org\/ca\/producto\/samarreta-de-la-pcf-dona\/#primaryimage"},"image":{"@id":"https:\/\/www.paucostafoundation.org\/ca\/producto\/samarreta-de-la-pcf-dona\/#primaryimage"},"thumbnailUrl":"https:\/\/www.paucostafoundation.org\/wp-content\/uploads\/2024\/10\/Samarreta_dona_PCF-scaled.jpg","datePublished":"2024-10-03T09:19:55+00:00","dateModified":"2025-08-18T12:46:41+00:00","breadcrumb":{"@id":"https:\/\/www.paucostafoundation.org\/ca\/producto\/samarreta-de-la-pcf-dona\/#breadcrumb"},"inLanguage":"ca","potentialAction":[{"@type":"ReadAction","target":["https:\/\/www.paucostafoundation.org\/ca\/producto\/samarreta-de-la-pcf-dona\/"]}]},{"@type":"ImageObject","inLanguage":"ca","@id":"https:\/\/www.paucostafoundation.org\/ca\/producto\/samarreta-de-la-pcf-dona\/#primaryimage","url":"https:\/\/www.paucostafoundation.org\/wp-content\/uploads\/2024\/10\/Samarreta_dona_PCF-scaled.jpg","contentUrl":"https:\/\/www.paucostafoundation.org\/wp-content\/uploads\/2024\/10\/Samarreta_dona_PCF-scaled.jpg","width":1896,"height":2560},{"@type":"BreadcrumbList","@id":"https:\/\/www.paucostafoundation.org\/ca\/producto\/samarreta-de-la-pcf-dona\/#breadcrumb","itemListElement":[{"@type":"ListItem","position":1,"name":"Inicio","item":"https:\/\/www.paucostafoundation.org\/ca\/"},{"@type":"ListItem","position":2,"name":"Botiga","item":"https:\/\/www.paucostafoundation.org\/ca\/tienda-2\/"},{"@type":"ListItem","position":3,"name":"Samarreta de la PCF &#8211; Dona"}]},{"@type":"WebSite","@id":"https:\/\/www.paucostafoundation.org\/ca\/#website","url":"https:\/\/www.paucostafoundation.org\/ca\/","name":"Pau Costa Foundation","description":"CONCIENCIA E INVESTIGA LOS INCENDIOS FORESTALES","publisher":{"@id":"https:\/\/www.paucostafoundation.org\/ca\/#organization"},"potentialAction":[{"@type":"SearchAction","target":{"@type":"EntryPoint","urlTemplate":"https:\/\/www.paucostafoundation.org\/ca\/?s={search_term_string}"},"query-input":{"@type":"PropertyValueSpecification","valueRequired":true,"valueName":"search_term_string"}}],"inLanguage":"ca"},{"@type":"Organization","@id":"https:\/\/www.paucostafoundation.org\/ca\/#organization","name":"Pau Costa Foundation","url":"https:\/\/www.paucostafoundation.org\/ca\/","logo":{"@type":"ImageObject","inLanguage":"ca","@id":"https:\/\/www.paucostafoundation.org\/ca\/#\/schema\/logo\/image\/","url":"https:\/\/paucostafoundation.digitalnature.es\/wp-content\/uploads\/2021\/06\/logo.png","contentUrl":"https:\/\/paucostafoundation.digitalnature.es\/wp-content\/uploads\/2021\/06\/logo.png","width":873,"height":358,"caption":"Pau Costa Foundation"},"image":{"@id":"https:\/\/www.paucostafoundation.org\/ca\/#\/schema\/logo\/image\/"}}]}},"_links":{"self":[{"href":"https:\/\/www.paucostafoundation.org\/ca\/wp-json\/wp\/v2\/product\/18389","targetHints":{"allow":["GET"]}}],"collection":[{"href":"https:\/\/www.paucostafoundation.org\/ca\/wp-json\/wp\/v2\/product"}],"about":[{"href":"https:\/\/www.paucostafoundation.org\/ca\/wp-json\/wp\/v2\/types\/product"}],"replies":[{"embeddable":true,"href":"https:\/\/www.paucostafoundation.org\/ca\/wp-json\/wp\/v2\/comments?post=18389"}],"wp:featuredmedia":[{"embeddable":true,"href":"https:\/\/www.paucostafoundation.org\/ca\/wp-json\/wp\/v2\/media\/18387"}],"wp:attachment":[{"href":"https:\/\/www.paucostafoundation.org\/ca\/wp-json\/wp\/v2\/media?parent=18389"}],"wp:term":[{"taxonomy":"product_brand","embeddable":true,"href":"https:\/\/www.paucostafoundation.org\/ca\/wp-json\/wp\/v2\/product_brand?post=18389"},{"taxonomy":"product_cat","embeddable":true,"href":"https:\/\/www.paucostafoundation.org\/ca\/wp-json\/wp\/v2\/product_cat?post=18389"},{"taxonomy":"product_tag","embeddable":true,"href":"https:\/\/www.paucostafoundation.org\/ca\/wp-json\/wp\/v2\/product_tag?post=18389"}],"curies":[{"name":"wp","href":"https:\/\/api.w.org\/{rel}","templated":true}]}}