{"id":2750,"date":"2021-06-22T08:23:57","date_gmt":"2021-06-22T08:23:57","guid":{"rendered":"https:\/\/paucostafoundation.digitalnature.es\/politica-de-privacidad\/"},"modified":"2023-09-20T06:45:29","modified_gmt":"2023-09-20T06:45:29","slug":"politica-de-privacitat","status":"publish","type":"page","link":"https:\/\/www.paucostafoundation.org\/ca\/politica-de-privacitat\/","title":{"rendered":"Pol\u00edtica de privacitat"},"content":{"rendered":"\n<p>La pol\u00edtica de privacitat pret\u00e9n informar els usuaris sobre la seva pol\u00edtica de protecci\u00f3 de dades de car\u00e0cter personal, amb la finalitat que decideixin lliure i volunt\u00e0riament si desitgen facilitar a l&#8217;PFC les dades personals que se&#8217;ls pugui requerir o obtenir com a conseq\u00fc\u00e8ncia de la subscripci\u00f3 o alta en algun dels canals del web. La PFC es reserva la facultat d&#8217;adaptar aquesta pol\u00edtica a les novetats legislatives. En aquest sup\u00f2sit, s&#8217;anunciaran els canvis introdu\u00efts amb la major antelaci\u00f3 possible.<\/p>\n\n\n\n<p><strong><u>RESPONSABLE DEL TRACTAMENT<\/u><\/strong><\/p>\n\n\n\n<p>FUNDACI\u00d3 PAU COSTA (PAU COSTA FOUNDATION) G55536098, amb domicili a l&#8217;Avinguda Moss\u00e8n Cinto Verdaguer, 42, Escala A, Baixos A, 08552, Taradell Tel\u00e8fon 677178666 i mail\u00a0info@paucostafoundation.org<\/p>\n\n\n\n<p><strong><u>FINALITAT<\/u><\/strong><\/p>\n\n\n\n<p>La finalitat de la creaci\u00f3, exist\u00e8ncia i manteniment \u00e9s el tractament de les dades amb exclusius fins de de poder fer efectiu el nostre servei \/ relaci\u00f3 comercial i realitzar la facturaci\u00f3 de la mateixa aix\u00ed com la seva alta com a membre de la fundaci\u00f3 i mantenir-lo informat d&#8217;oportunitats i \/ o activitats que es puguin generar, aix\u00ed com el cobrament de la quota corresponent.<\/p>\n\n\n\n<p><strong><u>LEGITIMACI\u00d3<\/u><\/strong><\/p>\n\n\n\n<p>La base legal per al tractament de les seves dades \u00e9s l&#8217;execuci\u00f3 de la prestaci\u00f3 de servei entre el titular de la dada i el responsable de l&#8217;tractament i aquesta informaci\u00f3 personal es conservar\u00e0 mentre es mantingui la prestaci\u00f3 de la mateixa o durant el temps estrictament necessari per complir amb les obligacions legals.<\/p>\n\n\n\n<p><strong><u>COMUNICACIONS COMERCIALS<\/u><\/strong><\/p>\n\n\n\n<p>Aix\u00ed mateix i en base al seu consentiment atorgat de manera afirmativa i expressa, ens permet poder enviar-li informaci\u00f3 comercial sobre els nostres serveis i novetats a trav\u00e9s de correu electr\u00f2nic. Aquest consentiment podr\u00e0 ser revocat en qualsevol moment a trav\u00e9s del nostre correu electr\u00f2nic&nbsp;info@paucostafoundation.org<\/p>\n\n\n\n<p><strong><u>PER\u00cdODE DE CONSERVACI\u00d3<\/u><\/strong><\/p>\n\n\n\n<p>Les dades proporcionades es conservaran mentre es mantingui la prestaci\u00f3 de servei o durant els anys necessaris per complir amb les obligacions legals<\/p>\n\n\n\n<p><strong><u>DESTINATARIS<\/u><\/strong><\/p>\n\n\n\n<p>Mentre duri el tractament de les dades de l&#8217;interessat, FUNDACI\u00d3 PAU COSTA (PAU COSTA FOUNDATION) no cedir\u00e0 les dades a tercers, llevat que hi hagi obligaci\u00f3 legal.<\/p>\n\n\n\n<p>En els sup\u00f2sits que, per a la realitzaci\u00f3 de tractaments de tipus administratiu, fiscal, comptable i \/ o comercial, es compti amb els serveis de tercers, es formalitzar\u00e0 degudament el preceptiu contracte d&#8217;encarregat de tractament, amb la finalitat de garantir la seguretat i confidencialitat de les dades de l&#8217;interessat davant de tercers.<\/p>\n\n\n\n<p><strong><u>DRETS<\/u><\/strong><\/p>\n\n\n\n<p>Les persones interessades tenen dret a accedir a les seves dades de car\u00e0cter personal, aix\u00ed com a sol\u00b7licitar la rectificaci\u00f3 de dades inexactes o, si escau, sol\u00b7licitar la supressi\u00f3 quan, entre d&#8217;altres motius, les dades ja no siguin necessaris per a la finalitat que van ser lliurats aix\u00ed com retirar el consentiment atorgat. L&#8217;exercici d&#8217;oposici\u00f3 a el tractament de les seves dades per a l&#8217;enviament d&#8217;informaci\u00f3 publicit\u00e0ria per via electr\u00f2nica. Tamb\u00e9 pot exercir el seu dret a la limitaci\u00f3 de l&#8217;tractament, de manera que les seves dades no seran suprimits per\u00f2 el tractament dels mateixos estar\u00e0 subjecte a limitacions.<\/p>\n\n\n\n<p>Els exercicis de portabilitat i automatitzaci\u00f3 de decisions no apliquen en aquest cas per la tipologia de dades i tractament dels mateixos.<\/p>\n","protected":false},"excerpt":{"rendered":"<p>La pol\u00edtica de privacitat pret\u00e9n informar els usuaris sobre la seva pol\u00edtica de protecci\u00f3 de dades de car\u00e0cter personal, amb la finalitat que decideixin lliure i volunt\u00e0riament si desitgen facilitar a l&#8217;PFC les dades personals que se&#8217;ls pugui requerir o obtenir com a conseq\u00fc\u00e8ncia de la subscripci\u00f3 o alta en algun dels canals del web. [&hellip;]<\/p>\n","protected":false},"author":12,"featured_media":0,"parent":0,"menu_order":0,"comment_status":"closed","ping_status":"closed","template":"","meta":{"_acf_changed":false,"give_campaign_id":0,"footnotes":""},"class_list":["post-2750","page","type-page","status-publish","hentry"],"acf":[],"yoast_head":"<!-- This site is optimized with the Yoast SEO plugin v26.3 - https:\/\/yoast.com\/wordpress\/plugins\/seo\/ -->\n<title>Pol\u00edtica de privacitat<\/title>\n<meta name=\"robots\" content=\"index, follow, max-snippet:-1, max-image-preview:large, max-video-preview:-1\" \/>\n<link rel=\"canonical\" href=\"https:\/\/www.paucostafoundation.org\/ca\/politica-de-privacitat\/\" \/>\n<meta property=\"og:locale\" content=\"ca_ES\" \/>\n<meta property=\"og:type\" content=\"article\" \/>\n<meta property=\"og:title\" content=\"Pol\u00edtica de privacitat\" \/>\n<meta property=\"og:description\" content=\"La pol\u00edtica de privacitat pret\u00e9n informar els usuaris sobre la seva pol\u00edtica de protecci\u00f3 de dades de car\u00e0cter personal, amb la finalitat que decideixin lliure i volunt\u00e0riament si desitgen facilitar a l&#8217;PFC les dades personals que se&#8217;ls pugui requerir o obtenir com a conseq\u00fc\u00e8ncia de la subscripci\u00f3 o alta en algun dels canals del web. [&hellip;]\" \/>\n<meta property=\"og:url\" content=\"https:\/\/www.paucostafoundation.org\/ca\/politica-de-privacitat\/\" \/>\n<meta property=\"og:site_name\" content=\"Pau Costa Foundation\" \/>\n<meta property=\"article:modified_time\" content=\"2023-09-20T06:45:29+00:00\" \/>\n<meta name=\"twitter:card\" content=\"summary_large_image\" \/>\n<meta name=\"twitter:label1\" content=\"Temps estimat de lectura\" \/>\n\t<meta name=\"twitter:data1\" content=\"3 minuts\" \/>\n<script type=\"application\/ld+json\" class=\"yoast-schema-graph\">{\"@context\":\"https:\/\/schema.org\",\"@graph\":[{\"@type\":\"WebPage\",\"@id\":\"https:\/\/www.paucostafoundation.org\/ca\/politica-de-privacitat\/\",\"url\":\"https:\/\/www.paucostafoundation.org\/ca\/politica-de-privacitat\/\",\"name\":\"Pol\u00edtica de privacitat\",\"isPartOf\":{\"@id\":\"https:\/\/www.paucostafoundation.org\/ca\/#website\"},\"datePublished\":\"2021-06-22T08:23:57+00:00\",\"dateModified\":\"2023-09-20T06:45:29+00:00\",\"breadcrumb\":{\"@id\":\"https:\/\/www.paucostafoundation.org\/ca\/politica-de-privacitat\/#breadcrumb\"},\"inLanguage\":\"ca\",\"potentialAction\":[{\"@type\":\"ReadAction\",\"target\":[\"https:\/\/www.paucostafoundation.org\/ca\/politica-de-privacitat\/\"]}]},{\"@type\":\"BreadcrumbList\",\"@id\":\"https:\/\/www.paucostafoundation.org\/ca\/politica-de-privacitat\/#breadcrumb\",\"itemListElement\":[{\"@type\":\"ListItem\",\"position\":1,\"name\":\"Inicio\",\"item\":\"https:\/\/www.paucostafoundation.org\/ca\/\"},{\"@type\":\"ListItem\",\"position\":2,\"name\":\"Pol\u00edtica de privacitat\"}]},{\"@type\":\"WebSite\",\"@id\":\"https:\/\/www.paucostafoundation.org\/ca\/#website\",\"url\":\"https:\/\/www.paucostafoundation.org\/ca\/\",\"name\":\"Pau Costa Foundation\",\"description\":\"CONCIENCIA E INVESTIGA LOS INCENDIOS FORESTALES\",\"publisher\":{\"@id\":\"https:\/\/www.paucostafoundation.org\/ca\/#organization\"},\"potentialAction\":[{\"@type\":\"SearchAction\",\"target\":{\"@type\":\"EntryPoint\",\"urlTemplate\":\"https:\/\/www.paucostafoundation.org\/ca\/?s={search_term_string}\"},\"query-input\":{\"@type\":\"PropertyValueSpecification\",\"valueRequired\":true,\"valueName\":\"search_term_string\"}}],\"inLanguage\":\"ca\"},{\"@type\":\"Organization\",\"@id\":\"https:\/\/www.paucostafoundation.org\/ca\/#organization\",\"name\":\"Pau Costa Foundation\",\"url\":\"https:\/\/www.paucostafoundation.org\/ca\/\",\"logo\":{\"@type\":\"ImageObject\",\"inLanguage\":\"ca\",\"@id\":\"https:\/\/www.paucostafoundation.org\/ca\/#\/schema\/logo\/image\/\",\"url\":\"https:\/\/paucostafoundation.digitalnature.es\/wp-content\/uploads\/2021\/06\/logo.png\",\"contentUrl\":\"https:\/\/paucostafoundation.digitalnature.es\/wp-content\/uploads\/2021\/06\/logo.png\",\"width\":873,\"height\":358,\"caption\":\"Pau Costa Foundation\"},\"image\":{\"@id\":\"https:\/\/www.paucostafoundation.org\/ca\/#\/schema\/logo\/image\/\"}}]}<\/script>\n<!-- \/ Yoast SEO plugin. -->","yoast_head_json":{"title":"Pol\u00edtica de privacitat","robots":{"index":"index","follow":"follow","max-snippet":"max-snippet:-1","max-image-preview":"max-image-preview:large","max-video-preview":"max-video-preview:-1"},"canonical":"https:\/\/www.paucostafoundation.org\/ca\/politica-de-privacitat\/","og_locale":"ca_ES","og_type":"article","og_title":"Pol\u00edtica de privacitat","og_description":"La pol\u00edtica de privacitat pret\u00e9n informar els usuaris sobre la seva pol\u00edtica de protecci\u00f3 de dades de car\u00e0cter personal, amb la finalitat que decideixin lliure i volunt\u00e0riament si desitgen facilitar a l&#8217;PFC les dades personals que se&#8217;ls pugui requerir o obtenir com a conseq\u00fc\u00e8ncia de la subscripci\u00f3 o alta en algun dels canals del web. [&hellip;]","og_url":"https:\/\/www.paucostafoundation.org\/ca\/politica-de-privacitat\/","og_site_name":"Pau Costa Foundation","article_modified_time":"2023-09-20T06:45:29+00:00","twitter_card":"summary_large_image","twitter_misc":{"Temps estimat de lectura":"3 minuts"},"schema":{"@context":"https:\/\/schema.org","@graph":[{"@type":"WebPage","@id":"https:\/\/www.paucostafoundation.org\/ca\/politica-de-privacitat\/","url":"https:\/\/www.paucostafoundation.org\/ca\/politica-de-privacitat\/","name":"Pol\u00edtica de privacitat","isPartOf":{"@id":"https:\/\/www.paucostafoundation.org\/ca\/#website"},"datePublished":"2021-06-22T08:23:57+00:00","dateModified":"2023-09-20T06:45:29+00:00","breadcrumb":{"@id":"https:\/\/www.paucostafoundation.org\/ca\/politica-de-privacitat\/#breadcrumb"},"inLanguage":"ca","potentialAction":[{"@type":"ReadAction","target":["https:\/\/www.paucostafoundation.org\/ca\/politica-de-privacitat\/"]}]},{"@type":"BreadcrumbList","@id":"https:\/\/www.paucostafoundation.org\/ca\/politica-de-privacitat\/#breadcrumb","itemListElement":[{"@type":"ListItem","position":1,"name":"Inicio","item":"https:\/\/www.paucostafoundation.org\/ca\/"},{"@type":"ListItem","position":2,"name":"Pol\u00edtica de privacitat"}]},{"@type":"WebSite","@id":"https:\/\/www.paucostafoundation.org\/ca\/#website","url":"https:\/\/www.paucostafoundation.org\/ca\/","name":"Pau Costa Foundation","description":"CONCIENCIA E INVESTIGA LOS INCENDIOS FORESTALES","publisher":{"@id":"https:\/\/www.paucostafoundation.org\/ca\/#organization"},"potentialAction":[{"@type":"SearchAction","target":{"@type":"EntryPoint","urlTemplate":"https:\/\/www.paucostafoundation.org\/ca\/?s={search_term_string}"},"query-input":{"@type":"PropertyValueSpecification","valueRequired":true,"valueName":"search_term_string"}}],"inLanguage":"ca"},{"@type":"Organization","@id":"https:\/\/www.paucostafoundation.org\/ca\/#organization","name":"Pau Costa Foundation","url":"https:\/\/www.paucostafoundation.org\/ca\/","logo":{"@type":"ImageObject","inLanguage":"ca","@id":"https:\/\/www.paucostafoundation.org\/ca\/#\/schema\/logo\/image\/","url":"https:\/\/paucostafoundation.digitalnature.es\/wp-content\/uploads\/2021\/06\/logo.png","contentUrl":"https:\/\/paucostafoundation.digitalnature.es\/wp-content\/uploads\/2021\/06\/logo.png","width":873,"height":358,"caption":"Pau Costa Foundation"},"image":{"@id":"https:\/\/www.paucostafoundation.org\/ca\/#\/schema\/logo\/image\/"}}]}},"campaignId":"","_links":{"self":[{"href":"https:\/\/www.paucostafoundation.org\/ca\/wp-json\/wp\/v2\/pages\/2750","targetHints":{"allow":["GET"]}}],"collection":[{"href":"https:\/\/www.paucostafoundation.org\/ca\/wp-json\/wp\/v2\/pages"}],"about":[{"href":"https:\/\/www.paucostafoundation.org\/ca\/wp-json\/wp\/v2\/types\/page"}],"author":[{"embeddable":true,"href":"https:\/\/www.paucostafoundation.org\/ca\/wp-json\/wp\/v2\/users\/12"}],"replies":[{"embeddable":true,"href":"https:\/\/www.paucostafoundation.org\/ca\/wp-json\/wp\/v2\/comments?post=2750"}],"version-history":[{"count":2,"href":"https:\/\/www.paucostafoundation.org\/ca\/wp-json\/wp\/v2\/pages\/2750\/revisions"}],"predecessor-version":[{"id":13242,"href":"https:\/\/www.paucostafoundation.org\/ca\/wp-json\/wp\/v2\/pages\/2750\/revisions\/13242"}],"wp:attachment":[{"href":"https:\/\/www.paucostafoundation.org\/ca\/wp-json\/wp\/v2\/media?parent=2750"}],"curies":[{"name":"wp","href":"https:\/\/api.w.org\/{rel}","templated":true}]}}