{"id":2744,"date":"2021-06-22T08:25:14","date_gmt":"2021-06-22T08:25:14","guid":{"rendered":"https:\/\/paucostafoundation.digitalnature.es\/politica-de-cookies\/"},"modified":"2021-09-15T12:16:05","modified_gmt":"2021-09-15T12:16:05","slug":"politica-de-cookies","status":"publish","type":"page","link":"https:\/\/www.paucostafoundation.org\/ca\/politica-de-cookies\/","title":{"rendered":"Pol\u00edtica de cookies"},"content":{"rendered":"\n<p>Les cookies s\u00f3n uns arxius que s&#8217;instal\u00b7len en el navegador des del qual accedeixes a la nostra web amb les finalitats que es descriuen en aquesta p\u00e0gina. A internet es fan servir les galetes per a molts prop\u00f2sits; en general, una cookie identifica un punt d&#8217;acc\u00e9s perqu\u00e8 la web que est\u00e0s visitant s\u00e0piga quines accions realitzes en ella (donar-te d&#8217;alta o saber si est\u00e0s loguejat, per exemple). , \u00c9s per aix\u00f2 que la llei d&#8217;internet (segons l&#8217;apartat 2 de l&#8217;article 22 de la LSSI) ens obliga a informar-te de les galetes que podrien posar en perill la teva privacitat abans d&#8217;instal\u00b7lar-les, quedant exemptes d&#8217;aquesta Llei les galetes destinades purament a la navegaci\u00f3 normal.<\/p>\n\n\n\n<p>Podem distingir dos tipus de cookies: les pr\u00f2pies i les de tercers.<\/p>\n\n\n\n<ol class=\"wp-block-list\"><li>Les galetes pr\u00f2pies, les generem nosaltres i per tant podem garantir que es tracta de cookies destinades a la pura navegaci\u00f3 de la nostra web i que, per tant, estan exemptes de l&#8217;aplicaci\u00f3 de la llei (per m\u00e9s info veure p\u00e0gines 4 i 5 de la &#8220;Guia d&#8217;\u00fas de les galetes&#8221; de l&#8217;Ag\u00e8ncia Espanyola de Protecci\u00f3 de dades: http:\/\/www.agpd.es\/portalwebAGPD\/canaldocumentacion\/publicaciones\/common&#8230;)<\/li><li>Les galetes de tercers, per\u00f2, no les instal\u00b7lem nosaltres, sin\u00f3 els diversos connectors est\u00e0ndard que fem servir (per exemple, connectors d&#8217;inserci\u00f3 de v\u00eddeos, mapes, flickr, issuu i google analytics). No tenim const\u00e0ncia que hi hagi pr\u00e0ctiques fraudulentes per part d&#8217;aquestes empreses a l&#8217;hora de gestionar la teva privacitat, per\u00f2 al no dependre de nosaltres, tampoc podem garantir quines cookies s&#8217;instal\u00b7len ni per a qu\u00e8 fi. Per aix\u00f2, la quantitat i el nom de les galetes de tercers que esmentem en aquesta p\u00e0gina de pol\u00edtica de cookies, es refereixen exclusivament a les galetes que hem detectat en l&#8217;\u00faltima data de revisi\u00f3 de la present p\u00e0gina, ja que aquestes podrien canviar amb el temps.<\/li><\/ol>\n\n\n\n<p>Per tot aix\u00f2, a l&#8217;visitar la nostra web s&#8217;instal\u00b7laran per defecte les nostres cookies pr\u00f2pies destinades a navegaci\u00f3 i nom\u00e9s s&#8217;instal\u00b7laran les galetes de tercers si acceptes la nostra pol\u00edtica de privacitat, segons l&#8217;av\u00eds que apareix en cap\u00e7alera, donat el cas.<\/p>\n\n\n\n<p>Aplicar la llei en aquest cas suposa controlar tots els continguts, un per un, que continguin algun plugin de tercers, de manera que estem en constant revisi\u00f3, sobretot dels continguts antics. Si detectases algun cas, preguem ens ho facis saber des de la nostra secci\u00f3 de Contacte, indicant la URL de la p\u00e0gina perqu\u00e8 puguem actualitzar-la d&#8217;acord amb el descrit.<\/p>\n\n\n\n<p>Les galetes de tercers solen instal\u00b7lar-se sota el nom de domini d&#8217;aquest tercer (youtube, flickr, google analytics google, etc), de manera que \u00e9s possible que tinguis aquestes cookies instal\u00b7lades gr\u00e0cies al fet que has visitat altres webs i acceptat la seva pr\u00f2pia pol\u00edtica de cookies . Per saber quines cookies et s&#8217;instal\u00b7la cada web, necessitar\u00e0s tenir obert un sol web (pestanya) al navegador, netejar totes les galetes, navegar a trav\u00e9s d&#8217;aquesta web i tornar a consultar les cookies instal\u00b7lades. Aquest proc\u00e9s implicar\u00e0 que el navegador oblidi totes les prefer\u00e8ncies de les webs que has anat visitant, de manera que si tenies un &#8220;Recordar connexi\u00f3&#8221; o &#8220;Recordar-loguado&#8221; en correus web o xarxes socials, simplement haur\u00e0s de fer login de nou, per aix\u00f2 pot ser recomanable no utilitzar el teu navegador habitual.<\/p>\n\n\n\n<p><strong>Galetes pr\u00f2pies<\/strong><\/p>\n\n\n\n<p>PHP Session (PHPSESSID): Variable de sessi\u00f3 que controla accessos a zones d&#8217;usuari a la web.<\/p>\n\n\n\n<p><strong>Cookies de tercers<\/strong><\/p>\n\n\n\n<p>Galetes de Youtube<\/p>\n\n\n\n<p>Galetes de Flickr: BX i xb. Aquestes galetes s&#8217;instal\u00b7len a l&#8217;mostrar qualsevol foto o galeria de fotos de flickr. Apareixen sota el domini &#8220;www.flickr.com&#8221;.<\/p>\n\n\n\n<p>Galetes de Google, Google Maps: NID, PREF i similars En el nostre cas, aquestes galetes s&#8217;instal\u00b7len a l&#8217;mostrar el mapa de Google Maps. Apareixen sota el domini de &#8220;google.es&#8221;, &#8220;google.com&#8221;, etc.<\/p>\n\n\n\n<p>Galetes d&#8217;Analytics: _ga, _gat, __utma, __utmb, __utmc, __ utmz i similars Encara que s\u00f3n de tercers, aquestes galetes apareixen sota el nostre domini, ja que aix\u00ed intenta Google demostrar que no pot accedir a aquestes galetes a trav\u00e9s d&#8217;altres webs. \u00c9s a dir, suposadament s\u00f3n menys invasives. Utilitzem Google Analytics per obtenir i analitzar la informaci\u00f3 de la navegaci\u00f3 dels nostres usuaris:&nbsp;<a href=\"http:\/\/www.google.com\/analytics\/\">www.google.com\/analytics\/<\/a>&nbsp;y&nbsp;<a href=\"http:\/\/www.google.es\/intl\/es\/analytics\/privacyoverview.html\">www.google.es\/intl\/es\/analytics\/privacyoverview.html<\/a><\/p>\n\n\n\n<p>Galetes de Issuu: iutk. Aquestes galetes s&#8217;instal\u00b7len per recordar la seva dispositiu i el seu historial de visita dels documents Issuu. Apareixen sota el domini &#8220;issuu.com&#8221;.<\/p>\n\n\n\n<p>Galetes d&#8217;Instagram<\/p>\n\n\n\n<p>Galetes de Quantserve: mc. Aquestes galetes ens ajuden a oferir publicitat dirigida als visitants del nostre lloc web quan visiten llocs web de tercers. Apareixen sota el domini &#8220;quantserve.com&#8221;.<\/p>\n\n\n\n<p>Com la meva configuraci\u00f3 per restingir totes o algunes galetes Per permetre, con\u00e8ixer, bloquejar o eliminar les cookies instal\u00b7lades en el teu equip pots fer-ho mitjan\u00e7ant la configuraci\u00f3 de les opcions de el navegador instal\u00b7lat al teu ordinador. Els navegadors solen tenir una configuraci\u00f3 que et pregunta sempre si vols acceptar les galetes de cada web que visites, o directament desactivar l&#8217;\u00fas complet de cookies. Per exemple, pots trobar informaci\u00f3 sobre com fer-ho en el cas que facis servir com a navegador:<\/p>\n\n\n\n<p>Firefox des d&#8217;aqu\u00ed:&nbsp;<a href=\"http:\/\/support.mozilla.org\/es\/kb\/habilitar-y-deshabilitar-cookies-que-los-sitios-we\">http:\/\/support.mozilla.org\/es\/kb\/habilitar-y-deshabilitar-cookies-que-los-sitios-we<\/a><\/p>\n\n\n\n<p>Chrome des d&#8217;aqu\u00ed:&nbsp;<a href=\"http:\/\/support.google.com\/chrome\/bin\/answer.py?hl=es&amp;answer=95647\">http:\/\/support.google.com\/chrome\/bin\/answer.py?hl=es&amp;answer=95647<\/a><\/p>\n\n\n\n<p>Explorer des d&#8217;aqu\u00ed:&nbsp;<a href=\"http:\/\/windows.microsoft.com\/es-es\/windows7\/how-to-manage-cookies-in-internet-explorer-9\">http:\/\/windows.microsoft.com\/es-es\/windows7\/how-to-manage-cookies-in-internet-explorer-9<\/a><\/p>\n\n\n\n<p>Safari des d&#8217;aqu\u00ed:&nbsp;<a href=\"http:\/\/support.apple.com\/kb\/ph5042\">http:\/\/support.apple.com\/kb\/ph5042<\/a><\/p>\n\n\n\n<p>Opera des d&#8217;aqu\u00ed:&nbsp;<a href=\"http:\/\/help.opera.com\/Windows\/11.50\/es-ES\/cookies.html\">http:\/\/help.opera.com\/Windows\/11.50\/es-ES\/cookies.html<\/a><\/p>\n\n\n\n<p>P\u00e0gina actualitzada el 5\/12\/2014<\/p>\n","protected":false},"excerpt":{"rendered":"<p>Les cookies s\u00f3n uns arxius que s&#8217;instal\u00b7len en el navegador des del qual accedeixes a la nostra web amb les finalitats que es descriuen en aquesta p\u00e0gina. A internet es fan servir les galetes per a molts prop\u00f2sits; en general, una cookie identifica un punt d&#8217;acc\u00e9s perqu\u00e8 la web que est\u00e0s visitant s\u00e0piga quines accions [&hellip;]<\/p>\n","protected":false},"author":12,"featured_media":0,"parent":0,"menu_order":0,"comment_status":"closed","ping_status":"closed","template":"","meta":{"_acf_changed":false,"give_campaign_id":0,"footnotes":""},"class_list":["post-2744","page","type-page","status-publish","hentry"],"acf":[],"yoast_head":"<!-- This site is optimized with the Yoast SEO plugin v26.3 - https:\/\/yoast.com\/wordpress\/plugins\/seo\/ -->\n<title>Pol\u00edtica de cookies<\/title>\n<meta name=\"robots\" content=\"index, follow, max-snippet:-1, max-image-preview:large, max-video-preview:-1\" \/>\n<link rel=\"canonical\" href=\"https:\/\/www.paucostafoundation.org\/ca\/politica-de-cookies\/\" \/>\n<meta property=\"og:locale\" content=\"ca_ES\" \/>\n<meta property=\"og:type\" content=\"article\" \/>\n<meta property=\"og:title\" content=\"Pol\u00edtica de cookies\" \/>\n<meta property=\"og:description\" content=\"Les cookies s\u00f3n uns arxius que s&#8217;instal\u00b7len en el navegador des del qual accedeixes a la nostra web amb les finalitats que es descriuen en aquesta p\u00e0gina. A internet es fan servir les galetes per a molts prop\u00f2sits; en general, una cookie identifica un punt d&#8217;acc\u00e9s perqu\u00e8 la web que est\u00e0s visitant s\u00e0piga quines accions [&hellip;]\" \/>\n<meta property=\"og:url\" content=\"https:\/\/www.paucostafoundation.org\/ca\/politica-de-cookies\/\" \/>\n<meta property=\"og:site_name\" content=\"Pau Costa Foundation\" \/>\n<meta property=\"article:modified_time\" content=\"2021-09-15T12:16:05+00:00\" \/>\n<meta name=\"twitter:card\" content=\"summary_large_image\" \/>\n<meta name=\"twitter:label1\" content=\"Temps estimat de lectura\" \/>\n\t<meta name=\"twitter:data1\" content=\"4 minuts\" \/>\n<script type=\"application\/ld+json\" class=\"yoast-schema-graph\">{\"@context\":\"https:\/\/schema.org\",\"@graph\":[{\"@type\":\"WebPage\",\"@id\":\"https:\/\/www.paucostafoundation.org\/ca\/politica-de-cookies\/\",\"url\":\"https:\/\/www.paucostafoundation.org\/ca\/politica-de-cookies\/\",\"name\":\"Pol\u00edtica de cookies\",\"isPartOf\":{\"@id\":\"https:\/\/www.paucostafoundation.org\/ca\/#website\"},\"datePublished\":\"2021-06-22T08:25:14+00:00\",\"dateModified\":\"2021-09-15T12:16:05+00:00\",\"breadcrumb\":{\"@id\":\"https:\/\/www.paucostafoundation.org\/ca\/politica-de-cookies\/#breadcrumb\"},\"inLanguage\":\"ca\",\"potentialAction\":[{\"@type\":\"ReadAction\",\"target\":[\"https:\/\/www.paucostafoundation.org\/ca\/politica-de-cookies\/\"]}]},{\"@type\":\"BreadcrumbList\",\"@id\":\"https:\/\/www.paucostafoundation.org\/ca\/politica-de-cookies\/#breadcrumb\",\"itemListElement\":[{\"@type\":\"ListItem\",\"position\":1,\"name\":\"Inicio\",\"item\":\"https:\/\/www.paucostafoundation.org\/ca\/\"},{\"@type\":\"ListItem\",\"position\":2,\"name\":\"Pol\u00edtica de cookies\"}]},{\"@type\":\"WebSite\",\"@id\":\"https:\/\/www.paucostafoundation.org\/ca\/#website\",\"url\":\"https:\/\/www.paucostafoundation.org\/ca\/\",\"name\":\"Pau Costa Foundation\",\"description\":\"CONCIENCIA E INVESTIGA LOS INCENDIOS FORESTALES\",\"publisher\":{\"@id\":\"https:\/\/www.paucostafoundation.org\/ca\/#organization\"},\"potentialAction\":[{\"@type\":\"SearchAction\",\"target\":{\"@type\":\"EntryPoint\",\"urlTemplate\":\"https:\/\/www.paucostafoundation.org\/ca\/?s={search_term_string}\"},\"query-input\":{\"@type\":\"PropertyValueSpecification\",\"valueRequired\":true,\"valueName\":\"search_term_string\"}}],\"inLanguage\":\"ca\"},{\"@type\":\"Organization\",\"@id\":\"https:\/\/www.paucostafoundation.org\/ca\/#organization\",\"name\":\"Pau Costa Foundation\",\"url\":\"https:\/\/www.paucostafoundation.org\/ca\/\",\"logo\":{\"@type\":\"ImageObject\",\"inLanguage\":\"ca\",\"@id\":\"https:\/\/www.paucostafoundation.org\/ca\/#\/schema\/logo\/image\/\",\"url\":\"https:\/\/paucostafoundation.digitalnature.es\/wp-content\/uploads\/2021\/06\/logo.png\",\"contentUrl\":\"https:\/\/paucostafoundation.digitalnature.es\/wp-content\/uploads\/2021\/06\/logo.png\",\"width\":873,\"height\":358,\"caption\":\"Pau Costa Foundation\"},\"image\":{\"@id\":\"https:\/\/www.paucostafoundation.org\/ca\/#\/schema\/logo\/image\/\"}}]}<\/script>\n<!-- \/ Yoast SEO plugin. -->","yoast_head_json":{"title":"Pol\u00edtica de cookies","robots":{"index":"index","follow":"follow","max-snippet":"max-snippet:-1","max-image-preview":"max-image-preview:large","max-video-preview":"max-video-preview:-1"},"canonical":"https:\/\/www.paucostafoundation.org\/ca\/politica-de-cookies\/","og_locale":"ca_ES","og_type":"article","og_title":"Pol\u00edtica de cookies","og_description":"Les cookies s\u00f3n uns arxius que s&#8217;instal\u00b7len en el navegador des del qual accedeixes a la nostra web amb les finalitats que es descriuen en aquesta p\u00e0gina. A internet es fan servir les galetes per a molts prop\u00f2sits; en general, una cookie identifica un punt d&#8217;acc\u00e9s perqu\u00e8 la web que est\u00e0s visitant s\u00e0piga quines accions [&hellip;]","og_url":"https:\/\/www.paucostafoundation.org\/ca\/politica-de-cookies\/","og_site_name":"Pau Costa Foundation","article_modified_time":"2021-09-15T12:16:05+00:00","twitter_card":"summary_large_image","twitter_misc":{"Temps estimat de lectura":"4 minuts"},"schema":{"@context":"https:\/\/schema.org","@graph":[{"@type":"WebPage","@id":"https:\/\/www.paucostafoundation.org\/ca\/politica-de-cookies\/","url":"https:\/\/www.paucostafoundation.org\/ca\/politica-de-cookies\/","name":"Pol\u00edtica de cookies","isPartOf":{"@id":"https:\/\/www.paucostafoundation.org\/ca\/#website"},"datePublished":"2021-06-22T08:25:14+00:00","dateModified":"2021-09-15T12:16:05+00:00","breadcrumb":{"@id":"https:\/\/www.paucostafoundation.org\/ca\/politica-de-cookies\/#breadcrumb"},"inLanguage":"ca","potentialAction":[{"@type":"ReadAction","target":["https:\/\/www.paucostafoundation.org\/ca\/politica-de-cookies\/"]}]},{"@type":"BreadcrumbList","@id":"https:\/\/www.paucostafoundation.org\/ca\/politica-de-cookies\/#breadcrumb","itemListElement":[{"@type":"ListItem","position":1,"name":"Inicio","item":"https:\/\/www.paucostafoundation.org\/ca\/"},{"@type":"ListItem","position":2,"name":"Pol\u00edtica de cookies"}]},{"@type":"WebSite","@id":"https:\/\/www.paucostafoundation.org\/ca\/#website","url":"https:\/\/www.paucostafoundation.org\/ca\/","name":"Pau Costa Foundation","description":"CONCIENCIA E INVESTIGA LOS INCENDIOS FORESTALES","publisher":{"@id":"https:\/\/www.paucostafoundation.org\/ca\/#organization"},"potentialAction":[{"@type":"SearchAction","target":{"@type":"EntryPoint","urlTemplate":"https:\/\/www.paucostafoundation.org\/ca\/?s={search_term_string}"},"query-input":{"@type":"PropertyValueSpecification","valueRequired":true,"valueName":"search_term_string"}}],"inLanguage":"ca"},{"@type":"Organization","@id":"https:\/\/www.paucostafoundation.org\/ca\/#organization","name":"Pau Costa Foundation","url":"https:\/\/www.paucostafoundation.org\/ca\/","logo":{"@type":"ImageObject","inLanguage":"ca","@id":"https:\/\/www.paucostafoundation.org\/ca\/#\/schema\/logo\/image\/","url":"https:\/\/paucostafoundation.digitalnature.es\/wp-content\/uploads\/2021\/06\/logo.png","contentUrl":"https:\/\/paucostafoundation.digitalnature.es\/wp-content\/uploads\/2021\/06\/logo.png","width":873,"height":358,"caption":"Pau Costa Foundation"},"image":{"@id":"https:\/\/www.paucostafoundation.org\/ca\/#\/schema\/logo\/image\/"}}]}},"campaignId":"","_links":{"self":[{"href":"https:\/\/www.paucostafoundation.org\/ca\/wp-json\/wp\/v2\/pages\/2744","targetHints":{"allow":["GET"]}}],"collection":[{"href":"https:\/\/www.paucostafoundation.org\/ca\/wp-json\/wp\/v2\/pages"}],"about":[{"href":"https:\/\/www.paucostafoundation.org\/ca\/wp-json\/wp\/v2\/types\/page"}],"author":[{"embeddable":true,"href":"https:\/\/www.paucostafoundation.org\/ca\/wp-json\/wp\/v2\/users\/12"}],"replies":[{"embeddable":true,"href":"https:\/\/www.paucostafoundation.org\/ca\/wp-json\/wp\/v2\/comments?post=2744"}],"version-history":[{"count":1,"href":"https:\/\/www.paucostafoundation.org\/ca\/wp-json\/wp\/v2\/pages\/2744\/revisions"}],"predecessor-version":[{"id":2747,"href":"https:\/\/www.paucostafoundation.org\/ca\/wp-json\/wp\/v2\/pages\/2744\/revisions\/2747"}],"wp:attachment":[{"href":"https:\/\/www.paucostafoundation.org\/ca\/wp-json\/wp\/v2\/media?parent=2744"}],"curies":[{"name":"wp","href":"https:\/\/api.w.org\/{rel}","templated":true}]}}