{"id":2622,"date":"2021-06-29T11:57:49","date_gmt":"2021-06-29T11:57:49","guid":{"rendered":"https:\/\/paucostafoundation.digitalnature.es\/hazte-miembro\/"},"modified":"2026-02-12T08:36:36","modified_gmt":"2026-02-12T08:36:36","slug":"feste-soci","status":"publish","type":"page","link":"https:\/\/www.paucostafoundation.org\/ca\/feste-soci\/","title":{"rendered":"Col\u00b7labora"},"content":{"rendered":"\t\t<div data-elementor-type=\"wp-page\" data-elementor-id=\"2622\" class=\"elementor elementor-2622 elementor-1049\" data-elementor-post-type=\"page\">\n\t\t\t\t\t\t<section class=\"elementor-section elementor-top-section elementor-element elementor-element-6d246b7 elementor-section-full_width elementor-section-height-min-height elementor-section-height-default elementor-section-items-middle\" data-id=\"6d246b7\" data-element_type=\"section\" data-settings=\"{&quot;background_background&quot;:&quot;classic&quot;}\">\n\t\t\t\t\t\t<div class=\"elementor-container elementor-column-gap-default\">\n\t\t\t\t\t<div class=\"elementor-column elementor-col-100 elementor-top-column elementor-element elementor-element-d7c8b61\" data-id=\"d7c8b61\" data-element_type=\"column\">\n\t\t\t<div class=\"elementor-widget-wrap elementor-element-populated\">\n\t\t\t\t\t\t\t<\/div>\n\t\t<\/div>\n\t\t\t\t\t<\/div>\n\t\t<\/section>\n\t\t\t\t<section class=\"elementor-section elementor-top-section elementor-element elementor-element-d999efa elementor-section-boxed elementor-section-height-default elementor-section-height-default\" data-id=\"d999efa\" data-element_type=\"section\" data-settings=\"{&quot;background_background&quot;:&quot;classic&quot;}\">\n\t\t\t\t\t\t<div class=\"elementor-container elementor-column-gap-default\">\n\t\t\t\t\t<div class=\"elementor-column elementor-col-100 elementor-top-column elementor-element elementor-element-c012f84\" data-id=\"c012f84\" data-element_type=\"column\" data-settings=\"{&quot;background_background&quot;:&quot;classic&quot;}\">\n\t\t\t<div class=\"elementor-widget-wrap elementor-element-populated\">\n\t\t\t\t\t\t<div class=\"elementor-element elementor-element-95bfd1a elementor-widget elementor-widget-heading\" data-id=\"95bfd1a\" data-element_type=\"widget\" data-widget_type=\"heading.default\">\n\t\t\t\t<div class=\"elementor-widget-container\">\n\t\t\t<h1 class=\"elementor-heading-title elementor-size-default\">Gr\u00e0cies pel teu suport<\/h1>\t\t<\/div>\n\t\t\t\t<\/div>\n\t\t\t\t<div class=\"elementor-element elementor-element-840ded4 elementor-widget-divider--view-line elementor-widget elementor-widget-divider\" data-id=\"840ded4\" data-element_type=\"widget\" data-widget_type=\"divider.default\">\n\t\t\t\t<div class=\"elementor-widget-container\">\n\t\t\t\t\t<div class=\"elementor-divider\">\n\t\t\t<span class=\"elementor-divider-separator\">\n\t\t\t\t\t\t<\/span>\n\t\t<\/div>\n\t\t\t\t<\/div>\n\t\t\t\t<\/div>\n\t\t\t\t\t<\/div>\n\t\t<\/div>\n\t\t\t\t\t<\/div>\n\t\t<\/section>\n\t\t\t\t<section class=\"elementor-section elementor-top-section elementor-element elementor-element-f1e724f elementor-section-boxed elementor-section-height-default elementor-section-height-default\" data-id=\"f1e724f\" data-element_type=\"section\">\n\t\t\t\t\t\t<div class=\"elementor-container elementor-column-gap-default\">\n\t\t\t\t\t<div class=\"elementor-column elementor-col-100 elementor-top-column elementor-element elementor-element-41fc571\" data-id=\"41fc571\" data-element_type=\"column\">\n\t\t\t<div class=\"elementor-widget-wrap elementor-element-populated\">\n\t\t\t\t\t\t<div class=\"elementor-element elementor-element-68455c4 elementor-widget elementor-widget-text-editor\" data-id=\"68455c4\" data-element_type=\"widget\" data-widget_type=\"text-editor.default\">\n\t\t\t\t<div class=\"elementor-widget-container\">\n\t\t\t\t\t\t\t<p>El suport i col\u00b7laboraci\u00f3 que rebem de la nostra comunitat \u00e9s una gran contribuci\u00f3 per portar a terme els nostres objectius. Oferim tres tipus de col\u00b7laboraci\u00f3: donacions; s\u00f2ci\/a amb una quota anual de 60\u20ac, podent desgravar l&#8217;aportaci\u00f3; o membre de la Fundaci\u00f3 amb una quota anual de 60\u20ac, sense desgravaci\u00f3, que et permet gaudir de tot un cat\u00e0leg d&#8217;avantatges que oferim.<\/p><p>Qualsevol de les opcions ens \u00e9s de gran ajuda per seguir treballant en generar i compartir coneixement en incendis forestals, i crear consci\u00e8ncia social sobre la necessitat d&#8217;abordar els incendis forestals des de l&#8217;ecologia del foc i la gesti\u00f3 sostenible del paisatge.\u00a0<\/p>\t\t\t\t\t\t<\/div>\n\t\t\t\t<\/div>\n\t\t\t\t\t<\/div>\n\t\t<\/div>\n\t\t\t\t\t<\/div>\n\t\t<\/section>\n\t\t\t\t<section class=\"elementor-section elementor-top-section elementor-element elementor-element-23ef650 elementor-section-boxed elementor-section-height-default elementor-section-height-default\" data-id=\"23ef650\" data-element_type=\"section\">\n\t\t\t\t\t\t<div class=\"elementor-container elementor-column-gap-default\">\n\t\t\t\t\t<div class=\"elementor-column elementor-col-33 elementor-top-column elementor-element elementor-element-68264c6\" data-id=\"68264c6\" data-element_type=\"column\">\n\t\t\t<div class=\"elementor-widget-wrap elementor-element-populated\">\n\t\t\t\t\t\t<div class=\"elementor-element elementor-element-fc9eff7 elementor-widget elementor-widget-image\" data-id=\"fc9eff7\" data-element_type=\"widget\" data-widget_type=\"image.default\">\n\t\t\t\t<div class=\"elementor-widget-container\">\n\t\t\t\t\t\t\t\t\t\t\t\t\t\t<a href=\"https:\/\/www.paucostafoundation.org\/ca\/membres\/\">\n\t\t\t\t\t\t\t<img fetchpriority=\"high\" decoding=\"async\" width=\"800\" height=\"942\" src=\"https:\/\/www.paucostafoundation.org\/wp-content\/uploads\/2026\/02\/Icona-membres-870x1024.png\" class=\"attachment-large size-large wp-image-23518\" alt=\"\" srcset=\"https:\/\/www.paucostafoundation.org\/wp-content\/uploads\/2026\/02\/Icona-membres-870x1024.png 870w, https:\/\/www.paucostafoundation.org\/wp-content\/uploads\/2026\/02\/Icona-membres-255x300.png 255w, https:\/\/www.paucostafoundation.org\/wp-content\/uploads\/2026\/02\/Icona-membres-768x904.png 768w, https:\/\/www.paucostafoundation.org\/wp-content\/uploads\/2026\/02\/Icona-membres-1305x1536.png 1305w, https:\/\/www.paucostafoundation.org\/wp-content\/uploads\/2026\/02\/Icona-membres-1740x2048.png 1740w, https:\/\/www.paucostafoundation.org\/wp-content\/uploads\/2026\/02\/Icona-membres-600x706.png 600w\" sizes=\"(max-width: 800px) 100vw, 800px\" \/>\t\t\t\t\t\t\t\t<\/a>\n\t\t\t\t\t\t\t\t\t\t\t\t\t<\/div>\n\t\t\t\t<\/div>\n\t\t\t\t<div class=\"elementor-element elementor-element-dbf93c2 elementor-widget elementor-widget-spacer\" data-id=\"dbf93c2\" data-element_type=\"widget\" data-widget_type=\"spacer.default\">\n\t\t\t\t<div class=\"elementor-widget-container\">\n\t\t\t\t\t<div class=\"elementor-spacer\">\n\t\t\t<div class=\"elementor-spacer-inner\"><\/div>\n\t\t<\/div>\n\t\t\t\t<\/div>\n\t\t\t\t<\/div>\n\t\t\t\t<div class=\"elementor-element elementor-element-444bc8f elementor-widget elementor-widget-spacer\" data-id=\"444bc8f\" data-element_type=\"widget\" data-widget_type=\"spacer.default\">\n\t\t\t\t<div class=\"elementor-widget-container\">\n\t\t\t\t\t<div class=\"elementor-spacer\">\n\t\t\t<div class=\"elementor-spacer-inner\"><\/div>\n\t\t<\/div>\n\t\t\t\t<\/div>\n\t\t\t\t<\/div>\n\t\t\t\t\t<\/div>\n\t\t<\/div>\n\t\t\t\t<div class=\"elementor-column elementor-col-33 elementor-top-column elementor-element elementor-element-a0bc1a5\" data-id=\"a0bc1a5\" data-element_type=\"column\">\n\t\t\t<div class=\"elementor-widget-wrap elementor-element-populated\">\n\t\t\t\t\t\t<div class=\"elementor-element elementor-element-d2a3c29 elementor-widget elementor-widget-image\" data-id=\"d2a3c29\" data-element_type=\"widget\" data-widget_type=\"image.default\">\n\t\t\t\t<div class=\"elementor-widget-container\">\n\t\t\t\t\t\t\t\t\t\t\t\t\t\t<a href=\"https:\/\/www.paucostafoundation.org\/ca\/col%c2%b7labora\/\">\n\t\t\t\t\t\t\t<img decoding=\"async\" width=\"800\" height=\"942\" src=\"https:\/\/www.paucostafoundation.org\/wp-content\/uploads\/2026\/02\/Icona-socis-870x1024.png\" class=\"attachment-large size-large wp-image-23521\" alt=\"\" srcset=\"https:\/\/www.paucostafoundation.org\/wp-content\/uploads\/2026\/02\/Icona-socis-870x1024.png 870w, https:\/\/www.paucostafoundation.org\/wp-content\/uploads\/2026\/02\/Icona-socis-255x300.png 255w, https:\/\/www.paucostafoundation.org\/wp-content\/uploads\/2026\/02\/Icona-socis-768x904.png 768w, https:\/\/www.paucostafoundation.org\/wp-content\/uploads\/2026\/02\/Icona-socis-1305x1536.png 1305w, https:\/\/www.paucostafoundation.org\/wp-content\/uploads\/2026\/02\/Icona-socis-1740x2048.png 1740w, https:\/\/www.paucostafoundation.org\/wp-content\/uploads\/2026\/02\/Icona-socis-600x706.png 600w\" sizes=\"(max-width: 800px) 100vw, 800px\" \/>\t\t\t\t\t\t\t\t<\/a>\n\t\t\t\t\t\t\t\t\t\t\t\t\t<\/div>\n\t\t\t\t<\/div>\n\t\t\t\t\t<\/div>\n\t\t<\/div>\n\t\t\t\t<div class=\"elementor-column elementor-col-33 elementor-top-column elementor-element elementor-element-64ebc76\" data-id=\"64ebc76\" data-element_type=\"column\">\n\t\t\t<div class=\"elementor-widget-wrap elementor-element-populated\">\n\t\t\t\t\t\t<div class=\"elementor-element elementor-element-517488d elementor-widget elementor-widget-image\" data-id=\"517488d\" data-element_type=\"widget\" data-widget_type=\"image.default\">\n\t\t\t\t<div class=\"elementor-widget-container\">\n\t\t\t\t\t\t\t\t\t\t\t\t\t\t<a href=\"https:\/\/www.paucostafoundation.org\/ca\/fes-un-donatiu\/\">\n\t\t\t\t\t\t\t<img decoding=\"async\" width=\"800\" height=\"942\" src=\"https:\/\/www.paucostafoundation.org\/wp-content\/uploads\/2026\/02\/icona-donatius-870x1024.png\" class=\"attachment-large size-large wp-image-23524\" alt=\"\" srcset=\"https:\/\/www.paucostafoundation.org\/wp-content\/uploads\/2026\/02\/icona-donatius-870x1024.png 870w, https:\/\/www.paucostafoundation.org\/wp-content\/uploads\/2026\/02\/icona-donatius-255x300.png 255w, https:\/\/www.paucostafoundation.org\/wp-content\/uploads\/2026\/02\/icona-donatius-768x904.png 768w, https:\/\/www.paucostafoundation.org\/wp-content\/uploads\/2026\/02\/icona-donatius-1305x1536.png 1305w, https:\/\/www.paucostafoundation.org\/wp-content\/uploads\/2026\/02\/icona-donatius-1740x2048.png 1740w, https:\/\/www.paucostafoundation.org\/wp-content\/uploads\/2026\/02\/icona-donatius-600x706.png 600w\" sizes=\"(max-width: 800px) 100vw, 800px\" \/>\t\t\t\t\t\t\t\t<\/a>\n\t\t\t\t\t\t\t\t\t\t\t\t\t<\/div>\n\t\t\t\t<\/div>\n\t\t\t\t\t<\/div>\n\t\t<\/div>\n\t\t\t\t\t<\/div>\n\t\t<\/section>\n\t\t\t\t<section class=\"elementor-section elementor-top-section elementor-element elementor-element-1e7f542 elementor-section-boxed elementor-section-height-default elementor-section-height-default\" data-id=\"1e7f542\" data-element_type=\"section\">\n\t\t\t\t\t\t<div class=\"elementor-container elementor-column-gap-default\">\n\t\t\t\t\t<div class=\"elementor-column elementor-col-100 elementor-top-column elementor-element elementor-element-8a29307\" data-id=\"8a29307\" data-element_type=\"column\">\n\t\t\t<div class=\"elementor-widget-wrap\">\n\t\t\t\t\t\t\t<\/div>\n\t\t<\/div>\n\t\t\t\t\t<\/div>\n\t\t<\/section>\n\t\t\t\t<section class=\"elementor-section elementor-top-section elementor-element elementor-element-7068193 elementor-section-boxed elementor-section-height-default elementor-section-height-default\" data-id=\"7068193\" data-element_type=\"section\">\n\t\t\t\t\t\t<div class=\"elementor-container elementor-column-gap-default\">\n\t\t\t\t\t<div class=\"elementor-column elementor-col-100 elementor-top-column elementor-element elementor-element-2e7fbd3\" data-id=\"2e7fbd3\" data-element_type=\"column\">\n\t\t\t<div class=\"elementor-widget-wrap\">\n\t\t\t\t\t\t\t<\/div>\n\t\t<\/div>\n\t\t\t\t\t<\/div>\n\t\t<\/section>\n\t\t\t\t<\/div>\n\t\t","protected":false},"excerpt":{"rendered":"<p>Gr\u00e0cies pel teu suport El suport i col\u00b7laboraci\u00f3 que rebem de la nostra comunitat \u00e9s una gran contribuci\u00f3 per portar a terme els nostres objectius. Oferim tres tipus de col\u00b7laboraci\u00f3: donacions; s\u00f2ci\/a amb una quota anual de 60\u20ac, podent desgravar l&#8217;aportaci\u00f3; o membre de la Fundaci\u00f3 amb una quota anual de 60\u20ac, sense desgravaci\u00f3, que [&hellip;]<\/p>\n","protected":false},"author":12,"featured_media":23854,"parent":0,"menu_order":0,"comment_status":"closed","ping_status":"closed","template":"","meta":{"_acf_changed":false,"give_campaign_id":0,"footnotes":""},"class_list":["post-2622","page","type-page","status-publish","has-post-thumbnail","hentry"],"acf":[],"yoast_head":"<!-- This site is optimized with the Yoast SEO plugin v26.3 - https:\/\/yoast.com\/wordpress\/plugins\/seo\/ -->\n<title>Col\u00b7labora<\/title>\n<meta name=\"robots\" content=\"index, follow, max-snippet:-1, max-image-preview:large, max-video-preview:-1\" \/>\n<link rel=\"canonical\" href=\"https:\/\/www.paucostafoundation.org\/ca\/feste-soci\/\" \/>\n<meta property=\"og:locale\" content=\"ca_ES\" \/>\n<meta property=\"og:type\" content=\"article\" \/>\n<meta property=\"og:title\" content=\"Col\u00b7labora\" \/>\n<meta property=\"og:description\" content=\"Gr\u00e0cies pel teu suport El suport i col\u00b7laboraci\u00f3 que rebem de la nostra comunitat \u00e9s una gran contribuci\u00f3 per portar a terme els nostres objectius. Oferim tres tipus de col\u00b7laboraci\u00f3: donacions; s\u00f2ci\/a amb una quota anual de 60\u20ac, podent desgravar l&#8217;aportaci\u00f3; o membre de la Fundaci\u00f3 amb una quota anual de 60\u20ac, sense desgravaci\u00f3, que [&hellip;]\" \/>\n<meta property=\"og:url\" content=\"https:\/\/www.paucostafoundation.org\/ca\/feste-soci\/\" \/>\n<meta property=\"og:site_name\" content=\"Pau Costa Foundation\" \/>\n<meta property=\"article:modified_time\" content=\"2026-02-12T08:36:36+00:00\" \/>\n<meta property=\"og:image\" content=\"https:\/\/www.paucostafoundation.org\/wp-content\/uploads\/2021\/06\/forest2.jpg\" \/>\n\t<meta property=\"og:image:width\" content=\"2200\" \/>\n\t<meta property=\"og:image:height\" content=\"945\" \/>\n\t<meta property=\"og:image:type\" content=\"image\/jpeg\" \/>\n<meta name=\"twitter:card\" content=\"summary_large_image\" \/>\n<meta name=\"twitter:label1\" content=\"Temps estimat de lectura\" \/>\n\t<meta name=\"twitter:data1\" content=\"2 minuts\" \/>\n<script type=\"application\/ld+json\" class=\"yoast-schema-graph\">{\"@context\":\"https:\/\/schema.org\",\"@graph\":[{\"@type\":\"WebPage\",\"@id\":\"https:\/\/www.paucostafoundation.org\/ca\/feste-soci\/\",\"url\":\"https:\/\/www.paucostafoundation.org\/ca\/feste-soci\/\",\"name\":\"Col\u00b7labora\",\"isPartOf\":{\"@id\":\"https:\/\/www.paucostafoundation.org\/ca\/#website\"},\"primaryImageOfPage\":{\"@id\":\"https:\/\/www.paucostafoundation.org\/ca\/feste-soci\/#primaryimage\"},\"image\":{\"@id\":\"https:\/\/www.paucostafoundation.org\/ca\/feste-soci\/#primaryimage\"},\"thumbnailUrl\":\"https:\/\/www.paucostafoundation.org\/wp-content\/uploads\/2026\/02\/paisatge-mosaic2.jpg\",\"datePublished\":\"2021-06-29T11:57:49+00:00\",\"dateModified\":\"2026-02-12T08:36:36+00:00\",\"breadcrumb\":{\"@id\":\"https:\/\/www.paucostafoundation.org\/ca\/feste-soci\/#breadcrumb\"},\"inLanguage\":\"ca\",\"potentialAction\":[{\"@type\":\"ReadAction\",\"target\":[\"https:\/\/www.paucostafoundation.org\/ca\/feste-soci\/\"]}]},{\"@type\":\"ImageObject\",\"inLanguage\":\"ca\",\"@id\":\"https:\/\/www.paucostafoundation.org\/ca\/feste-soci\/#primaryimage\",\"url\":\"https:\/\/www.paucostafoundation.org\/wp-content\/uploads\/2026\/02\/paisatge-mosaic2.jpg\",\"contentUrl\":\"https:\/\/www.paucostafoundation.org\/wp-content\/uploads\/2026\/02\/paisatge-mosaic2.jpg\",\"width\":1600,\"height\":536},{\"@type\":\"BreadcrumbList\",\"@id\":\"https:\/\/www.paucostafoundation.org\/ca\/feste-soci\/#breadcrumb\",\"itemListElement\":[{\"@type\":\"ListItem\",\"position\":1,\"name\":\"Inicio\",\"item\":\"https:\/\/www.paucostafoundation.org\/ca\/\"},{\"@type\":\"ListItem\",\"position\":2,\"name\":\"Col\u00b7labora\"}]},{\"@type\":\"WebSite\",\"@id\":\"https:\/\/www.paucostafoundation.org\/ca\/#website\",\"url\":\"https:\/\/www.paucostafoundation.org\/ca\/\",\"name\":\"Pau Costa Foundation\",\"description\":\"CONCIENCIA E INVESTIGA LOS INCENDIOS FORESTALES\",\"publisher\":{\"@id\":\"https:\/\/www.paucostafoundation.org\/ca\/#organization\"},\"potentialAction\":[{\"@type\":\"SearchAction\",\"target\":{\"@type\":\"EntryPoint\",\"urlTemplate\":\"https:\/\/www.paucostafoundation.org\/ca\/?s={search_term_string}\"},\"query-input\":{\"@type\":\"PropertyValueSpecification\",\"valueRequired\":true,\"valueName\":\"search_term_string\"}}],\"inLanguage\":\"ca\"},{\"@type\":\"Organization\",\"@id\":\"https:\/\/www.paucostafoundation.org\/ca\/#organization\",\"name\":\"Pau Costa Foundation\",\"url\":\"https:\/\/www.paucostafoundation.org\/ca\/\",\"logo\":{\"@type\":\"ImageObject\",\"inLanguage\":\"ca\",\"@id\":\"https:\/\/www.paucostafoundation.org\/ca\/#\/schema\/logo\/image\/\",\"url\":\"https:\/\/paucostafoundation.digitalnature.es\/wp-content\/uploads\/2021\/06\/logo.png\",\"contentUrl\":\"https:\/\/paucostafoundation.digitalnature.es\/wp-content\/uploads\/2021\/06\/logo.png\",\"width\":873,\"height\":358,\"caption\":\"Pau Costa Foundation\"},\"image\":{\"@id\":\"https:\/\/www.paucostafoundation.org\/ca\/#\/schema\/logo\/image\/\"}}]}<\/script>\n<!-- \/ Yoast SEO plugin. -->","yoast_head_json":{"title":"Col\u00b7labora","robots":{"index":"index","follow":"follow","max-snippet":"max-snippet:-1","max-image-preview":"max-image-preview:large","max-video-preview":"max-video-preview:-1"},"canonical":"https:\/\/www.paucostafoundation.org\/ca\/feste-soci\/","og_locale":"ca_ES","og_type":"article","og_title":"Col\u00b7labora","og_description":"Gr\u00e0cies pel teu suport El suport i col\u00b7laboraci\u00f3 que rebem de la nostra comunitat \u00e9s una gran contribuci\u00f3 per portar a terme els nostres objectius. Oferim tres tipus de col\u00b7laboraci\u00f3: donacions; s\u00f2ci\/a amb una quota anual de 60\u20ac, podent desgravar l&#8217;aportaci\u00f3; o membre de la Fundaci\u00f3 amb una quota anual de 60\u20ac, sense desgravaci\u00f3, que [&hellip;]","og_url":"https:\/\/www.paucostafoundation.org\/ca\/feste-soci\/","og_site_name":"Pau Costa Foundation","article_modified_time":"2026-02-12T08:36:36+00:00","og_image":[{"width":2200,"height":945,"url":"https:\/\/www.paucostafoundation.org\/wp-content\/uploads\/2021\/06\/forest2.jpg","type":"image\/jpeg"}],"twitter_card":"summary_large_image","twitter_misc":{"Temps estimat de lectura":"2 minuts"},"schema":{"@context":"https:\/\/schema.org","@graph":[{"@type":"WebPage","@id":"https:\/\/www.paucostafoundation.org\/ca\/feste-soci\/","url":"https:\/\/www.paucostafoundation.org\/ca\/feste-soci\/","name":"Col\u00b7labora","isPartOf":{"@id":"https:\/\/www.paucostafoundation.org\/ca\/#website"},"primaryImageOfPage":{"@id":"https:\/\/www.paucostafoundation.org\/ca\/feste-soci\/#primaryimage"},"image":{"@id":"https:\/\/www.paucostafoundation.org\/ca\/feste-soci\/#primaryimage"},"thumbnailUrl":"https:\/\/www.paucostafoundation.org\/wp-content\/uploads\/2026\/02\/paisatge-mosaic2.jpg","datePublished":"2021-06-29T11:57:49+00:00","dateModified":"2026-02-12T08:36:36+00:00","breadcrumb":{"@id":"https:\/\/www.paucostafoundation.org\/ca\/feste-soci\/#breadcrumb"},"inLanguage":"ca","potentialAction":[{"@type":"ReadAction","target":["https:\/\/www.paucostafoundation.org\/ca\/feste-soci\/"]}]},{"@type":"ImageObject","inLanguage":"ca","@id":"https:\/\/www.paucostafoundation.org\/ca\/feste-soci\/#primaryimage","url":"https:\/\/www.paucostafoundation.org\/wp-content\/uploads\/2026\/02\/paisatge-mosaic2.jpg","contentUrl":"https:\/\/www.paucostafoundation.org\/wp-content\/uploads\/2026\/02\/paisatge-mosaic2.jpg","width":1600,"height":536},{"@type":"BreadcrumbList","@id":"https:\/\/www.paucostafoundation.org\/ca\/feste-soci\/#breadcrumb","itemListElement":[{"@type":"ListItem","position":1,"name":"Inicio","item":"https:\/\/www.paucostafoundation.org\/ca\/"},{"@type":"ListItem","position":2,"name":"Col\u00b7labora"}]},{"@type":"WebSite","@id":"https:\/\/www.paucostafoundation.org\/ca\/#website","url":"https:\/\/www.paucostafoundation.org\/ca\/","name":"Pau Costa Foundation","description":"CONCIENCIA E INVESTIGA LOS INCENDIOS FORESTALES","publisher":{"@id":"https:\/\/www.paucostafoundation.org\/ca\/#organization"},"potentialAction":[{"@type":"SearchAction","target":{"@type":"EntryPoint","urlTemplate":"https:\/\/www.paucostafoundation.org\/ca\/?s={search_term_string}"},"query-input":{"@type":"PropertyValueSpecification","valueRequired":true,"valueName":"search_term_string"}}],"inLanguage":"ca"},{"@type":"Organization","@id":"https:\/\/www.paucostafoundation.org\/ca\/#organization","name":"Pau Costa Foundation","url":"https:\/\/www.paucostafoundation.org\/ca\/","logo":{"@type":"ImageObject","inLanguage":"ca","@id":"https:\/\/www.paucostafoundation.org\/ca\/#\/schema\/logo\/image\/","url":"https:\/\/paucostafoundation.digitalnature.es\/wp-content\/uploads\/2021\/06\/logo.png","contentUrl":"https:\/\/paucostafoundation.digitalnature.es\/wp-content\/uploads\/2021\/06\/logo.png","width":873,"height":358,"caption":"Pau Costa Foundation"},"image":{"@id":"https:\/\/www.paucostafoundation.org\/ca\/#\/schema\/logo\/image\/"}}]}},"campaignId":"","_links":{"self":[{"href":"https:\/\/www.paucostafoundation.org\/ca\/wp-json\/wp\/v2\/pages\/2622","targetHints":{"allow":["GET"]}}],"collection":[{"href":"https:\/\/www.paucostafoundation.org\/ca\/wp-json\/wp\/v2\/pages"}],"about":[{"href":"https:\/\/www.paucostafoundation.org\/ca\/wp-json\/wp\/v2\/types\/page"}],"author":[{"embeddable":true,"href":"https:\/\/www.paucostafoundation.org\/ca\/wp-json\/wp\/v2\/users\/12"}],"replies":[{"embeddable":true,"href":"https:\/\/www.paucostafoundation.org\/ca\/wp-json\/wp\/v2\/comments?post=2622"}],"version-history":[{"count":104,"href":"https:\/\/www.paucostafoundation.org\/ca\/wp-json\/wp\/v2\/pages\/2622\/revisions"}],"predecessor-version":[{"id":23856,"href":"https:\/\/www.paucostafoundation.org\/ca\/wp-json\/wp\/v2\/pages\/2622\/revisions\/23856"}],"wp:featuredmedia":[{"embeddable":true,"href":"https:\/\/www.paucostafoundation.org\/ca\/wp-json\/wp\/v2\/media\/23854"}],"wp:attachment":[{"href":"https:\/\/www.paucostafoundation.org\/ca\/wp-json\/wp\/v2\/media?parent=2622"}],"curies":[{"name":"wp","href":"https:\/\/api.w.org\/{rel}","templated":true}]}}