{"id":2607,"date":"2021-06-29T11:48:22","date_gmt":"2021-06-29T11:48:22","guid":{"rendered":"https:\/\/paucostafoundation.digitalnature.es\/haz-una-donacion\/"},"modified":"2026-02-12T14:46:36","modified_gmt":"2026-02-12T14:46:36","slug":"fes-un-donatiu","status":"publish","type":"page","link":"https:\/\/www.paucostafoundation.org\/ca\/fes-un-donatiu\/","title":{"rendered":"Fes un donatiu"},"content":{"rendered":"\n<div class=\"wp-block-jet-engine-section jet-section wp-block-jet-engine-section jet-section--layout-boxed\"><div class=\"jet-section__content\" style=\"width:927px\">\n<div style=\"height:50px\" aria-hidden=\"true\" class=\"wp-block-spacer\"><\/div>\n\n\n\n<p class=\"has-background has-medium-font-size\" style=\"background-color:#feeb7e\">Podeu fer una donaci\u00f3 amb targeta de cr\u00e8dit (omplint el formulari que trobareu m\u00e9s avall) o per transfer\u00e8ncia banc\u00e0ria, indicant el vostre nom, cognoms i NIF\/Passaport o si sou una empresa, el nom de l&#8217;empresa i NIF) al compte bancari de la fundaci\u00f3:<br>CaixaBank ES54 2100 0640 7002 0010 6312<\/p>\n<\/div><\/div>\n\n\n<div class=\"give-embed-form-wrapper\" id=\"give-69e30a6441af9\"><iframe\n\t\t\t\tname=\"give-embed-form\"\n\t\t\t\tsrc=\"https:\/\/www.paucostafoundation.org\/ca\/give\/donation-form\/?giveDonationFormInIframe=1\"\n\t\t\t\t\n\t\t\t\tdata-autoScroll=\"0\"\n\t\t\t\tonload=\"if( 'undefined' !== typeof Give ) { Give.initializeIframeResize(this) }\"\n\t\t\t\tstyle=\"border: 0;visibility: hidden;min-height: 600px;\"><\/iframe><div class=\"iframe-loader\">\n<div style=\"\n        height: 100%;\n        width: 100%;\n        display: flex;\n        align-items: center;\n        justify-content: center;\n    \">\n    <div style=\"\n        pointer-events: none;\n        height: 90px;\n        width: 90px;\n        background-image: url(&quot;data:image\/svg+xml;charset=utf8,%3C?xml version='1.0' encoding='utf-8'?%3E%3C!-- Generator: Adobe Illustrator 24.1.0, SVG Export Plug-In . SVG Version: 6.00 Build 0) --%3E%3Csvg version='1.1' id='Layer_1' xmlns='http:\/\/www.w3.org\/2000\/svg' xmlns:xlink='http:\/\/www.w3.org\/1999\/xlink' x='0px' y='0px' viewBox='0 0 349 348' style='enable-background:new 0 0 349 348;' xml:space='preserve'%3E%3Cstyle type='text\/css'%3E .st0{fill:%231E8CBE;} %3C\/style%3E%3Cpath class='st0' d='M25.1,204.57c-13.38,0-24.47-10.6-24.97-24.08C0.04,178.09,0,175.97,0,174C0,77.78,78.28-0.5,174.5-0.5 c13.81,0,25,11.19,25,25s-11.19,25-25,25C105.85,49.5,50,105.35,50,174c0,1.37,0.03,2.85,0.1,4.65c0.51,13.8-10.27,25.39-24.07,25.9 C25.72,204.56,25.41,204.57,25.1,204.57z'\/%3E%3Cpath class='st0' d='M174.5,348.5c-13.81,0-25-11.19-25-25c0-13.81,11.19-25,25-25c68.65,0,124.5-55.85,124.5-124.5 c0-1.38-0.03-2.85-0.1-4.65c-0.51-13.8,10.26-25.4,24.06-25.91c13.83-0.53,25.4,10.26,25.91,24.06c0.09,2.39,0.13,4.51,0.13,6.49 C349,270.22,270.72,348.5,174.5,348.5z'\/%3E%3C\/svg%3E&quot;);\n        animation: spin 0.6s linear infinite;\n        \"><\/div>\n<\/div>\n<\/div><\/div>\n","protected":false},"excerpt":{"rendered":"","protected":false},"author":12,"featured_media":23701,"parent":0,"menu_order":0,"comment_status":"closed","ping_status":"closed","template":"","meta":{"_acf_changed":false,"give_campaign_id":0,"footnotes":""},"class_list":["post-2607","page","type-page","status-publish","has-post-thumbnail","hentry"],"acf":[],"yoast_head":"<!-- This site is optimized with the Yoast SEO plugin v26.3 - https:\/\/yoast.com\/wordpress\/plugins\/seo\/ -->\n<title>Fes un donatiu<\/title>\n<meta name=\"robots\" content=\"index, follow, max-snippet:-1, max-image-preview:large, max-video-preview:-1\" \/>\n<link rel=\"canonical\" href=\"https:\/\/www.paucostafoundation.org\/ca\/fes-un-donatiu\/\" \/>\n<meta property=\"og:locale\" content=\"ca_ES\" \/>\n<meta property=\"og:type\" content=\"article\" \/>\n<meta property=\"og:title\" content=\"Fes un donatiu\" \/>\n<meta property=\"og:url\" content=\"https:\/\/www.paucostafoundation.org\/ca\/fes-un-donatiu\/\" \/>\n<meta property=\"og:site_name\" content=\"Pau Costa Foundation\" \/>\n<meta property=\"article:modified_time\" content=\"2026-02-12T14:46:36+00:00\" \/>\n<meta property=\"og:image\" content=\"https:\/\/www.paucostafoundation.org\/wp-content\/uploads\/2026\/02\/web_CAPCALERA__DONATIUS_CAT-scaled.jpg\" \/>\n\t<meta property=\"og:image:width\" content=\"2560\" \/>\n\t<meta property=\"og:image:height\" content=\"948\" \/>\n\t<meta property=\"og:image:type\" content=\"image\/jpeg\" \/>\n<meta name=\"twitter:card\" content=\"summary_large_image\" \/>\n<meta name=\"twitter:label1\" content=\"Temps estimat de lectura\" \/>\n\t<meta name=\"twitter:data1\" content=\"1 minut\" \/>\n<script type=\"application\/ld+json\" class=\"yoast-schema-graph\">{\"@context\":\"https:\/\/schema.org\",\"@graph\":[{\"@type\":\"WebPage\",\"@id\":\"https:\/\/www.paucostafoundation.org\/ca\/fes-un-donatiu\/\",\"url\":\"https:\/\/www.paucostafoundation.org\/ca\/fes-un-donatiu\/\",\"name\":\"Fes un donatiu\",\"isPartOf\":{\"@id\":\"https:\/\/www.paucostafoundation.org\/ca\/#website\"},\"primaryImageOfPage\":{\"@id\":\"https:\/\/www.paucostafoundation.org\/ca\/fes-un-donatiu\/#primaryimage\"},\"image\":{\"@id\":\"https:\/\/www.paucostafoundation.org\/ca\/fes-un-donatiu\/#primaryimage\"},\"thumbnailUrl\":\"https:\/\/www.paucostafoundation.org\/wp-content\/uploads\/2026\/02\/web_CAPCALERA__DONATIUS_CAT-scaled.jpg\",\"datePublished\":\"2021-06-29T11:48:22+00:00\",\"dateModified\":\"2026-02-12T14:46:36+00:00\",\"breadcrumb\":{\"@id\":\"https:\/\/www.paucostafoundation.org\/ca\/fes-un-donatiu\/#breadcrumb\"},\"inLanguage\":\"ca\",\"potentialAction\":[{\"@type\":\"ReadAction\",\"target\":[\"https:\/\/www.paucostafoundation.org\/ca\/fes-un-donatiu\/\"]}]},{\"@type\":\"ImageObject\",\"inLanguage\":\"ca\",\"@id\":\"https:\/\/www.paucostafoundation.org\/ca\/fes-un-donatiu\/#primaryimage\",\"url\":\"https:\/\/www.paucostafoundation.org\/wp-content\/uploads\/2026\/02\/web_CAPCALERA__DONATIUS_CAT-scaled.jpg\",\"contentUrl\":\"https:\/\/www.paucostafoundation.org\/wp-content\/uploads\/2026\/02\/web_CAPCALERA__DONATIUS_CAT-scaled.jpg\",\"width\":2560,\"height\":948},{\"@type\":\"BreadcrumbList\",\"@id\":\"https:\/\/www.paucostafoundation.org\/ca\/fes-un-donatiu\/#breadcrumb\",\"itemListElement\":[{\"@type\":\"ListItem\",\"position\":1,\"name\":\"Inicio\",\"item\":\"https:\/\/www.paucostafoundation.org\/ca\/\"},{\"@type\":\"ListItem\",\"position\":2,\"name\":\"Fes un donatiu\"}]},{\"@type\":\"WebSite\",\"@id\":\"https:\/\/www.paucostafoundation.org\/ca\/#website\",\"url\":\"https:\/\/www.paucostafoundation.org\/ca\/\",\"name\":\"Pau Costa Foundation\",\"description\":\"CONCIENCIA E INVESTIGA LOS INCENDIOS FORESTALES\",\"publisher\":{\"@id\":\"https:\/\/www.paucostafoundation.org\/ca\/#organization\"},\"potentialAction\":[{\"@type\":\"SearchAction\",\"target\":{\"@type\":\"EntryPoint\",\"urlTemplate\":\"https:\/\/www.paucostafoundation.org\/ca\/?s={search_term_string}\"},\"query-input\":{\"@type\":\"PropertyValueSpecification\",\"valueRequired\":true,\"valueName\":\"search_term_string\"}}],\"inLanguage\":\"ca\"},{\"@type\":\"Organization\",\"@id\":\"https:\/\/www.paucostafoundation.org\/ca\/#organization\",\"name\":\"Pau Costa Foundation\",\"url\":\"https:\/\/www.paucostafoundation.org\/ca\/\",\"logo\":{\"@type\":\"ImageObject\",\"inLanguage\":\"ca\",\"@id\":\"https:\/\/www.paucostafoundation.org\/ca\/#\/schema\/logo\/image\/\",\"url\":\"https:\/\/paucostafoundation.digitalnature.es\/wp-content\/uploads\/2021\/06\/logo.png\",\"contentUrl\":\"https:\/\/paucostafoundation.digitalnature.es\/wp-content\/uploads\/2021\/06\/logo.png\",\"width\":873,\"height\":358,\"caption\":\"Pau Costa Foundation\"},\"image\":{\"@id\":\"https:\/\/www.paucostafoundation.org\/ca\/#\/schema\/logo\/image\/\"}}]}<\/script>\n<!-- \/ Yoast SEO plugin. -->","yoast_head_json":{"title":"Fes un donatiu","robots":{"index":"index","follow":"follow","max-snippet":"max-snippet:-1","max-image-preview":"max-image-preview:large","max-video-preview":"max-video-preview:-1"},"canonical":"https:\/\/www.paucostafoundation.org\/ca\/fes-un-donatiu\/","og_locale":"ca_ES","og_type":"article","og_title":"Fes un donatiu","og_url":"https:\/\/www.paucostafoundation.org\/ca\/fes-un-donatiu\/","og_site_name":"Pau Costa Foundation","article_modified_time":"2026-02-12T14:46:36+00:00","og_image":[{"width":2560,"height":948,"url":"https:\/\/www.paucostafoundation.org\/wp-content\/uploads\/2026\/02\/web_CAPCALERA__DONATIUS_CAT-scaled.jpg","type":"image\/jpeg"}],"twitter_card":"summary_large_image","twitter_misc":{"Temps estimat de lectura":"1 minut"},"schema":{"@context":"https:\/\/schema.org","@graph":[{"@type":"WebPage","@id":"https:\/\/www.paucostafoundation.org\/ca\/fes-un-donatiu\/","url":"https:\/\/www.paucostafoundation.org\/ca\/fes-un-donatiu\/","name":"Fes un donatiu","isPartOf":{"@id":"https:\/\/www.paucostafoundation.org\/ca\/#website"},"primaryImageOfPage":{"@id":"https:\/\/www.paucostafoundation.org\/ca\/fes-un-donatiu\/#primaryimage"},"image":{"@id":"https:\/\/www.paucostafoundation.org\/ca\/fes-un-donatiu\/#primaryimage"},"thumbnailUrl":"https:\/\/www.paucostafoundation.org\/wp-content\/uploads\/2026\/02\/web_CAPCALERA__DONATIUS_CAT-scaled.jpg","datePublished":"2021-06-29T11:48:22+00:00","dateModified":"2026-02-12T14:46:36+00:00","breadcrumb":{"@id":"https:\/\/www.paucostafoundation.org\/ca\/fes-un-donatiu\/#breadcrumb"},"inLanguage":"ca","potentialAction":[{"@type":"ReadAction","target":["https:\/\/www.paucostafoundation.org\/ca\/fes-un-donatiu\/"]}]},{"@type":"ImageObject","inLanguage":"ca","@id":"https:\/\/www.paucostafoundation.org\/ca\/fes-un-donatiu\/#primaryimage","url":"https:\/\/www.paucostafoundation.org\/wp-content\/uploads\/2026\/02\/web_CAPCALERA__DONATIUS_CAT-scaled.jpg","contentUrl":"https:\/\/www.paucostafoundation.org\/wp-content\/uploads\/2026\/02\/web_CAPCALERA__DONATIUS_CAT-scaled.jpg","width":2560,"height":948},{"@type":"BreadcrumbList","@id":"https:\/\/www.paucostafoundation.org\/ca\/fes-un-donatiu\/#breadcrumb","itemListElement":[{"@type":"ListItem","position":1,"name":"Inicio","item":"https:\/\/www.paucostafoundation.org\/ca\/"},{"@type":"ListItem","position":2,"name":"Fes un donatiu"}]},{"@type":"WebSite","@id":"https:\/\/www.paucostafoundation.org\/ca\/#website","url":"https:\/\/www.paucostafoundation.org\/ca\/","name":"Pau Costa Foundation","description":"CONCIENCIA E INVESTIGA LOS INCENDIOS FORESTALES","publisher":{"@id":"https:\/\/www.paucostafoundation.org\/ca\/#organization"},"potentialAction":[{"@type":"SearchAction","target":{"@type":"EntryPoint","urlTemplate":"https:\/\/www.paucostafoundation.org\/ca\/?s={search_term_string}"},"query-input":{"@type":"PropertyValueSpecification","valueRequired":true,"valueName":"search_term_string"}}],"inLanguage":"ca"},{"@type":"Organization","@id":"https:\/\/www.paucostafoundation.org\/ca\/#organization","name":"Pau Costa Foundation","url":"https:\/\/www.paucostafoundation.org\/ca\/","logo":{"@type":"ImageObject","inLanguage":"ca","@id":"https:\/\/www.paucostafoundation.org\/ca\/#\/schema\/logo\/image\/","url":"https:\/\/paucostafoundation.digitalnature.es\/wp-content\/uploads\/2021\/06\/logo.png","contentUrl":"https:\/\/paucostafoundation.digitalnature.es\/wp-content\/uploads\/2021\/06\/logo.png","width":873,"height":358,"caption":"Pau Costa Foundation"},"image":{"@id":"https:\/\/www.paucostafoundation.org\/ca\/#\/schema\/logo\/image\/"}}]}},"campaignId":"","_links":{"self":[{"href":"https:\/\/www.paucostafoundation.org\/ca\/wp-json\/wp\/v2\/pages\/2607","targetHints":{"allow":["GET"]}}],"collection":[{"href":"https:\/\/www.paucostafoundation.org\/ca\/wp-json\/wp\/v2\/pages"}],"about":[{"href":"https:\/\/www.paucostafoundation.org\/ca\/wp-json\/wp\/v2\/types\/page"}],"author":[{"embeddable":true,"href":"https:\/\/www.paucostafoundation.org\/ca\/wp-json\/wp\/v2\/users\/12"}],"replies":[{"embeddable":true,"href":"https:\/\/www.paucostafoundation.org\/ca\/wp-json\/wp\/v2\/comments?post=2607"}],"version-history":[{"count":28,"href":"https:\/\/www.paucostafoundation.org\/ca\/wp-json\/wp\/v2\/pages\/2607\/revisions"}],"predecessor-version":[{"id":23513,"href":"https:\/\/www.paucostafoundation.org\/ca\/wp-json\/wp\/v2\/pages\/2607\/revisions\/23513"}],"wp:featuredmedia":[{"embeddable":true,"href":"https:\/\/www.paucostafoundation.org\/ca\/wp-json\/wp\/v2\/media\/23701"}],"wp:attachment":[{"href":"https:\/\/www.paucostafoundation.org\/ca\/wp-json\/wp\/v2\/media?parent=2607"}],"curies":[{"name":"wp","href":"https:\/\/api.w.org\/{rel}","templated":true}]}}