{"id":2565,"date":"2021-06-29T10:20:50","date_gmt":"2021-06-29T10:20:50","guid":{"rendered":"https:\/\/paucostafoundation.digitalnature.es\/la-organizacion\/"},"modified":"2023-12-04T16:17:07","modified_gmt":"2023-12-04T16:17:07","slug":"organitzacio","status":"publish","type":"page","link":"https:\/\/www.paucostafoundation.org\/ca\/organitzacio\/","title":{"rendered":"La Fundaci\u00f3"},"content":{"rendered":"\t\t<div data-elementor-type=\"wp-page\" data-elementor-id=\"2565\" class=\"elementor elementor-2565 elementor-949\" data-elementor-post-type=\"page\">\n\t\t\t\t\t\t<section class=\"elementor-section elementor-top-section elementor-element elementor-element-5c4c2f0 elementor-section-full_width elementor-section-height-min-height elementor-section-height-default elementor-section-items-middle\" data-id=\"5c4c2f0\" data-element_type=\"section\" data-settings=\"{&quot;background_background&quot;:&quot;classic&quot;}\">\n\t\t\t\t\t\t<div class=\"elementor-container elementor-column-gap-default\">\n\t\t\t\t\t<div class=\"elementor-column elementor-col-100 elementor-top-column elementor-element elementor-element-8353037\" data-id=\"8353037\" data-element_type=\"column\">\n\t\t\t<div class=\"elementor-widget-wrap elementor-element-populated\">\n\t\t\t\t\t\t\t<\/div>\n\t\t<\/div>\n\t\t\t\t\t<\/div>\n\t\t<\/section>\n\t\t\t\t<section class=\"elementor-section elementor-top-section elementor-element elementor-element-7a136eb elementor-section-boxed elementor-section-height-default elementor-section-height-default\" data-id=\"7a136eb\" data-element_type=\"section\" data-settings=\"{&quot;background_background&quot;:&quot;classic&quot;}\">\n\t\t\t\t\t\t<div class=\"elementor-container elementor-column-gap-default\">\n\t\t\t\t\t<div class=\"elementor-column elementor-col-100 elementor-top-column elementor-element elementor-element-775c8fb\" data-id=\"775c8fb\" data-element_type=\"column\" data-settings=\"{&quot;background_background&quot;:&quot;classic&quot;}\">\n\t\t\t<div class=\"elementor-widget-wrap elementor-element-populated\">\n\t\t\t\t\t\t<div class=\"elementor-element elementor-element-0405bb0 elementor-widget-divider--view-line elementor-widget elementor-widget-divider\" data-id=\"0405bb0\" data-element_type=\"widget\" data-widget_type=\"divider.default\">\n\t\t\t\t<div class=\"elementor-widget-container\">\n\t\t\t\t\t<div class=\"elementor-divider\">\n\t\t\t<span class=\"elementor-divider-separator\">\n\t\t\t\t\t\t<\/span>\n\t\t<\/div>\n\t\t\t\t<\/div>\n\t\t\t\t<\/div>\n\t\t\t\t\t<\/div>\n\t\t<\/div>\n\t\t\t\t\t<\/div>\n\t\t<\/section>\n\t\t\t\t<section class=\"elementor-section elementor-top-section elementor-element elementor-element-4be91fc elementor-section-boxed elementor-section-height-default elementor-section-height-default\" data-id=\"4be91fc\" data-element_type=\"section\">\n\t\t\t\t\t\t<div class=\"elementor-container elementor-column-gap-default\">\n\t\t\t\t\t<div class=\"elementor-column elementor-col-50 elementor-top-column elementor-element elementor-element-b497cf2\" data-id=\"b497cf2\" data-element_type=\"column\">\n\t\t\t<div class=\"elementor-widget-wrap elementor-element-populated\">\n\t\t\t\t\t\t<div class=\"elementor-element elementor-element-32a425d elementor-widget elementor-widget-text-editor\" data-id=\"32a425d\" data-element_type=\"widget\" data-widget_type=\"text-editor.default\">\n\t\t\t\t<div class=\"elementor-widget-container\">\n\t\t\t\t\t\t\t<p>La Fundaci\u00f3 Pau Costa \u00e9s una <strong>entitat global sense \u00e0nim de lucre<\/strong> que posa el focus en la prevenci\u00f3 i la gesti\u00f3 d&#8217;<strong>incendis forestals\u00a0<\/strong>des de la perspectiva de l&#8217;<strong>ecologia del foc<\/strong>.<\/p><p>Des del 2011, treballem per facilitar la trobada entre investigadors, serveis d&#8217;emerg\u00e8ncia, administraci\u00f3 p\u00fablica, empresa privada i societat civil, amb la vocaci\u00f3 de divulgar coneixement de la cultura del foc i fer tangibles projectes conjunts arreu del m\u00f3n.<\/p><p><span data-contrast=\"none\">La Fundaci\u00f3 realitza la seva activitat en tres \u00e0mbits:\u00a0<\/span><span data-ccp-props=\"{&quot;201341983&quot;:0,&quot;335559739&quot;:0,&quot;335559740&quot;:276}\">\u00a0<\/span><\/p><ul><li data-leveltext=\"\uf0b7\" data-font=\"Symbol\" data-listid=\"1\" data-list-defn-props=\"{&quot;335552541&quot;:1,&quot;335559684&quot;:-2,&quot;335559685&quot;:765,&quot;335559991&quot;:360,&quot;469769226&quot;:&quot;Symbol&quot;,&quot;469769242&quot;:[8226],&quot;469777803&quot;:&quot;left&quot;,&quot;469777804&quot;:&quot;\uf0b7&quot;,&quot;469777815&quot;:&quot;hybridMultilevel&quot;}\" aria-setsize=\"-1\" data-aria-posinset=\"1\" data-aria-level=\"1\"><b><span data-contrast=\"none\">Coneixement i ci\u00e8ncia aplicada:<\/span><\/b><span data-contrast=\"none\"> cerquem activament la participaci\u00f3 en projectes d\u2019R+D+i a nivell nacional i internacional, per a augmentar la investigaci\u00f3 d\u2019excel\u00b7l\u00e8ncia i nous aven\u00e7os en el camp dels incendis forestals, fomentant la transfer\u00e8ncia de coneixement i les sinergies entre investigadors, serveis d\u2019emerg\u00e8ncia i societat. <\/span><span data-ccp-props=\"{&quot;201341983&quot;:0,&quot;335559739&quot;:0,&quot;335559740&quot;:276}\">\u00a0<\/span><\/li><li data-leveltext=\"\uf0b7\" data-font=\"Symbol\" data-listid=\"1\" data-list-defn-props=\"{&quot;335552541&quot;:1,&quot;335559684&quot;:-2,&quot;335559685&quot;:765,&quot;335559991&quot;:360,&quot;469769226&quot;:&quot;Symbol&quot;,&quot;469769242&quot;:[8226],&quot;469777803&quot;:&quot;left&quot;,&quot;469777804&quot;:&quot;\uf0b7&quot;,&quot;469777815&quot;:&quot;hybridMultilevel&quot;}\" aria-setsize=\"-1\" data-aria-posinset=\"2\" data-aria-level=\"1\"><b><span data-contrast=\"none\">Capacitaci\u00f3 i operacions:<\/span><\/b><span data-contrast=\"none\"> disseny de marcs formatius per a empoderar organitzacions i \u00a0professionals en la prevenci\u00f3 i extinci\u00f3 d\u2019incendis. Oferim una metodologia que es basa en la creaci\u00f3 d\u2019espais de confian\u00e7a per a l\u2019intercanvi de coneixements i experi\u00e8ncies entre pa\u00efsos i experts de diferents organitzacions, a trav\u00e9s de programes d\u2019assist\u00e8ncia en operacions durant les campanyes d&#8217;incendi forestal.<\/span><\/li><li data-leveltext=\"\uf0b7\" data-font=\"Symbol\" data-listid=\"1\" data-list-defn-props=\"{&quot;335552541&quot;:1,&quot;335559684&quot;:-2,&quot;335559685&quot;:765,&quot;335559991&quot;:360,&quot;469769226&quot;:&quot;Symbol&quot;,&quot;469769242&quot;:[8226],&quot;469777803&quot;:&quot;left&quot;,&quot;469777804&quot;:&quot;\uf0b7&quot;,&quot;469777815&quot;:&quot;hybridMultilevel&quot;}\" aria-setsize=\"-1\" data-aria-posinset=\"2\" data-aria-level=\"1\"><b><span data-contrast=\"none\">Paisatges i societats resilients: <\/span><\/b><span data-contrast=\"none\">promoci\u00f3 de paisatges resilients<\/span><span data-contrast=\"none\"> als incendis forestals, a trav\u00e9s de l\u2019an\u00e0lisi del r\u00e8gim de foc del territori i proposta d\u2019accions concretes en punts clau, tenint en compte les especificitats socials i culturals dels paisatges. Igualment volem contribuir a crear societats m\u00e9s resilients als incendis forestals a trav\u00e9s de l&#8217;<b>Educaci\u00f3 i la sensibilitzaci\u00f3<\/b>. Aix\u00f2 implica treballar per a un canvi de la percepci\u00f3 social del foc. Creem materials educatius i activitats per conscienciar sobre la necessitat de gestionar el risc d\u2019incendis des de la perspectiva de l\u2019ecologia del foc i generar consci\u00e8ncia de risc a la societat.\u00a0<\/span><span data-ccp-props=\"{&quot;201341983&quot;:0,&quot;335559739&quot;:0,&quot;335559740&quot;:276}\">\u00a0<\/span><\/li><\/ul><p>,<\/p>\t\t\t\t\t\t<\/div>\n\t\t\t\t<\/div>\n\t\t\t\t<div class=\"elementor-element elementor-element-b320346 elementor-blockquote--skin-border elementor-blockquote--button-color-official elementor-widget elementor-widget-blockquote\" data-id=\"b320346\" data-element_type=\"widget\" data-widget_type=\"blockquote.default\">\n\t\t\t\t<div class=\"elementor-widget-container\">\n\t\t\t\t\t<blockquote class=\"elementor-blockquote\">\n\t\t\t<p class=\"elementor-blockquote__content\">\n\t\t\t\tDavant el context actual d'emerg\u00e8ncia clim\u00e0tica, nom\u00e9s amb la gesti\u00f3 forestal i acceptant que hem de conviure amb els incendis com a fet intr\u00ednsec del nostre paisatge, aconseguirem una societat adaptada, capa\u00e7 de gestionar el risc d'incendis des de la prevenci\u00f3.\t\t\t<\/p>\n\t\t\t\t\t<\/blockquote>\n\t\t\t\t<\/div>\n\t\t\t\t<\/div>\n\t\t\t\t\t<\/div>\n\t\t<\/div>\n\t\t\t\t<div class=\"elementor-column elementor-col-50 elementor-top-column elementor-element elementor-element-017985e\" data-id=\"017985e\" data-element_type=\"column\">\n\t\t\t<div class=\"elementor-widget-wrap elementor-element-populated\">\n\t\t\t\t\t\t<div class=\"elementor-element elementor-element-0580299 elementor-widget elementor-widget-image\" data-id=\"0580299\" data-element_type=\"widget\" data-widget_type=\"image.default\">\n\t\t\t\t<div class=\"elementor-widget-container\">\n\t\t\t\t\t\t\t\t\t\t\t\t\t\t<a href=\"https:\/\/www.paucostafoundation.org\/wp-content\/uploads\/2023\/05\/PLA-ESTRATEGIC-2023-25-CAT.pdf\">\n\t\t\t\t\t\t\t<img fetchpriority=\"high\" decoding=\"async\" width=\"376\" height=\"527\" src=\"https:\/\/www.paucostafoundation.org\/wp-content\/uploads\/2023\/07\/Captura-de-pantalla-2023-07-04-163645.png\" class=\"attachment-medium_large size-medium_large wp-image-12640\" alt=\"\" srcset=\"https:\/\/www.paucostafoundation.org\/wp-content\/uploads\/2023\/07\/Captura-de-pantalla-2023-07-04-163645.png 376w, https:\/\/www.paucostafoundation.org\/wp-content\/uploads\/2023\/07\/Captura-de-pantalla-2023-07-04-163645-214x300.png 214w\" sizes=\"(max-width: 376px) 100vw, 376px\" \/>\t\t\t\t\t\t\t\t<\/a>\n\t\t\t\t\t\t\t\t\t\t\t\t\t<\/div>\n\t\t\t\t<\/div>\n\t\t\t\t\t<\/div>\n\t\t<\/div>\n\t\t\t\t\t<\/div>\n\t\t<\/section>\n\t\t\t\t<section class=\"elementor-section elementor-top-section elementor-element elementor-element-8fe1739 elementor-section-boxed elementor-section-height-default elementor-section-height-default\" data-id=\"8fe1739\" data-element_type=\"section\">\n\t\t\t\t\t\t<div class=\"elementor-container elementor-column-gap-default\">\n\t\t\t\t\t<div class=\"elementor-column elementor-col-100 elementor-top-column elementor-element elementor-element-174033c\" data-id=\"174033c\" data-element_type=\"column\">\n\t\t\t<div class=\"elementor-widget-wrap elementor-element-populated\">\n\t\t\t\t\t\t<div class=\"elementor-element elementor-element-fdd9dbc elementor-widget elementor-widget-heading\" data-id=\"fdd9dbc\" data-element_type=\"widget\" data-widget_type=\"heading.default\">\n\t\t\t\t<div class=\"elementor-widget-container\">\n\t\t\t<h2 class=\"elementor-heading-title elementor-size-default\"><br><br>Pau Costa Alcubierre<\/h2>\t\t<\/div>\n\t\t\t\t<\/div>\n\t\t\t\t\t<\/div>\n\t\t<\/div>\n\t\t\t\t\t<\/div>\n\t\t<\/section>\n\t\t\t\t<section class=\"elementor-section elementor-top-section elementor-element elementor-element-0d79ca9 elementor-section-boxed elementor-section-height-default elementor-section-height-default\" data-id=\"0d79ca9\" data-element_type=\"section\">\n\t\t\t\t\t\t<div class=\"elementor-container elementor-column-gap-default\">\n\t\t\t\t\t<div class=\"elementor-column elementor-col-50 elementor-top-column elementor-element elementor-element-4ae26c8\" data-id=\"4ae26c8\" data-element_type=\"column\">\n\t\t\t<div class=\"elementor-widget-wrap elementor-element-populated\">\n\t\t\t\t\t\t<div class=\"elementor-element elementor-element-11a0dd1 elementor-widget elementor-widget-text-editor\" data-id=\"11a0dd1\" data-element_type=\"widget\" data-widget_type=\"text-editor.default\">\n\t\t\t\t<div class=\"elementor-widget-container\">\n\t\t\t\t\t\t\t<p>La creaci\u00f3 de la Fundaci\u00f3 Pau Costa respon a la voluntat de posar en marxa la idea d\u2019un equip d&#8217;analistes d\u2019incendis dels GRAF, entre ells en Pau Costa, de crear una plataforma per aglutinar coneixement, tan nacional com internacional, d\u2019incendis forestals. Va ser de fet en Pau qui va redactar els primers esborranys del projecte de la present Fundaci\u00f3 i des de l&#8217;inici es va involucrar en la constituci\u00f3 de la Fundaci\u00f3 i va marcar les grans l\u00ednies de treball que, al cap d&#8217;un temps, van configurar el projecte final d&#8217;aquesta Fundaci\u00f3 que avui porta el seu nom.\u00a0<\/p><p>En Pau Costa Alcubierre va n\u00e9ixer a Sant Juli\u00e0 de Vilatorta (Osona), el 13 de Setembre de l&#8217;any 1977. Es va llicenciar en Enginyeria T\u00e8cnica Forestal a la Universitat de Lleida i va cursar un m\u00e0ster en an\u00e0lisi d\u2019incendis forestals. Va iniciar la seva carrera professional a la Unitat T\u00e8cnica GRAF, del Cos de Bombers de la Generalitat de Catalunya, on va exercir com analista d\u2019incendis forestals al sud d\u2019Europa, i va treballar en el projecte europeu FireParadox per escriure la guia \u201cLa Prevenci\u00f3 dels Grans Incendis Forestals adaptada a l&#8217;Incendi Tipus&#8221;.\u00a0\u00a0<\/p><p>En Pau \u00e9s un dels bombers que junt amb Jaume Arpa, Jordi Mor\u00e9, Ramon Espinet i David Duaig\u00fces, van perdre la vida a l\u2019incendi d\u2019Horta de Sant Joan, el 24 de juliol de 2009.<\/p>\t\t\t\t\t\t<\/div>\n\t\t\t\t<\/div>\n\t\t\t\t\t<\/div>\n\t\t<\/div>\n\t\t\t\t<div class=\"elementor-column elementor-col-50 elementor-top-column elementor-element elementor-element-d37579d\" data-id=\"d37579d\" data-element_type=\"column\">\n\t\t\t<div class=\"elementor-widget-wrap elementor-element-populated\">\n\t\t\t\t\t\t<div class=\"elementor-element elementor-element-ea50154 elementor-widget elementor-widget-image\" data-id=\"ea50154\" data-element_type=\"widget\" data-widget_type=\"image.default\">\n\t\t\t\t<div class=\"elementor-widget-container\">\n\t\t\t\t\t\t\t\t\t\t\t\t\t<img decoding=\"async\" width=\"800\" height=\"600\" src=\"https:\/\/www.paucostafoundation.org\/wp-content\/uploads\/2023\/01\/PauCostaAlcubierre.jpg\" class=\"attachment-large size-large wp-image-10086\" alt=\"\" srcset=\"https:\/\/www.paucostafoundation.org\/wp-content\/uploads\/2023\/01\/PauCostaAlcubierre.jpg 1024w, https:\/\/www.paucostafoundation.org\/wp-content\/uploads\/2023\/01\/PauCostaAlcubierre-300x225.jpg 300w, https:\/\/www.paucostafoundation.org\/wp-content\/uploads\/2023\/01\/PauCostaAlcubierre-768x576.jpg 768w, https:\/\/www.paucostafoundation.org\/wp-content\/uploads\/2023\/01\/PauCostaAlcubierre-600x450.jpg 600w\" sizes=\"(max-width: 800px) 100vw, 800px\" \/>\t\t\t\t\t\t\t\t\t\t\t\t\t<\/div>\n\t\t\t\t<\/div>\n\t\t\t\t\t<\/div>\n\t\t<\/div>\n\t\t\t\t\t<\/div>\n\t\t<\/section>\n\t\t\t\t<\/div>\n\t\t","protected":false},"excerpt":{"rendered":"<p>La Fundaci\u00f3 Pau Costa \u00e9s una entitat global sense \u00e0nim de lucre que posa el focus en la prevenci\u00f3 i la gesti\u00f3 d&#8217;incendis forestals\u00a0des de la perspectiva de l&#8217;ecologia del foc. Des del 2011, treballem per facilitar la trobada entre investigadors, serveis d&#8217;emerg\u00e8ncia, administraci\u00f3 p\u00fablica, empresa privada i societat civil, amb la vocaci\u00f3 de divulgar [&hellip;]<\/p>\n","protected":false},"author":12,"featured_media":279,"parent":0,"menu_order":0,"comment_status":"closed","ping_status":"closed","template":"","meta":{"_acf_changed":false,"give_campaign_id":0,"footnotes":""},"class_list":["post-2565","page","type-page","status-publish","has-post-thumbnail","hentry"],"acf":[],"yoast_head":"<!-- This site is optimized with the Yoast SEO plugin v26.3 - https:\/\/yoast.com\/wordpress\/plugins\/seo\/ -->\n<title>La Fundaci\u00f3<\/title>\n<meta name=\"robots\" content=\"index, follow, max-snippet:-1, max-image-preview:large, max-video-preview:-1\" \/>\n<link rel=\"canonical\" href=\"https:\/\/www.paucostafoundation.org\/ca\/organitzacio\/\" \/>\n<meta property=\"og:locale\" content=\"ca_ES\" \/>\n<meta property=\"og:type\" content=\"article\" \/>\n<meta property=\"og:title\" content=\"La Fundaci\u00f3\" \/>\n<meta property=\"og:description\" content=\"La Fundaci\u00f3 Pau Costa \u00e9s una entitat global sense \u00e0nim de lucre que posa el focus en la prevenci\u00f3 i la gesti\u00f3 d&#8217;incendis forestals\u00a0des de la perspectiva de l&#8217;ecologia del foc. Des del 2011, treballem per facilitar la trobada entre investigadors, serveis d&#8217;emerg\u00e8ncia, administraci\u00f3 p\u00fablica, empresa privada i societat civil, amb la vocaci\u00f3 de divulgar [&hellip;]\" \/>\n<meta property=\"og:url\" content=\"https:\/\/www.paucostafoundation.org\/ca\/organitzacio\/\" \/>\n<meta property=\"og:site_name\" content=\"Pau Costa Foundation\" \/>\n<meta property=\"article:modified_time\" content=\"2023-12-04T16:17:07+00:00\" \/>\n<meta property=\"og:image\" content=\"https:\/\/www.paucostafoundation.org\/wp-content\/uploads\/2021\/06\/forest2.jpg\" \/>\n\t<meta property=\"og:image:width\" content=\"2200\" \/>\n\t<meta property=\"og:image:height\" content=\"945\" \/>\n\t<meta property=\"og:image:type\" content=\"image\/jpeg\" \/>\n<meta name=\"twitter:card\" content=\"summary_large_image\" \/>\n<meta name=\"twitter:label1\" content=\"Temps estimat de lectura\" \/>\n\t<meta name=\"twitter:data1\" content=\"4 minuts\" \/>\n<script type=\"application\/ld+json\" class=\"yoast-schema-graph\">{\"@context\":\"https:\/\/schema.org\",\"@graph\":[{\"@type\":\"WebPage\",\"@id\":\"https:\/\/www.paucostafoundation.org\/ca\/organitzacio\/\",\"url\":\"https:\/\/www.paucostafoundation.org\/ca\/organitzacio\/\",\"name\":\"La Fundaci\u00f3\",\"isPartOf\":{\"@id\":\"https:\/\/www.paucostafoundation.org\/ca\/#website\"},\"primaryImageOfPage\":{\"@id\":\"https:\/\/www.paucostafoundation.org\/ca\/organitzacio\/#primaryimage\"},\"image\":{\"@id\":\"https:\/\/www.paucostafoundation.org\/ca\/organitzacio\/#primaryimage\"},\"thumbnailUrl\":\"https:\/\/www.paucostafoundation.org\/wp-content\/uploads\/2021\/06\/forest2.jpg\",\"datePublished\":\"2021-06-29T10:20:50+00:00\",\"dateModified\":\"2023-12-04T16:17:07+00:00\",\"breadcrumb\":{\"@id\":\"https:\/\/www.paucostafoundation.org\/ca\/organitzacio\/#breadcrumb\"},\"inLanguage\":\"ca\",\"potentialAction\":[{\"@type\":\"ReadAction\",\"target\":[\"https:\/\/www.paucostafoundation.org\/ca\/organitzacio\/\"]}]},{\"@type\":\"ImageObject\",\"inLanguage\":\"ca\",\"@id\":\"https:\/\/www.paucostafoundation.org\/ca\/organitzacio\/#primaryimage\",\"url\":\"https:\/\/www.paucostafoundation.org\/wp-content\/uploads\/2021\/06\/forest2.jpg\",\"contentUrl\":\"https:\/\/www.paucostafoundation.org\/wp-content\/uploads\/2021\/06\/forest2.jpg\",\"width\":2200,\"height\":945},{\"@type\":\"BreadcrumbList\",\"@id\":\"https:\/\/www.paucostafoundation.org\/ca\/organitzacio\/#breadcrumb\",\"itemListElement\":[{\"@type\":\"ListItem\",\"position\":1,\"name\":\"Inicio\",\"item\":\"https:\/\/www.paucostafoundation.org\/ca\/\"},{\"@type\":\"ListItem\",\"position\":2,\"name\":\"La Fundaci\u00f3\"}]},{\"@type\":\"WebSite\",\"@id\":\"https:\/\/www.paucostafoundation.org\/ca\/#website\",\"url\":\"https:\/\/www.paucostafoundation.org\/ca\/\",\"name\":\"Pau Costa Foundation\",\"description\":\"CONCIENCIA E INVESTIGA LOS INCENDIOS FORESTALES\",\"publisher\":{\"@id\":\"https:\/\/www.paucostafoundation.org\/ca\/#organization\"},\"potentialAction\":[{\"@type\":\"SearchAction\",\"target\":{\"@type\":\"EntryPoint\",\"urlTemplate\":\"https:\/\/www.paucostafoundation.org\/ca\/?s={search_term_string}\"},\"query-input\":{\"@type\":\"PropertyValueSpecification\",\"valueRequired\":true,\"valueName\":\"search_term_string\"}}],\"inLanguage\":\"ca\"},{\"@type\":\"Organization\",\"@id\":\"https:\/\/www.paucostafoundation.org\/ca\/#organization\",\"name\":\"Pau Costa Foundation\",\"url\":\"https:\/\/www.paucostafoundation.org\/ca\/\",\"logo\":{\"@type\":\"ImageObject\",\"inLanguage\":\"ca\",\"@id\":\"https:\/\/www.paucostafoundation.org\/ca\/#\/schema\/logo\/image\/\",\"url\":\"https:\/\/paucostafoundation.digitalnature.es\/wp-content\/uploads\/2021\/06\/logo.png\",\"contentUrl\":\"https:\/\/paucostafoundation.digitalnature.es\/wp-content\/uploads\/2021\/06\/logo.png\",\"width\":873,\"height\":358,\"caption\":\"Pau Costa Foundation\"},\"image\":{\"@id\":\"https:\/\/www.paucostafoundation.org\/ca\/#\/schema\/logo\/image\/\"}}]}<\/script>\n<!-- \/ Yoast SEO plugin. -->","yoast_head_json":{"title":"La Fundaci\u00f3","robots":{"index":"index","follow":"follow","max-snippet":"max-snippet:-1","max-image-preview":"max-image-preview:large","max-video-preview":"max-video-preview:-1"},"canonical":"https:\/\/www.paucostafoundation.org\/ca\/organitzacio\/","og_locale":"ca_ES","og_type":"article","og_title":"La Fundaci\u00f3","og_description":"La Fundaci\u00f3 Pau Costa \u00e9s una entitat global sense \u00e0nim de lucre que posa el focus en la prevenci\u00f3 i la gesti\u00f3 d&#8217;incendis forestals\u00a0des de la perspectiva de l&#8217;ecologia del foc. Des del 2011, treballem per facilitar la trobada entre investigadors, serveis d&#8217;emerg\u00e8ncia, administraci\u00f3 p\u00fablica, empresa privada i societat civil, amb la vocaci\u00f3 de divulgar [&hellip;]","og_url":"https:\/\/www.paucostafoundation.org\/ca\/organitzacio\/","og_site_name":"Pau Costa Foundation","article_modified_time":"2023-12-04T16:17:07+00:00","og_image":[{"width":2200,"height":945,"url":"https:\/\/www.paucostafoundation.org\/wp-content\/uploads\/2021\/06\/forest2.jpg","type":"image\/jpeg"}],"twitter_card":"summary_large_image","twitter_misc":{"Temps estimat de lectura":"4 minuts"},"schema":{"@context":"https:\/\/schema.org","@graph":[{"@type":"WebPage","@id":"https:\/\/www.paucostafoundation.org\/ca\/organitzacio\/","url":"https:\/\/www.paucostafoundation.org\/ca\/organitzacio\/","name":"La Fundaci\u00f3","isPartOf":{"@id":"https:\/\/www.paucostafoundation.org\/ca\/#website"},"primaryImageOfPage":{"@id":"https:\/\/www.paucostafoundation.org\/ca\/organitzacio\/#primaryimage"},"image":{"@id":"https:\/\/www.paucostafoundation.org\/ca\/organitzacio\/#primaryimage"},"thumbnailUrl":"https:\/\/www.paucostafoundation.org\/wp-content\/uploads\/2021\/06\/forest2.jpg","datePublished":"2021-06-29T10:20:50+00:00","dateModified":"2023-12-04T16:17:07+00:00","breadcrumb":{"@id":"https:\/\/www.paucostafoundation.org\/ca\/organitzacio\/#breadcrumb"},"inLanguage":"ca","potentialAction":[{"@type":"ReadAction","target":["https:\/\/www.paucostafoundation.org\/ca\/organitzacio\/"]}]},{"@type":"ImageObject","inLanguage":"ca","@id":"https:\/\/www.paucostafoundation.org\/ca\/organitzacio\/#primaryimage","url":"https:\/\/www.paucostafoundation.org\/wp-content\/uploads\/2021\/06\/forest2.jpg","contentUrl":"https:\/\/www.paucostafoundation.org\/wp-content\/uploads\/2021\/06\/forest2.jpg","width":2200,"height":945},{"@type":"BreadcrumbList","@id":"https:\/\/www.paucostafoundation.org\/ca\/organitzacio\/#breadcrumb","itemListElement":[{"@type":"ListItem","position":1,"name":"Inicio","item":"https:\/\/www.paucostafoundation.org\/ca\/"},{"@type":"ListItem","position":2,"name":"La Fundaci\u00f3"}]},{"@type":"WebSite","@id":"https:\/\/www.paucostafoundation.org\/ca\/#website","url":"https:\/\/www.paucostafoundation.org\/ca\/","name":"Pau Costa Foundation","description":"CONCIENCIA E INVESTIGA LOS INCENDIOS FORESTALES","publisher":{"@id":"https:\/\/www.paucostafoundation.org\/ca\/#organization"},"potentialAction":[{"@type":"SearchAction","target":{"@type":"EntryPoint","urlTemplate":"https:\/\/www.paucostafoundation.org\/ca\/?s={search_term_string}"},"query-input":{"@type":"PropertyValueSpecification","valueRequired":true,"valueName":"search_term_string"}}],"inLanguage":"ca"},{"@type":"Organization","@id":"https:\/\/www.paucostafoundation.org\/ca\/#organization","name":"Pau Costa Foundation","url":"https:\/\/www.paucostafoundation.org\/ca\/","logo":{"@type":"ImageObject","inLanguage":"ca","@id":"https:\/\/www.paucostafoundation.org\/ca\/#\/schema\/logo\/image\/","url":"https:\/\/paucostafoundation.digitalnature.es\/wp-content\/uploads\/2021\/06\/logo.png","contentUrl":"https:\/\/paucostafoundation.digitalnature.es\/wp-content\/uploads\/2021\/06\/logo.png","width":873,"height":358,"caption":"Pau Costa Foundation"},"image":{"@id":"https:\/\/www.paucostafoundation.org\/ca\/#\/schema\/logo\/image\/"}}]}},"campaignId":"","_links":{"self":[{"href":"https:\/\/www.paucostafoundation.org\/ca\/wp-json\/wp\/v2\/pages\/2565","targetHints":{"allow":["GET"]}}],"collection":[{"href":"https:\/\/www.paucostafoundation.org\/ca\/wp-json\/wp\/v2\/pages"}],"about":[{"href":"https:\/\/www.paucostafoundation.org\/ca\/wp-json\/wp\/v2\/types\/page"}],"author":[{"embeddable":true,"href":"https:\/\/www.paucostafoundation.org\/ca\/wp-json\/wp\/v2\/users\/12"}],"replies":[{"embeddable":true,"href":"https:\/\/www.paucostafoundation.org\/ca\/wp-json\/wp\/v2\/comments?post=2565"}],"version-history":[{"count":98,"href":"https:\/\/www.paucostafoundation.org\/ca\/wp-json\/wp\/v2\/pages\/2565\/revisions"}],"predecessor-version":[{"id":14687,"href":"https:\/\/www.paucostafoundation.org\/ca\/wp-json\/wp\/v2\/pages\/2565\/revisions\/14687"}],"wp:featuredmedia":[{"embeddable":true,"href":"https:\/\/www.paucostafoundation.org\/ca\/wp-json\/wp\/v2\/media\/279"}],"wp:attachment":[{"href":"https:\/\/www.paucostafoundation.org\/ca\/wp-json\/wp\/v2\/media?parent=2565"}],"curies":[{"name":"wp","href":"https:\/\/api.w.org\/{rel}","templated":true}]}}