{"id":2536,"date":"2021-06-22T08:24:34","date_gmt":"2021-06-22T08:24:34","guid":{"rendered":"https:\/\/paucostafoundation.digitalnature.es\/aviso-legal\/"},"modified":"2023-09-20T06:42:13","modified_gmt":"2023-09-20T06:42:13","slug":"avis-legal","status":"publish","type":"page","link":"https:\/\/www.paucostafoundation.org\/ca\/avis-legal\/","title":{"rendered":"Av\u00eds legal"},"content":{"rendered":"\n<p>El prop\u00f2sit d&#8217;aquest Av\u00eds Legal, \u00e9s informar els usuaris de\u00a0<a href=\"http:\/\/paucostafoundation.org\/ca\">www.paucostafoundation.org<\/a>\u00a0, Domiciliada a, Avinguda Moss\u00e8n Cinto Verdaguer, 42, Escala A, Baixos A la ra\u00f3 social de l&#8217;responsable de l&#8217;tractament \u00e9s FUNDACI\u00d3 PAU COSTA (PAU COSTA FOUNDATION), de quin \u00e9s el seu\u00a0<strong>pol\u00edtica de protecci\u00f3 de la privacitat i confidencialitat de les dades de car\u00e0cter personal<\/strong>\u00a0segons el Reglament General de Protecci\u00f3 de Dades (RGPD) que els seus usuaris faciliten de forma lliure i volunt\u00e0ria.<\/p>\n\n\n\n<p>FUNDACI\u00d3 PAU COSTA (PAU COSTA FOUNDATION) posa en el seu coneixement que disposa de les seves dades de car\u00e0cter personal especificats en el corresponent registre d&#8217;activitats de el tractament de l&#8217;empresa denominat Gesti\u00f3 d&#8217;Usuaris web.<\/p>\n\n\n\n<p>La base legal per al tractament de les seves dades \u00e9s el consentiment obtingut de el mateix titular de l&#8217;tractament en el moment d&#8217;emplenar els nostres diferents formularis on-line i l&#8217;acceptaci\u00f3 de forma expressa dels mateixos.<\/p>\n\n\n\n<p>La finalitat de la creaci\u00f3, exist\u00e8ncia i manteniment \u00e9s el tractament de les dades amb exclusius fins de de poder fer efectiva la sol\u00b7licitud de compra de productes \/ serveis \/ esdeveniments i \/ o informaci\u00f3 i \/ o realitzar una donaci\u00f3 i \/ o alta com a soci i \/ o suport al nostre dec\u00e0leg d&#8217;accions aix\u00ed com l&#8217;enviament d&#8217;informaci\u00f3 sobre FUNDACI\u00d3 PAU COSTA (PAU COSTA FOUNDATION) en el cas que l&#8217;hagi acceptat de forma expressa.<\/p>\n\n\n\n<p>Els destinataris de la informaci\u00f3 s\u00f3n tots els departaments, compartiments, locals i ens associats en els quals s&#8217;organitza FUNDACI\u00d3 PAU COSTA (PAU COSTA FOUNDATION) i no seran cedides a cap tercer excepte en els casos que hi hagi una obligaci\u00f3 legal.<\/p>\n\n\n\n<p>En tot cas, vost\u00e8 t\u00e9 dret a obtenir confirmaci\u00f3 sobre si en FUNDACI\u00d3 PAU COSTA estem tractant les seves dades personals per tant t\u00e9 dret a accedir a les seves dades personals, rectificar les dades inexactes o sol\u00b7licitar la seva supressi\u00f3 quan les dades ja no siguin necessaris.<\/p>\n\n\n\n<p>Els camps dels diferents formularis online marcats amb un asterisc s\u00f3n d&#8217;obligada cumplimentaci\u00f3 per poder fer efectiva la seva sol\u00b7licitud de compra \/ informaci\u00f3 \/ realitzaci\u00f3 d&#8217;una donaci\u00f3 i \/ o alta socii \/ o suport al nostre dec\u00e0leg d&#8217;accions.<\/p>\n\n\n\n<p>La Web ha adoptat les mesures d&#8217;\u00edndole t\u00e8cnica i organitzatives necess\u00e0ries, segons el nivell de seguretat de protecci\u00f3 de dades que li correspon legalment, per garantir la seguretat de l&#8217;tractament de dades de car\u00e0cter personal que constitueixen el seu fitxer automatitzat. No obstant aix\u00f2, l&#8217;usuari ha de ser conscient que en l&#8217;actualitat les mesures de seguretat a Internet no s\u00f3n inexpugnables i per tant no s&#8217;est\u00e0 fora de perill de possibles intromissions il\u00b7legals i indegudes, que no serien responsabilitat de FUNDACI\u00d3  PAU COSTA (PAU COSTA FOUNDATION), ja que ella ha actuat amb la dilig\u00e8ncia deguda per a protegir les dades conforme determina la llei.<\/p>\n\n\n\n<p>La pol\u00edtica de cookies del web&nbsp;www.paucostafoundation.org&nbsp;es troba determinada en l&#8217;apartat corresponent.<\/p>\n\n\n\n<p>la Web&nbsp;www.paucostafoundation.org&nbsp;far\u00e0 tot el possible perqu\u00e8 les seves dades estiguin sempre actualitzades. No obstant aix\u00f2, la responsabilitat sobre la qualitat de les dades dep\u00e8n de titular d&#8217;ells, per aquest motiu si hi ha alguna modificaci\u00f3 de les dades l&#8217;usuari de la web els comunicar\u00e0 el responsable de l&#8217;Arxiu, declinant aquesta tota responsabilitat en cas que ometi la seva obligaci\u00f3 de notificar els canvis.<\/p>\n\n\n\n<p>La prestaci\u00f3 de l&#8217;servei de portal i les presents condicions d&#8217;\u00fas del Lloc Web es regeixen per la Llei Espanyola. Per a qualsevol discrep\u00e0ncia en l&#8217;execuci\u00f3, interpretaci\u00f3, compliment d&#8217;aquestes condicions, les parts se sotmeten als jutjats i tribunals competents.<\/p>\n","protected":false},"excerpt":{"rendered":"<p>El prop\u00f2sit d&#8217;aquest Av\u00eds Legal, \u00e9s informar els usuaris de\u00a0www.paucostafoundation.org\u00a0, Domiciliada a, Avinguda Moss\u00e8n Cinto Verdaguer, 42, Escala A, Baixos A la ra\u00f3 social de l&#8217;responsable de l&#8217;tractament \u00e9s FUNDACI\u00d3 PAU COSTA (PAU COSTA FOUNDATION), de quin \u00e9s el seu\u00a0pol\u00edtica de protecci\u00f3 de la privacitat i confidencialitat de les dades de car\u00e0cter personal\u00a0segons el Reglament [&hellip;]<\/p>\n","protected":false},"author":12,"featured_media":0,"parent":0,"menu_order":0,"comment_status":"closed","ping_status":"closed","template":"","meta":{"_acf_changed":false,"give_campaign_id":0,"footnotes":""},"class_list":["post-2536","page","type-page","status-publish","hentry"],"acf":[],"yoast_head":"<!-- This site is optimized with the Yoast SEO plugin v26.3 - https:\/\/yoast.com\/wordpress\/plugins\/seo\/ -->\n<title>Av\u00eds legal<\/title>\n<meta name=\"robots\" content=\"index, follow, max-snippet:-1, max-image-preview:large, max-video-preview:-1\" \/>\n<link rel=\"canonical\" href=\"https:\/\/www.paucostafoundation.org\/ca\/avis-legal\/\" \/>\n<meta property=\"og:locale\" content=\"ca_ES\" \/>\n<meta property=\"og:type\" content=\"article\" \/>\n<meta property=\"og:title\" content=\"Av\u00eds legal\" \/>\n<meta property=\"og:description\" content=\"El prop\u00f2sit d&#8217;aquest Av\u00eds Legal, \u00e9s informar els usuaris de\u00a0www.paucostafoundation.org\u00a0, Domiciliada a, Avinguda Moss\u00e8n Cinto Verdaguer, 42, Escala A, Baixos A la ra\u00f3 social de l&#8217;responsable de l&#8217;tractament \u00e9s FUNDACI\u00d3 PAU COSTA (PAU COSTA FOUNDATION), de quin \u00e9s el seu\u00a0pol\u00edtica de protecci\u00f3 de la privacitat i confidencialitat de les dades de car\u00e0cter personal\u00a0segons el Reglament [&hellip;]\" \/>\n<meta property=\"og:url\" content=\"https:\/\/www.paucostafoundation.org\/ca\/avis-legal\/\" \/>\n<meta property=\"og:site_name\" content=\"Pau Costa Foundation\" \/>\n<meta property=\"article:modified_time\" content=\"2023-09-20T06:42:13+00:00\" \/>\n<meta name=\"twitter:card\" content=\"summary_large_image\" \/>\n<meta name=\"twitter:label1\" content=\"Temps estimat de lectura\" \/>\n\t<meta name=\"twitter:data1\" content=\"3 minuts\" \/>\n<script type=\"application\/ld+json\" class=\"yoast-schema-graph\">{\"@context\":\"https:\/\/schema.org\",\"@graph\":[{\"@type\":\"WebPage\",\"@id\":\"https:\/\/www.paucostafoundation.org\/ca\/avis-legal\/\",\"url\":\"https:\/\/www.paucostafoundation.org\/ca\/avis-legal\/\",\"name\":\"Av\u00eds legal\",\"isPartOf\":{\"@id\":\"https:\/\/www.paucostafoundation.org\/ca\/#website\"},\"datePublished\":\"2021-06-22T08:24:34+00:00\",\"dateModified\":\"2023-09-20T06:42:13+00:00\",\"breadcrumb\":{\"@id\":\"https:\/\/www.paucostafoundation.org\/ca\/avis-legal\/#breadcrumb\"},\"inLanguage\":\"ca\",\"potentialAction\":[{\"@type\":\"ReadAction\",\"target\":[\"https:\/\/www.paucostafoundation.org\/ca\/avis-legal\/\"]}]},{\"@type\":\"BreadcrumbList\",\"@id\":\"https:\/\/www.paucostafoundation.org\/ca\/avis-legal\/#breadcrumb\",\"itemListElement\":[{\"@type\":\"ListItem\",\"position\":1,\"name\":\"Inicio\",\"item\":\"https:\/\/www.paucostafoundation.org\/ca\/\"},{\"@type\":\"ListItem\",\"position\":2,\"name\":\"Av\u00eds legal\"}]},{\"@type\":\"WebSite\",\"@id\":\"https:\/\/www.paucostafoundation.org\/ca\/#website\",\"url\":\"https:\/\/www.paucostafoundation.org\/ca\/\",\"name\":\"Pau Costa Foundation\",\"description\":\"CONCIENCIA E INVESTIGA LOS INCENDIOS FORESTALES\",\"publisher\":{\"@id\":\"https:\/\/www.paucostafoundation.org\/ca\/#organization\"},\"potentialAction\":[{\"@type\":\"SearchAction\",\"target\":{\"@type\":\"EntryPoint\",\"urlTemplate\":\"https:\/\/www.paucostafoundation.org\/ca\/?s={search_term_string}\"},\"query-input\":{\"@type\":\"PropertyValueSpecification\",\"valueRequired\":true,\"valueName\":\"search_term_string\"}}],\"inLanguage\":\"ca\"},{\"@type\":\"Organization\",\"@id\":\"https:\/\/www.paucostafoundation.org\/ca\/#organization\",\"name\":\"Pau Costa Foundation\",\"url\":\"https:\/\/www.paucostafoundation.org\/ca\/\",\"logo\":{\"@type\":\"ImageObject\",\"inLanguage\":\"ca\",\"@id\":\"https:\/\/www.paucostafoundation.org\/ca\/#\/schema\/logo\/image\/\",\"url\":\"https:\/\/paucostafoundation.digitalnature.es\/wp-content\/uploads\/2021\/06\/logo.png\",\"contentUrl\":\"https:\/\/paucostafoundation.digitalnature.es\/wp-content\/uploads\/2021\/06\/logo.png\",\"width\":873,\"height\":358,\"caption\":\"Pau Costa Foundation\"},\"image\":{\"@id\":\"https:\/\/www.paucostafoundation.org\/ca\/#\/schema\/logo\/image\/\"}}]}<\/script>\n<!-- \/ Yoast SEO plugin. -->","yoast_head_json":{"title":"Av\u00eds legal","robots":{"index":"index","follow":"follow","max-snippet":"max-snippet:-1","max-image-preview":"max-image-preview:large","max-video-preview":"max-video-preview:-1"},"canonical":"https:\/\/www.paucostafoundation.org\/ca\/avis-legal\/","og_locale":"ca_ES","og_type":"article","og_title":"Av\u00eds legal","og_description":"El prop\u00f2sit d&#8217;aquest Av\u00eds Legal, \u00e9s informar els usuaris de\u00a0www.paucostafoundation.org\u00a0, Domiciliada a, Avinguda Moss\u00e8n Cinto Verdaguer, 42, Escala A, Baixos A la ra\u00f3 social de l&#8217;responsable de l&#8217;tractament \u00e9s FUNDACI\u00d3 PAU COSTA (PAU COSTA FOUNDATION), de quin \u00e9s el seu\u00a0pol\u00edtica de protecci\u00f3 de la privacitat i confidencialitat de les dades de car\u00e0cter personal\u00a0segons el Reglament [&hellip;]","og_url":"https:\/\/www.paucostafoundation.org\/ca\/avis-legal\/","og_site_name":"Pau Costa Foundation","article_modified_time":"2023-09-20T06:42:13+00:00","twitter_card":"summary_large_image","twitter_misc":{"Temps estimat de lectura":"3 minuts"},"schema":{"@context":"https:\/\/schema.org","@graph":[{"@type":"WebPage","@id":"https:\/\/www.paucostafoundation.org\/ca\/avis-legal\/","url":"https:\/\/www.paucostafoundation.org\/ca\/avis-legal\/","name":"Av\u00eds legal","isPartOf":{"@id":"https:\/\/www.paucostafoundation.org\/ca\/#website"},"datePublished":"2021-06-22T08:24:34+00:00","dateModified":"2023-09-20T06:42:13+00:00","breadcrumb":{"@id":"https:\/\/www.paucostafoundation.org\/ca\/avis-legal\/#breadcrumb"},"inLanguage":"ca","potentialAction":[{"@type":"ReadAction","target":["https:\/\/www.paucostafoundation.org\/ca\/avis-legal\/"]}]},{"@type":"BreadcrumbList","@id":"https:\/\/www.paucostafoundation.org\/ca\/avis-legal\/#breadcrumb","itemListElement":[{"@type":"ListItem","position":1,"name":"Inicio","item":"https:\/\/www.paucostafoundation.org\/ca\/"},{"@type":"ListItem","position":2,"name":"Av\u00eds legal"}]},{"@type":"WebSite","@id":"https:\/\/www.paucostafoundation.org\/ca\/#website","url":"https:\/\/www.paucostafoundation.org\/ca\/","name":"Pau Costa Foundation","description":"CONCIENCIA E INVESTIGA LOS INCENDIOS FORESTALES","publisher":{"@id":"https:\/\/www.paucostafoundation.org\/ca\/#organization"},"potentialAction":[{"@type":"SearchAction","target":{"@type":"EntryPoint","urlTemplate":"https:\/\/www.paucostafoundation.org\/ca\/?s={search_term_string}"},"query-input":{"@type":"PropertyValueSpecification","valueRequired":true,"valueName":"search_term_string"}}],"inLanguage":"ca"},{"@type":"Organization","@id":"https:\/\/www.paucostafoundation.org\/ca\/#organization","name":"Pau Costa Foundation","url":"https:\/\/www.paucostafoundation.org\/ca\/","logo":{"@type":"ImageObject","inLanguage":"ca","@id":"https:\/\/www.paucostafoundation.org\/ca\/#\/schema\/logo\/image\/","url":"https:\/\/paucostafoundation.digitalnature.es\/wp-content\/uploads\/2021\/06\/logo.png","contentUrl":"https:\/\/paucostafoundation.digitalnature.es\/wp-content\/uploads\/2021\/06\/logo.png","width":873,"height":358,"caption":"Pau Costa Foundation"},"image":{"@id":"https:\/\/www.paucostafoundation.org\/ca\/#\/schema\/logo\/image\/"}}]}},"campaignId":"","_links":{"self":[{"href":"https:\/\/www.paucostafoundation.org\/ca\/wp-json\/wp\/v2\/pages\/2536","targetHints":{"allow":["GET"]}}],"collection":[{"href":"https:\/\/www.paucostafoundation.org\/ca\/wp-json\/wp\/v2\/pages"}],"about":[{"href":"https:\/\/www.paucostafoundation.org\/ca\/wp-json\/wp\/v2\/types\/page"}],"author":[{"embeddable":true,"href":"https:\/\/www.paucostafoundation.org\/ca\/wp-json\/wp\/v2\/users\/12"}],"replies":[{"embeddable":true,"href":"https:\/\/www.paucostafoundation.org\/ca\/wp-json\/wp\/v2\/comments?post=2536"}],"version-history":[{"count":3,"href":"https:\/\/www.paucostafoundation.org\/ca\/wp-json\/wp\/v2\/pages\/2536\/revisions"}],"predecessor-version":[{"id":13241,"href":"https:\/\/www.paucostafoundation.org\/ca\/wp-json\/wp\/v2\/pages\/2536\/revisions\/13241"}],"wp:attachment":[{"href":"https:\/\/www.paucostafoundation.org\/ca\/wp-json\/wp\/v2\/media?parent=2536"}],"curies":[{"name":"wp","href":"https:\/\/api.w.org\/{rel}","templated":true}]}}