{"id":20274,"date":"2025-01-26T15:09:06","date_gmt":"2025-01-26T15:09:06","guid":{"rendered":"https:\/\/www.paucostafoundation.org\/?page_id=20274"},"modified":"2026-03-16T12:37:13","modified_gmt":"2026-03-16T12:37:13","slug":"politica-del-sistema-intern-dinformacio-de-la-fundacio","status":"publish","type":"page","link":"https:\/\/www.paucostafoundation.org\/ca\/politica-del-sistema-intern-dinformacio-de-la-fundacio\/","title":{"rendered":"Pol\u00edtica del sistema intern d&#8217;informaci\u00f3 de la Fundaci\u00f3"},"content":{"rendered":"\n<p>L\u2019objecte d\u2019aquesta pol\u00edtica \u00e9s regular el funcionament del sistema intern d\u2019informaci\u00f3 de la Fundaci\u00f3 previst a l\u2019article 5 de la <strong><em>Llei 2\/2023, de 20 de febrer, reguladora de la protecci\u00f3 a les persones que informen sobre infraccions normatives i de lluita contra la corrupci\u00f3<\/em><\/strong>.<\/p>\n\n\n\n<p>El sistema intern d\u2019informaci\u00f3 inclou el canal \u00e8tic o de den\u00fancies, que \u00e9s una eina a trav\u00e9s de la qual els membres de l\u2019\u00f2rgan de govern de la Fundaci\u00f3, els directius, els treballadors, els becaris, etc (els informants) poden posar en coneixement de la Fundaci\u00f3 la comissi\u00f3 d\u2019accions delictives o d\u2019infraccions de les qu\u00e8 tinguin coneixement. <\/p>\n\n\n\n<p>Us convidem a consultar detingudament la descripci\u00f3, \u00e0mbit d&#8217;actuaci\u00f3, sup\u00f2sits i procediments en el document &#8220;<a href=\"https:\/\/www.paucostafoundation.org\/wp-content\/uploads\/2025\/01\/SISTEMA-INTERN-INFORMACIO2.pdf\">Pol\u00edtica del sistema intern d&#8217;informaci\u00f3 de la Fundaci\u00f3<\/a>&#8220;.<\/p>\n\n\n\n<p>A trav\u00e9s <a href=\"https:\/\/denuncias.stratya.com\/gestiondenuncias?idioma=1&amp;hash_key=782651\">d&#8217;aquest formulari<\/a> podeu posar en coneixement, de forma an\u00f2nima si ho desitgeu, la comissi\u00f3 d&#8217;accions delictives o infraccions de les que vulgueu informar.<\/p>\n\n\n\n<p><\/p>\n","protected":false},"excerpt":{"rendered":"<p>L\u2019objecte d\u2019aquesta pol\u00edtica \u00e9s regular el funcionament del sistema intern d\u2019informaci\u00f3 de la Fundaci\u00f3 previst a l\u2019article 5 de la Llei 2\/2023, de 20 de febrer, reguladora de la protecci\u00f3 a les persones que informen sobre infraccions normatives i de lluita contra la corrupci\u00f3. El sistema intern d\u2019informaci\u00f3 inclou el canal \u00e8tic o de den\u00fancies, [&hellip;]<\/p>\n","protected":false},"author":12,"featured_media":0,"parent":0,"menu_order":0,"comment_status":"closed","ping_status":"closed","template":"","meta":{"_acf_changed":false,"give_campaign_id":0,"footnotes":""},"class_list":["post-20274","page","type-page","status-publish","hentry"],"acf":[],"yoast_head":"<!-- This site is optimized with the Yoast SEO plugin v26.3 - https:\/\/yoast.com\/wordpress\/plugins\/seo\/ -->\n<title>Pol\u00edtica del sistema intern d&#039;informaci\u00f3 de la Fundaci\u00f3<\/title>\n<meta name=\"robots\" content=\"index, follow, max-snippet:-1, max-image-preview:large, max-video-preview:-1\" \/>\n<link rel=\"canonical\" href=\"https:\/\/www.paucostafoundation.org\/ca\/politica-del-sistema-intern-dinformacio-de-la-fundacio\/\" \/>\n<meta property=\"og:locale\" content=\"ca_ES\" \/>\n<meta property=\"og:type\" content=\"article\" \/>\n<meta property=\"og:title\" content=\"Pol\u00edtica del sistema intern d&#039;informaci\u00f3 de la Fundaci\u00f3\" \/>\n<meta property=\"og:description\" content=\"L\u2019objecte d\u2019aquesta pol\u00edtica \u00e9s regular el funcionament del sistema intern d\u2019informaci\u00f3 de la Fundaci\u00f3 previst a l\u2019article 5 de la Llei 2\/2023, de 20 de febrer, reguladora de la protecci\u00f3 a les persones que informen sobre infraccions normatives i de lluita contra la corrupci\u00f3. El sistema intern d\u2019informaci\u00f3 inclou el canal \u00e8tic o de den\u00fancies, [&hellip;]\" \/>\n<meta property=\"og:url\" content=\"https:\/\/www.paucostafoundation.org\/ca\/politica-del-sistema-intern-dinformacio-de-la-fundacio\/\" \/>\n<meta property=\"og:site_name\" content=\"Pau Costa Foundation\" \/>\n<meta property=\"article:modified_time\" content=\"2026-03-16T12:37:13+00:00\" \/>\n<meta name=\"twitter:card\" content=\"summary_large_image\" \/>\n<meta name=\"twitter:label1\" content=\"Temps estimat de lectura\" \/>\n\t<meta name=\"twitter:data1\" content=\"1 minut\" \/>\n<script type=\"application\/ld+json\" class=\"yoast-schema-graph\">{\"@context\":\"https:\/\/schema.org\",\"@graph\":[{\"@type\":\"WebPage\",\"@id\":\"https:\/\/www.paucostafoundation.org\/ca\/politica-del-sistema-intern-dinformacio-de-la-fundacio\/\",\"url\":\"https:\/\/www.paucostafoundation.org\/ca\/politica-del-sistema-intern-dinformacio-de-la-fundacio\/\",\"name\":\"Pol\u00edtica del sistema intern d'informaci\u00f3 de la Fundaci\u00f3\",\"isPartOf\":{\"@id\":\"https:\/\/www.paucostafoundation.org\/ca\/#website\"},\"datePublished\":\"2025-01-26T15:09:06+00:00\",\"dateModified\":\"2026-03-16T12:37:13+00:00\",\"breadcrumb\":{\"@id\":\"https:\/\/www.paucostafoundation.org\/ca\/politica-del-sistema-intern-dinformacio-de-la-fundacio\/#breadcrumb\"},\"inLanguage\":\"ca\",\"potentialAction\":[{\"@type\":\"ReadAction\",\"target\":[\"https:\/\/www.paucostafoundation.org\/ca\/politica-del-sistema-intern-dinformacio-de-la-fundacio\/\"]}]},{\"@type\":\"BreadcrumbList\",\"@id\":\"https:\/\/www.paucostafoundation.org\/ca\/politica-del-sistema-intern-dinformacio-de-la-fundacio\/#breadcrumb\",\"itemListElement\":[{\"@type\":\"ListItem\",\"position\":1,\"name\":\"Inicio\",\"item\":\"https:\/\/www.paucostafoundation.org\/ca\/\"},{\"@type\":\"ListItem\",\"position\":2,\"name\":\"Pol\u00edtica del sistema intern d&#8217;informaci\u00f3 de la Fundaci\u00f3\"}]},{\"@type\":\"WebSite\",\"@id\":\"https:\/\/www.paucostafoundation.org\/ca\/#website\",\"url\":\"https:\/\/www.paucostafoundation.org\/ca\/\",\"name\":\"Pau Costa Foundation\",\"description\":\"CONCIENCIA E INVESTIGA LOS INCENDIOS FORESTALES\",\"publisher\":{\"@id\":\"https:\/\/www.paucostafoundation.org\/ca\/#organization\"},\"potentialAction\":[{\"@type\":\"SearchAction\",\"target\":{\"@type\":\"EntryPoint\",\"urlTemplate\":\"https:\/\/www.paucostafoundation.org\/ca\/?s={search_term_string}\"},\"query-input\":{\"@type\":\"PropertyValueSpecification\",\"valueRequired\":true,\"valueName\":\"search_term_string\"}}],\"inLanguage\":\"ca\"},{\"@type\":\"Organization\",\"@id\":\"https:\/\/www.paucostafoundation.org\/ca\/#organization\",\"name\":\"Pau Costa Foundation\",\"url\":\"https:\/\/www.paucostafoundation.org\/ca\/\",\"logo\":{\"@type\":\"ImageObject\",\"inLanguage\":\"ca\",\"@id\":\"https:\/\/www.paucostafoundation.org\/ca\/#\/schema\/logo\/image\/\",\"url\":\"https:\/\/paucostafoundation.digitalnature.es\/wp-content\/uploads\/2021\/06\/logo.png\",\"contentUrl\":\"https:\/\/paucostafoundation.digitalnature.es\/wp-content\/uploads\/2021\/06\/logo.png\",\"width\":873,\"height\":358,\"caption\":\"Pau Costa Foundation\"},\"image\":{\"@id\":\"https:\/\/www.paucostafoundation.org\/ca\/#\/schema\/logo\/image\/\"}}]}<\/script>\n<!-- \/ Yoast SEO plugin. -->","yoast_head_json":{"title":"Pol\u00edtica del sistema intern d'informaci\u00f3 de la Fundaci\u00f3","robots":{"index":"index","follow":"follow","max-snippet":"max-snippet:-1","max-image-preview":"max-image-preview:large","max-video-preview":"max-video-preview:-1"},"canonical":"https:\/\/www.paucostafoundation.org\/ca\/politica-del-sistema-intern-dinformacio-de-la-fundacio\/","og_locale":"ca_ES","og_type":"article","og_title":"Pol\u00edtica del sistema intern d'informaci\u00f3 de la Fundaci\u00f3","og_description":"L\u2019objecte d\u2019aquesta pol\u00edtica \u00e9s regular el funcionament del sistema intern d\u2019informaci\u00f3 de la Fundaci\u00f3 previst a l\u2019article 5 de la Llei 2\/2023, de 20 de febrer, reguladora de la protecci\u00f3 a les persones que informen sobre infraccions normatives i de lluita contra la corrupci\u00f3. El sistema intern d\u2019informaci\u00f3 inclou el canal \u00e8tic o de den\u00fancies, [&hellip;]","og_url":"https:\/\/www.paucostafoundation.org\/ca\/politica-del-sistema-intern-dinformacio-de-la-fundacio\/","og_site_name":"Pau Costa Foundation","article_modified_time":"2026-03-16T12:37:13+00:00","twitter_card":"summary_large_image","twitter_misc":{"Temps estimat de lectura":"1 minut"},"schema":{"@context":"https:\/\/schema.org","@graph":[{"@type":"WebPage","@id":"https:\/\/www.paucostafoundation.org\/ca\/politica-del-sistema-intern-dinformacio-de-la-fundacio\/","url":"https:\/\/www.paucostafoundation.org\/ca\/politica-del-sistema-intern-dinformacio-de-la-fundacio\/","name":"Pol\u00edtica del sistema intern d'informaci\u00f3 de la Fundaci\u00f3","isPartOf":{"@id":"https:\/\/www.paucostafoundation.org\/ca\/#website"},"datePublished":"2025-01-26T15:09:06+00:00","dateModified":"2026-03-16T12:37:13+00:00","breadcrumb":{"@id":"https:\/\/www.paucostafoundation.org\/ca\/politica-del-sistema-intern-dinformacio-de-la-fundacio\/#breadcrumb"},"inLanguage":"ca","potentialAction":[{"@type":"ReadAction","target":["https:\/\/www.paucostafoundation.org\/ca\/politica-del-sistema-intern-dinformacio-de-la-fundacio\/"]}]},{"@type":"BreadcrumbList","@id":"https:\/\/www.paucostafoundation.org\/ca\/politica-del-sistema-intern-dinformacio-de-la-fundacio\/#breadcrumb","itemListElement":[{"@type":"ListItem","position":1,"name":"Inicio","item":"https:\/\/www.paucostafoundation.org\/ca\/"},{"@type":"ListItem","position":2,"name":"Pol\u00edtica del sistema intern d&#8217;informaci\u00f3 de la Fundaci\u00f3"}]},{"@type":"WebSite","@id":"https:\/\/www.paucostafoundation.org\/ca\/#website","url":"https:\/\/www.paucostafoundation.org\/ca\/","name":"Pau Costa Foundation","description":"CONCIENCIA E INVESTIGA LOS INCENDIOS FORESTALES","publisher":{"@id":"https:\/\/www.paucostafoundation.org\/ca\/#organization"},"potentialAction":[{"@type":"SearchAction","target":{"@type":"EntryPoint","urlTemplate":"https:\/\/www.paucostafoundation.org\/ca\/?s={search_term_string}"},"query-input":{"@type":"PropertyValueSpecification","valueRequired":true,"valueName":"search_term_string"}}],"inLanguage":"ca"},{"@type":"Organization","@id":"https:\/\/www.paucostafoundation.org\/ca\/#organization","name":"Pau Costa Foundation","url":"https:\/\/www.paucostafoundation.org\/ca\/","logo":{"@type":"ImageObject","inLanguage":"ca","@id":"https:\/\/www.paucostafoundation.org\/ca\/#\/schema\/logo\/image\/","url":"https:\/\/paucostafoundation.digitalnature.es\/wp-content\/uploads\/2021\/06\/logo.png","contentUrl":"https:\/\/paucostafoundation.digitalnature.es\/wp-content\/uploads\/2021\/06\/logo.png","width":873,"height":358,"caption":"Pau Costa Foundation"},"image":{"@id":"https:\/\/www.paucostafoundation.org\/ca\/#\/schema\/logo\/image\/"}}]}},"campaignId":"","_links":{"self":[{"href":"https:\/\/www.paucostafoundation.org\/ca\/wp-json\/wp\/v2\/pages\/20274","targetHints":{"allow":["GET"]}}],"collection":[{"href":"https:\/\/www.paucostafoundation.org\/ca\/wp-json\/wp\/v2\/pages"}],"about":[{"href":"https:\/\/www.paucostafoundation.org\/ca\/wp-json\/wp\/v2\/types\/page"}],"author":[{"embeddable":true,"href":"https:\/\/www.paucostafoundation.org\/ca\/wp-json\/wp\/v2\/users\/12"}],"replies":[{"embeddable":true,"href":"https:\/\/www.paucostafoundation.org\/ca\/wp-json\/wp\/v2\/comments?post=20274"}],"version-history":[{"count":4,"href":"https:\/\/www.paucostafoundation.org\/ca\/wp-json\/wp\/v2\/pages\/20274\/revisions"}],"predecessor-version":[{"id":24106,"href":"https:\/\/www.paucostafoundation.org\/ca\/wp-json\/wp\/v2\/pages\/20274\/revisions\/24106"}],"wp:attachment":[{"href":"https:\/\/www.paucostafoundation.org\/ca\/wp-json\/wp\/v2\/media?parent=20274"}],"curies":[{"name":"wp","href":"https:\/\/api.w.org\/{rel}","templated":true}]}}