{"id":18687,"date":"2024-10-21T12:32:53","date_gmt":"2024-10-21T12:32:53","guid":{"rendered":"https:\/\/www.paucostafoundation.org\/?page_id=18687"},"modified":"2024-10-22T13:06:49","modified_gmt":"2024-10-22T13:06:49","slug":"cursos-deducacio-superior","status":"publish","type":"page","link":"https:\/\/www.paucostafoundation.org\/ca\/cursos-deducacio-superior\/","title":{"rendered":"Cursos d&#8217;educaci\u00f3 superior"},"content":{"rendered":"\t\t<div data-elementor-type=\"wp-page\" data-elementor-id=\"18687\" class=\"elementor elementor-18687\" data-elementor-post-type=\"page\">\n\t\t\t\t\t\t<section class=\"elementor-section elementor-top-section elementor-element elementor-element-6a49d46 elementor-section-boxed elementor-section-height-default elementor-section-height-default\" data-id=\"6a49d46\" data-element_type=\"section\">\n\t\t\t\t\t\t<div class=\"elementor-container elementor-column-gap-default\">\n\t\t\t\t\t<div class=\"elementor-column elementor-col-50 elementor-top-column elementor-element elementor-element-26e9aec\" data-id=\"26e9aec\" data-element_type=\"column\">\n\t\t\t<div class=\"elementor-widget-wrap elementor-element-populated\">\n\t\t\t\t\t\t<div class=\"elementor-element elementor-element-237bcee elementor-widget elementor-widget-text-editor\" data-id=\"237bcee\" data-element_type=\"widget\" data-widget_type=\"text-editor.default\">\n\t\t\t\t<div class=\"elementor-widget-container\">\n\t\t\t\t\t\t\t<p><strong>Curs: Educaci\u00f3 ambiental sobre incendis forestals<br \/><\/strong><\/p><p>Durant els anys 2023 i 2024 hem portat a terme la formaci\u00f3 &#8220;Curso de Educaci\u00f3n Ambiental para la Prevenci\u00f3n de Incendios forestales&#8221;, en col\u00b7laboraci\u00f3 amb l&#8217;<a href=\"https:\/\/eiaf.unileon.es\/\">Escuela de Ingenier\u00eda Agraria y Forestal de la Universidad de Le\u00f3n.<\/a><\/p><p>L\u2019objectiu ha estat reactivar els coneixements sobre la problem\u00e0tica dels incendis forestals, i con\u00e8ixer i aplicar eines que permetin planificar i desenvolupar activitats d&#8217;educaci\u00f3 ambiental amb alumnes de secund\u00e0ria, en l&#8217;\u00e0mbit de la prevenci\u00f3 d&#8217;incendis forestals. Veure programa del darrer curs <a href=\"https:\/\/www.paucostafoundation.org\/wp-content\/uploads\/2024\/10\/CURSO-SOBRE-EDUCACION-AMBIENTAL-EN-LA-PREVENCION-DE-INCENDIOS-FORESTALES_Enero_2024_v21.pdf\">aqu\u00ed<\/a>.<\/p>\t\t\t\t\t\t<\/div>\n\t\t\t\t<\/div>\n\t\t\t\t\t<\/div>\n\t\t<\/div>\n\t\t\t\t<div class=\"elementor-column elementor-col-50 elementor-top-column elementor-element elementor-element-7e0ca77\" data-id=\"7e0ca77\" data-element_type=\"column\">\n\t\t\t<div class=\"elementor-widget-wrap elementor-element-populated\">\n\t\t\t\t\t\t<div class=\"elementor-element elementor-element-6df85df elementor-widget elementor-widget-image\" data-id=\"6df85df\" data-element_type=\"widget\" data-widget_type=\"image.default\">\n\t\t\t\t<div class=\"elementor-widget-container\">\n\t\t\t\t\t\t\t\t\t\t\t\t\t<img fetchpriority=\"high\" decoding=\"async\" width=\"800\" height=\"417\" src=\"https:\/\/www.paucostafoundation.org\/wp-content\/uploads\/2024\/10\/foto-Leon-5.png\" class=\"attachment-large size-large wp-image-18914\" alt=\"\" srcset=\"https:\/\/www.paucostafoundation.org\/wp-content\/uploads\/2024\/10\/foto-Leon-5.png 1012w, https:\/\/www.paucostafoundation.org\/wp-content\/uploads\/2024\/10\/foto-Leon-5-300x157.png 300w, https:\/\/www.paucostafoundation.org\/wp-content\/uploads\/2024\/10\/foto-Leon-5-768x401.png 768w, https:\/\/www.paucostafoundation.org\/wp-content\/uploads\/2024\/10\/foto-Leon-5-600x313.png 600w\" sizes=\"(max-width: 800px) 100vw, 800px\" \/>\t\t\t\t\t\t\t\t\t\t\t\t\t<\/div>\n\t\t\t\t<\/div>\n\t\t\t\t\t<\/div>\n\t\t<\/div>\n\t\t\t\t\t<\/div>\n\t\t<\/section>\n\t\t\t\t<section class=\"elementor-section elementor-top-section elementor-element elementor-element-d9fb42a elementor-section-boxed elementor-section-height-default elementor-section-height-default\" data-id=\"d9fb42a\" data-element_type=\"section\">\n\t\t\t\t\t\t<div class=\"elementor-container elementor-column-gap-default\">\n\t\t\t\t\t<div class=\"elementor-column elementor-col-50 elementor-top-column elementor-element elementor-element-30eda37\" data-id=\"30eda37\" data-element_type=\"column\">\n\t\t\t<div class=\"elementor-widget-wrap elementor-element-populated\">\n\t\t\t\t\t\t<div class=\"elementor-element elementor-element-d33ef98 elementor-widget elementor-widget-image\" data-id=\"d33ef98\" data-element_type=\"widget\" data-widget_type=\"image.default\">\n\t\t\t\t<div class=\"elementor-widget-container\">\n\t\t\t\t\t\t\t\t\t\t\t\t\t<img decoding=\"async\" width=\"800\" height=\"535\" src=\"https:\/\/www.paucostafoundation.org\/wp-content\/uploads\/2024\/09\/Curs-Gram-plantando-cara-al-fuegov2-1024x685.jpg\" class=\"attachment-large size-large wp-image-17683\" alt=\"\" srcset=\"https:\/\/www.paucostafoundation.org\/wp-content\/uploads\/2024\/09\/Curs-Gram-plantando-cara-al-fuegov2-1024x685.jpg 1024w, https:\/\/www.paucostafoundation.org\/wp-content\/uploads\/2024\/09\/Curs-Gram-plantando-cara-al-fuegov2-300x201.jpg 300w, https:\/\/www.paucostafoundation.org\/wp-content\/uploads\/2024\/09\/Curs-Gram-plantando-cara-al-fuegov2-768x514.jpg 768w, https:\/\/www.paucostafoundation.org\/wp-content\/uploads\/2024\/09\/Curs-Gram-plantando-cara-al-fuegov2-1536x1028.jpg 1536w, https:\/\/www.paucostafoundation.org\/wp-content\/uploads\/2024\/09\/Curs-Gram-plantando-cara-al-fuegov2-600x401.jpg 600w, https:\/\/www.paucostafoundation.org\/wp-content\/uploads\/2024\/09\/Curs-Gram-plantando-cara-al-fuegov2.jpg 2000w\" sizes=\"(max-width: 800px) 100vw, 800px\" \/>\t\t\t\t\t\t\t\t\t\t\t\t\t<\/div>\n\t\t\t\t<\/div>\n\t\t\t\t\t<\/div>\n\t\t<\/div>\n\t\t\t\t<div class=\"elementor-column elementor-col-50 elementor-top-column elementor-element elementor-element-8772aa9\" data-id=\"8772aa9\" data-element_type=\"column\">\n\t\t\t<div class=\"elementor-widget-wrap elementor-element-populated\">\n\t\t\t\t\t\t<div class=\"elementor-element elementor-element-f073d7b elementor-widget elementor-widget-text-editor\" data-id=\"f073d7b\" data-element_type=\"widget\" data-widget_type=\"text-editor.default\">\n\t\t\t\t<div class=\"elementor-widget-container\">\n\t\t\t\t\t\t\t<p><strong>Curs d&#8217;aprenentatge i servei <br \/><\/strong><\/p><p>Junt amb el <a href=\"http:\/\/www.ub.edu\/gram\/\">Grup de Recerca Ambiental Mediterr\u00e0nia<\/a> (GRAM) de la Universitat de Barcelona organitzem el curs <strong>\u201cEntendre els incendis forestals: eines de gesti\u00f3 sostenible i educaci\u00f3 ambiental\u201d<\/strong>, adre\u00e7ada a estudiants de qualsevol nivell i formaci\u00f3, docents, i professionals de l\u2019\u00e0mbit del <a href=\"https:\/\/www.paucostafoundation.org\/ca\/curs-entendre-els-incendis-forestals-eines-de-gestio-sostenible-i-educacio-ambiental\/\">curs<\/a>.<\/p><p>L\u2019objectiu d\u2019aquesta proposta \u00e9s donar a con\u00e8ixer quin \u00e9s el problema actual dels incendis forestals, i quines s\u00f3n les variables a considerar per entendre el fenomen. El curs inclou dues sortides de camp a una zona estrat\u00e8gica gestionada amb quemes prescrites i una altra zona gestionada amb ramaderia extensiva.<\/p>\t\t\t\t\t\t<\/div>\n\t\t\t\t<\/div>\n\t\t\t\t\t<\/div>\n\t\t<\/div>\n\t\t\t\t\t<\/div>\n\t\t<\/section>\n\t\t\t\t<section class=\"elementor-section elementor-top-section elementor-element elementor-element-083c2b6 elementor-section-boxed elementor-section-height-default elementor-section-height-default\" data-id=\"083c2b6\" data-element_type=\"section\">\n\t\t\t\t\t\t<div class=\"elementor-container elementor-column-gap-default\">\n\t\t\t\t\t<div class=\"elementor-column elementor-col-50 elementor-top-column elementor-element elementor-element-e699dbf\" data-id=\"e699dbf\" data-element_type=\"column\">\n\t\t\t<div class=\"elementor-widget-wrap elementor-element-populated\">\n\t\t\t\t\t\t<div class=\"elementor-element elementor-element-909f0ec elementor-widget elementor-widget-text-editor\" data-id=\"909f0ec\" data-element_type=\"widget\" data-widget_type=\"text-editor.default\">\n\t\t\t\t<div class=\"elementor-widget-container\">\n\t\t\t\t\t\t\t<p><strong>&#8220;Plantando cara al fuego&#8221;<br \/><\/strong><\/p><p>Estem col\u00b7laborant amb el projecte &#8220;<a href=\"https:\/\/www.plantandocaraalfuego.org\/\">Plantando cara al Fuego<\/a>&#8221; de la Universitat de Santiago de Compostela, aportant coneixement sobre educaci\u00f3 i metodologies educatives per a que des de l&#8217;\u00e0mbit universitari, s&#8217;impulsi la innovaci\u00f3 pedag\u00f2gica sobre els incendis forestals. En el marc d&#8217;aquest projecte hem fet tallers i participem en el &#8220;Grupo ib\u00e9rico &#8221; per a compartir, debatre i crear projectes conjunts, incorporant les experi\u00e8ncies que es porten a terme a Portugal.<\/p><p>\u00a0<\/p>\t\t\t\t\t\t<\/div>\n\t\t\t\t<\/div>\n\t\t\t\t\t<\/div>\n\t\t<\/div>\n\t\t\t\t<div class=\"elementor-column elementor-col-50 elementor-top-column elementor-element elementor-element-d1bd31c\" data-id=\"d1bd31c\" data-element_type=\"column\">\n\t\t\t<div class=\"elementor-widget-wrap elementor-element-populated\">\n\t\t\t\t\t\t<div class=\"elementor-element elementor-element-a29d675 elementor-widget elementor-widget-image\" data-id=\"a29d675\" data-element_type=\"widget\" data-widget_type=\"image.default\">\n\t\t\t\t<div class=\"elementor-widget-container\">\n\t\t\t\t\t\t\t\t\t\t\t\t\t<img decoding=\"async\" width=\"800\" height=\"458\" src=\"https:\/\/www.paucostafoundation.org\/wp-content\/uploads\/2024\/10\/plantando-cara-al-fuego2-1024x586.jpg\" class=\"attachment-large size-large wp-image-18738\" alt=\"\" srcset=\"https:\/\/www.paucostafoundation.org\/wp-content\/uploads\/2024\/10\/plantando-cara-al-fuego2-1024x586.jpg 1024w, https:\/\/www.paucostafoundation.org\/wp-content\/uploads\/2024\/10\/plantando-cara-al-fuego2-300x172.jpg 300w, https:\/\/www.paucostafoundation.org\/wp-content\/uploads\/2024\/10\/plantando-cara-al-fuego2-768x439.jpg 768w, https:\/\/www.paucostafoundation.org\/wp-content\/uploads\/2024\/10\/plantando-cara-al-fuego2-1536x878.jpg 1536w, https:\/\/www.paucostafoundation.org\/wp-content\/uploads\/2024\/10\/plantando-cara-al-fuego2-600x343.jpg 600w, https:\/\/www.paucostafoundation.org\/wp-content\/uploads\/2024\/10\/plantando-cara-al-fuego2.jpg 1600w\" sizes=\"(max-width: 800px) 100vw, 800px\" \/>\t\t\t\t\t\t\t\t\t\t\t\t\t<\/div>\n\t\t\t\t<\/div>\n\t\t\t\t\t<\/div>\n\t\t<\/div>\n\t\t\t\t\t<\/div>\n\t\t<\/section>\n\t\t\t\t<section class=\"elementor-section elementor-top-section elementor-element elementor-element-c43f736 elementor-section-boxed elementor-section-height-default elementor-section-height-default\" data-id=\"c43f736\" data-element_type=\"section\">\n\t\t\t\t\t\t<div class=\"elementor-container elementor-column-gap-default\">\n\t\t\t\t\t<div class=\"elementor-column elementor-col-50 elementor-top-column elementor-element elementor-element-5f9fbdc\" data-id=\"5f9fbdc\" data-element_type=\"column\">\n\t\t\t<div class=\"elementor-widget-wrap elementor-element-populated\">\n\t\t\t\t\t\t<div class=\"elementor-element elementor-element-f8d90a4 elementor-widget elementor-widget-image\" data-id=\"f8d90a4\" data-element_type=\"widget\" data-widget_type=\"image.default\">\n\t\t\t\t<div class=\"elementor-widget-container\">\n\t\t\t\t\t\t\t\t\t\t\t\t\t<img loading=\"lazy\" decoding=\"async\" width=\"800\" height=\"463\" src=\"https:\/\/www.paucostafoundation.org\/wp-content\/uploads\/2024\/10\/master-degree.png\" class=\"attachment-large size-large wp-image-18845\" alt=\"\" srcset=\"https:\/\/www.paucostafoundation.org\/wp-content\/uploads\/2024\/10\/master-degree.png 1011w, https:\/\/www.paucostafoundation.org\/wp-content\/uploads\/2024\/10\/master-degree-300x174.png 300w, https:\/\/www.paucostafoundation.org\/wp-content\/uploads\/2024\/10\/master-degree-768x444.png 768w, https:\/\/www.paucostafoundation.org\/wp-content\/uploads\/2024\/10\/master-degree-600x347.png 600w\" sizes=\"(max-width: 800px) 100vw, 800px\" \/>\t\t\t\t\t\t\t\t\t\t\t\t\t<\/div>\n\t\t\t\t<\/div>\n\t\t\t\t\t<\/div>\n\t\t<\/div>\n\t\t\t\t<div class=\"elementor-column elementor-col-50 elementor-top-column elementor-element elementor-element-2e4a6fb\" data-id=\"2e4a6fb\" data-element_type=\"column\">\n\t\t\t<div class=\"elementor-widget-wrap elementor-element-populated\">\n\t\t\t\t\t\t<div class=\"elementor-element elementor-element-1113a77 elementor-widget elementor-widget-text-editor\" data-id=\"1113a77\" data-element_type=\"widget\" data-widget_type=\"text-editor.default\">\n\t\t\t\t<div class=\"elementor-widget-container\">\n\t\t\t\t\t\t\t<p>\u00a0<\/p><p>Des de fa uns anys participem com a experts convidats per a donar una sessi\u00f3 sobe Ecologia del Foc, dins el &#8220;<a href=\"https:\/\/mblandarch.masters.upc.edu\/en\">Master&#8217;s degree on Landscape<\/a>&#8221; (MBLANDARCH) de l&#8217;Escola d&#8217;Arquitectura Superior de Barcelona (UPC). Tamb\u00e9 hem participat en confer\u00e8ncies convidades del m\u00e0ster sobre l&#8217;us de la ramaderia extensiva per a crear paisatges adaptats als incendis forestals. <\/p>\t\t\t\t\t\t<\/div>\n\t\t\t\t<\/div>\n\t\t\t\t\t<\/div>\n\t\t<\/div>\n\t\t\t\t\t<\/div>\n\t\t<\/section>\n\t\t\t\t<\/div>\n\t\t","protected":false},"excerpt":{"rendered":"<p>Curs: Educaci\u00f3 ambiental sobre incendis forestals Durant els anys 2023 i 2024 hem portat a terme la formaci\u00f3 &#8220;Curso de Educaci\u00f3n Ambiental para la Prevenci\u00f3n de Incendios forestales&#8221;, en col\u00b7laboraci\u00f3 amb l&#8217;Escuela de Ingenier\u00eda Agraria y Forestal de la Universidad de Le\u00f3n. L\u2019objectiu ha estat reactivar els coneixements sobre la problem\u00e0tica dels incendis forestals, i [&hellip;]<\/p>\n","protected":false},"author":12,"featured_media":0,"parent":0,"menu_order":0,"comment_status":"closed","ping_status":"closed","template":"","meta":{"_acf_changed":false,"give_campaign_id":0,"footnotes":""},"class_list":["post-18687","page","type-page","status-publish","hentry"],"acf":[],"yoast_head":"<!-- This site is optimized with the Yoast SEO plugin v26.3 - https:\/\/yoast.com\/wordpress\/plugins\/seo\/ -->\n<title>Cursos d&#039;educaci\u00f3 superior<\/title>\n<meta name=\"robots\" content=\"index, follow, max-snippet:-1, max-image-preview:large, max-video-preview:-1\" \/>\n<link rel=\"canonical\" href=\"https:\/\/www.paucostafoundation.org\/ca\/cursos-deducacio-superior\/\" \/>\n<meta property=\"og:locale\" content=\"ca_ES\" \/>\n<meta property=\"og:type\" content=\"article\" \/>\n<meta property=\"og:title\" content=\"Cursos d&#039;educaci\u00f3 superior\" \/>\n<meta property=\"og:description\" content=\"Curs: Educaci\u00f3 ambiental sobre incendis forestals Durant els anys 2023 i 2024 hem portat a terme la formaci\u00f3 &#8220;Curso de Educaci\u00f3n Ambiental para la Prevenci\u00f3n de Incendios forestales&#8221;, en col\u00b7laboraci\u00f3 amb l&#8217;Escuela de Ingenier\u00eda Agraria y Forestal de la Universidad de Le\u00f3n. L\u2019objectiu ha estat reactivar els coneixements sobre la problem\u00e0tica dels incendis forestals, i [&hellip;]\" \/>\n<meta property=\"og:url\" content=\"https:\/\/www.paucostafoundation.org\/ca\/cursos-deducacio-superior\/\" \/>\n<meta property=\"og:site_name\" content=\"Pau Costa Foundation\" \/>\n<meta property=\"article:modified_time\" content=\"2024-10-22T13:06:49+00:00\" \/>\n<meta property=\"og:image\" content=\"https:\/\/www.paucostafoundation.org\/wp-content\/uploads\/2024\/10\/foto-Leon-5.png\" \/>\n<meta name=\"twitter:card\" content=\"summary_large_image\" \/>\n<meta name=\"twitter:label1\" content=\"Temps estimat de lectura\" \/>\n\t<meta name=\"twitter:data1\" content=\"3 minuts\" \/>\n<script type=\"application\/ld+json\" class=\"yoast-schema-graph\">{\"@context\":\"https:\/\/schema.org\",\"@graph\":[{\"@type\":\"WebPage\",\"@id\":\"https:\/\/www.paucostafoundation.org\/ca\/cursos-deducacio-superior\/\",\"url\":\"https:\/\/www.paucostafoundation.org\/ca\/cursos-deducacio-superior\/\",\"name\":\"Cursos d'educaci\u00f3 superior\",\"isPartOf\":{\"@id\":\"https:\/\/www.paucostafoundation.org\/ca\/#website\"},\"primaryImageOfPage\":{\"@id\":\"https:\/\/www.paucostafoundation.org\/ca\/cursos-deducacio-superior\/#primaryimage\"},\"image\":{\"@id\":\"https:\/\/www.paucostafoundation.org\/ca\/cursos-deducacio-superior\/#primaryimage\"},\"thumbnailUrl\":\"https:\/\/www.paucostafoundation.org\/wp-content\/uploads\/2024\/10\/foto-Leon-5.png\",\"datePublished\":\"2024-10-21T12:32:53+00:00\",\"dateModified\":\"2024-10-22T13:06:49+00:00\",\"breadcrumb\":{\"@id\":\"https:\/\/www.paucostafoundation.org\/ca\/cursos-deducacio-superior\/#breadcrumb\"},\"inLanguage\":\"ca\",\"potentialAction\":[{\"@type\":\"ReadAction\",\"target\":[\"https:\/\/www.paucostafoundation.org\/ca\/cursos-deducacio-superior\/\"]}]},{\"@type\":\"ImageObject\",\"inLanguage\":\"ca\",\"@id\":\"https:\/\/www.paucostafoundation.org\/ca\/cursos-deducacio-superior\/#primaryimage\",\"url\":\"https:\/\/www.paucostafoundation.org\/wp-content\/uploads\/2024\/10\/foto-Leon-5.png\",\"contentUrl\":\"https:\/\/www.paucostafoundation.org\/wp-content\/uploads\/2024\/10\/foto-Leon-5.png\"},{\"@type\":\"BreadcrumbList\",\"@id\":\"https:\/\/www.paucostafoundation.org\/ca\/cursos-deducacio-superior\/#breadcrumb\",\"itemListElement\":[{\"@type\":\"ListItem\",\"position\":1,\"name\":\"Inicio\",\"item\":\"https:\/\/www.paucostafoundation.org\/ca\/\"},{\"@type\":\"ListItem\",\"position\":2,\"name\":\"Cursos d&#8217;educaci\u00f3 superior\"}]},{\"@type\":\"WebSite\",\"@id\":\"https:\/\/www.paucostafoundation.org\/ca\/#website\",\"url\":\"https:\/\/www.paucostafoundation.org\/ca\/\",\"name\":\"Pau Costa Foundation\",\"description\":\"CONCIENCIA E INVESTIGA LOS INCENDIOS FORESTALES\",\"publisher\":{\"@id\":\"https:\/\/www.paucostafoundation.org\/ca\/#organization\"},\"potentialAction\":[{\"@type\":\"SearchAction\",\"target\":{\"@type\":\"EntryPoint\",\"urlTemplate\":\"https:\/\/www.paucostafoundation.org\/ca\/?s={search_term_string}\"},\"query-input\":{\"@type\":\"PropertyValueSpecification\",\"valueRequired\":true,\"valueName\":\"search_term_string\"}}],\"inLanguage\":\"ca\"},{\"@type\":\"Organization\",\"@id\":\"https:\/\/www.paucostafoundation.org\/ca\/#organization\",\"name\":\"Pau Costa Foundation\",\"url\":\"https:\/\/www.paucostafoundation.org\/ca\/\",\"logo\":{\"@type\":\"ImageObject\",\"inLanguage\":\"ca\",\"@id\":\"https:\/\/www.paucostafoundation.org\/ca\/#\/schema\/logo\/image\/\",\"url\":\"https:\/\/paucostafoundation.digitalnature.es\/wp-content\/uploads\/2021\/06\/logo.png\",\"contentUrl\":\"https:\/\/paucostafoundation.digitalnature.es\/wp-content\/uploads\/2021\/06\/logo.png\",\"width\":873,\"height\":358,\"caption\":\"Pau Costa Foundation\"},\"image\":{\"@id\":\"https:\/\/www.paucostafoundation.org\/ca\/#\/schema\/logo\/image\/\"}}]}<\/script>\n<!-- \/ Yoast SEO plugin. -->","yoast_head_json":{"title":"Cursos d'educaci\u00f3 superior","robots":{"index":"index","follow":"follow","max-snippet":"max-snippet:-1","max-image-preview":"max-image-preview:large","max-video-preview":"max-video-preview:-1"},"canonical":"https:\/\/www.paucostafoundation.org\/ca\/cursos-deducacio-superior\/","og_locale":"ca_ES","og_type":"article","og_title":"Cursos d'educaci\u00f3 superior","og_description":"Curs: Educaci\u00f3 ambiental sobre incendis forestals Durant els anys 2023 i 2024 hem portat a terme la formaci\u00f3 &#8220;Curso de Educaci\u00f3n Ambiental para la Prevenci\u00f3n de Incendios forestales&#8221;, en col\u00b7laboraci\u00f3 amb l&#8217;Escuela de Ingenier\u00eda Agraria y Forestal de la Universidad de Le\u00f3n. L\u2019objectiu ha estat reactivar els coneixements sobre la problem\u00e0tica dels incendis forestals, i [&hellip;]","og_url":"https:\/\/www.paucostafoundation.org\/ca\/cursos-deducacio-superior\/","og_site_name":"Pau Costa Foundation","article_modified_time":"2024-10-22T13:06:49+00:00","og_image":[{"url":"https:\/\/www.paucostafoundation.org\/wp-content\/uploads\/2024\/10\/foto-Leon-5.png","type":"","width":"","height":""}],"twitter_card":"summary_large_image","twitter_misc":{"Temps estimat de lectura":"3 minuts"},"schema":{"@context":"https:\/\/schema.org","@graph":[{"@type":"WebPage","@id":"https:\/\/www.paucostafoundation.org\/ca\/cursos-deducacio-superior\/","url":"https:\/\/www.paucostafoundation.org\/ca\/cursos-deducacio-superior\/","name":"Cursos d'educaci\u00f3 superior","isPartOf":{"@id":"https:\/\/www.paucostafoundation.org\/ca\/#website"},"primaryImageOfPage":{"@id":"https:\/\/www.paucostafoundation.org\/ca\/cursos-deducacio-superior\/#primaryimage"},"image":{"@id":"https:\/\/www.paucostafoundation.org\/ca\/cursos-deducacio-superior\/#primaryimage"},"thumbnailUrl":"https:\/\/www.paucostafoundation.org\/wp-content\/uploads\/2024\/10\/foto-Leon-5.png","datePublished":"2024-10-21T12:32:53+00:00","dateModified":"2024-10-22T13:06:49+00:00","breadcrumb":{"@id":"https:\/\/www.paucostafoundation.org\/ca\/cursos-deducacio-superior\/#breadcrumb"},"inLanguage":"ca","potentialAction":[{"@type":"ReadAction","target":["https:\/\/www.paucostafoundation.org\/ca\/cursos-deducacio-superior\/"]}]},{"@type":"ImageObject","inLanguage":"ca","@id":"https:\/\/www.paucostafoundation.org\/ca\/cursos-deducacio-superior\/#primaryimage","url":"https:\/\/www.paucostafoundation.org\/wp-content\/uploads\/2024\/10\/foto-Leon-5.png","contentUrl":"https:\/\/www.paucostafoundation.org\/wp-content\/uploads\/2024\/10\/foto-Leon-5.png"},{"@type":"BreadcrumbList","@id":"https:\/\/www.paucostafoundation.org\/ca\/cursos-deducacio-superior\/#breadcrumb","itemListElement":[{"@type":"ListItem","position":1,"name":"Inicio","item":"https:\/\/www.paucostafoundation.org\/ca\/"},{"@type":"ListItem","position":2,"name":"Cursos d&#8217;educaci\u00f3 superior"}]},{"@type":"WebSite","@id":"https:\/\/www.paucostafoundation.org\/ca\/#website","url":"https:\/\/www.paucostafoundation.org\/ca\/","name":"Pau Costa Foundation","description":"CONCIENCIA E INVESTIGA LOS INCENDIOS FORESTALES","publisher":{"@id":"https:\/\/www.paucostafoundation.org\/ca\/#organization"},"potentialAction":[{"@type":"SearchAction","target":{"@type":"EntryPoint","urlTemplate":"https:\/\/www.paucostafoundation.org\/ca\/?s={search_term_string}"},"query-input":{"@type":"PropertyValueSpecification","valueRequired":true,"valueName":"search_term_string"}}],"inLanguage":"ca"},{"@type":"Organization","@id":"https:\/\/www.paucostafoundation.org\/ca\/#organization","name":"Pau Costa Foundation","url":"https:\/\/www.paucostafoundation.org\/ca\/","logo":{"@type":"ImageObject","inLanguage":"ca","@id":"https:\/\/www.paucostafoundation.org\/ca\/#\/schema\/logo\/image\/","url":"https:\/\/paucostafoundation.digitalnature.es\/wp-content\/uploads\/2021\/06\/logo.png","contentUrl":"https:\/\/paucostafoundation.digitalnature.es\/wp-content\/uploads\/2021\/06\/logo.png","width":873,"height":358,"caption":"Pau Costa Foundation"},"image":{"@id":"https:\/\/www.paucostafoundation.org\/ca\/#\/schema\/logo\/image\/"}}]}},"campaignId":"","_links":{"self":[{"href":"https:\/\/www.paucostafoundation.org\/ca\/wp-json\/wp\/v2\/pages\/18687","targetHints":{"allow":["GET"]}}],"collection":[{"href":"https:\/\/www.paucostafoundation.org\/ca\/wp-json\/wp\/v2\/pages"}],"about":[{"href":"https:\/\/www.paucostafoundation.org\/ca\/wp-json\/wp\/v2\/types\/page"}],"author":[{"embeddable":true,"href":"https:\/\/www.paucostafoundation.org\/ca\/wp-json\/wp\/v2\/users\/12"}],"replies":[{"embeddable":true,"href":"https:\/\/www.paucostafoundation.org\/ca\/wp-json\/wp\/v2\/comments?post=18687"}],"version-history":[{"count":40,"href":"https:\/\/www.paucostafoundation.org\/ca\/wp-json\/wp\/v2\/pages\/18687\/revisions"}],"predecessor-version":[{"id":18924,"href":"https:\/\/www.paucostafoundation.org\/ca\/wp-json\/wp\/v2\/pages\/18687\/revisions\/18924"}],"wp:attachment":[{"href":"https:\/\/www.paucostafoundation.org\/ca\/wp-json\/wp\/v2\/media?parent=18687"}],"curies":[{"name":"wp","href":"https:\/\/api.w.org\/{rel}","templated":true}]}}