{"id":16554,"date":"2024-05-22T07:56:17","date_gmt":"2024-05-22T07:56:17","guid":{"rendered":"https:\/\/www.paucostafoundation.org\/?page_id=16554"},"modified":"2024-05-22T08:38:20","modified_gmt":"2024-05-22T08:38:20","slug":"caffe-sospeso","status":"publish","type":"page","link":"https:\/\/www.paucostafoundation.org\/ca\/caffe-sospeso\/","title":{"rendered":"Caff\u00e8 Sospeso"},"content":{"rendered":"\t\t<div data-elementor-type=\"wp-page\" data-elementor-id=\"16554\" class=\"elementor elementor-16554 elementor-16166\" data-elementor-post-type=\"page\">\n\t\t\t\t\t\t<section class=\"elementor-section elementor-top-section elementor-element elementor-element-da17802 elementor-section-full_width elementor-section-height-min-height elementor-section-height-default elementor-section-items-middle\" data-id=\"da17802\" data-element_type=\"section\" data-settings=\"{&quot;background_background&quot;:&quot;classic&quot;}\">\n\t\t\t\t\t\t<div class=\"elementor-container elementor-column-gap-default\">\n\t\t\t\t\t<div class=\"elementor-column elementor-col-100 elementor-top-column elementor-element elementor-element-c5e8004\" data-id=\"c5e8004\" data-element_type=\"column\">\n\t\t\t<div class=\"elementor-widget-wrap\">\n\t\t\t\t\t\t\t<\/div>\n\t\t<\/div>\n\t\t\t\t\t<\/div>\n\t\t<\/section>\n\t\t\t\t<section class=\"elementor-section elementor-top-section elementor-element elementor-element-3712d538 elementor-section-boxed elementor-section-height-default elementor-section-height-default\" data-id=\"3712d538\" data-element_type=\"section\">\n\t\t\t\t\t\t<div class=\"elementor-container elementor-column-gap-default\">\n\t\t\t\t\t<div class=\"elementor-column elementor-col-100 elementor-top-column elementor-element elementor-element-33af596d\" data-id=\"33af596d\" data-element_type=\"column\">\n\t\t\t<div class=\"elementor-widget-wrap elementor-element-populated\">\n\t\t\t\t\t\t<div class=\"elementor-element elementor-element-8f10e0a elementor-widget elementor-widget-text-editor\" data-id=\"8f10e0a\" data-element_type=\"widget\" data-widget_type=\"text-editor.default\">\n\t\t\t\t<div class=\"elementor-widget-container\">\n\t\t\t\t\t\t\t<p><strong>Caff\u00e8 Sospeso<\/strong> \u00e9s un espai d&#8217;entrevistes a socis i s\u00f2cies de la Fundaci\u00f3 Pau Costa. L&#8217;objectiu \u00e9s donar visibilitat a la seva experi\u00e8ncia personal i professional al m\u00f3n dels incendis forestals.<\/p><p>En aquest espai, els socis\/es de la PFC comparteixen les seves viv\u00e8ncies i coneixements sobre qualsevol tema relacionat amb la tem\u00e0tica dels incendis. Es tracta d&#8217;entrevistes d&#8217;entre 30 i 40 minuts que gravem i posem a disposici\u00f3 a la nostra <a href=\"https:\/\/www.youtube.com\/playlist?list=PLg9vWkdCUr2llanETvDH2piS671qfHb95\">playlist Caff\u00e8 Sospeso<\/a> a YouTube. En un futur, esperamos que breve, estar\u00e1n disponibles en formato <em>podcast<\/em>.<\/p><p>Si est\u00e0s interessat\/da a participar en un dels Caff\u00e8 Sospeso, ens pots enviar <a href=\"https:\/\/forms.gle\/em6r6nWSzcE225yp8\" target=\"_blank\" rel=\"noreferrer noopener nofollow\">aquest breu formulari <\/a>(menys d&#8217;1 minut) i ensposarem en contacte amb tu per a preparar l&#8217;entrevista.<\/p><h2 class=\"wp-block-heading\">La idea<\/h2><p>Caff\u00e8 Sospeso en catal\u00e0 es traduiria com a &#8216;caf\u00e8 pendent&#8217;. \u00c9s una pr\u00e0ctica de cortesia que va tenir els seus or\u00edgens a N\u00e0pols, It\u00e0lia. La idea \u00e9s encadenar consumicions de caf\u00e8. El consumidor paga el seu caf\u00e8 i deixa pagat un o m\u00e9s caf\u00e8s en car\u00e0cter de \u00abpendents\u00bb per als que no puguin pagar-lo.<\/p><p>En el nostre Caff\u00e8 Sospeso, originalment deix\u00e0vem pendent el seg\u00fcent caf\u00e8, nomenant l\u00e9ntrevistat\/a la propera persona que entrevistar\u00edem. Aquest caf\u00e8 pendent el proposava el soci\/s\u00f2cia entrevistat\/da.<\/p><p>\u00a0<\/p>\t\t\t\t\t\t<\/div>\n\t\t\t\t<\/div>\n\t\t\t\t\t<\/div>\n\t\t<\/div>\n\t\t\t\t\t<\/div>\n\t\t<\/section>\n\t\t\t\t<\/div>\n\t\t","protected":false},"excerpt":{"rendered":"<p>Caff\u00e8 Sospeso \u00e9s un espai d&#8217;entrevistes a socis i s\u00f2cies de la Fundaci\u00f3 Pau Costa. L&#8217;objectiu \u00e9s donar visibilitat a la seva experi\u00e8ncia personal i professional al m\u00f3n dels incendis forestals. En aquest espai, els socis\/es de la PFC comparteixen les seves viv\u00e8ncies i coneixements sobre qualsevol tema relacionat amb la tem\u00e0tica dels incendis. Es [&hellip;]<\/p>\n","protected":false},"author":12,"featured_media":16181,"parent":0,"menu_order":0,"comment_status":"closed","ping_status":"closed","template":"","meta":{"_acf_changed":false,"give_campaign_id":0,"footnotes":""},"class_list":["post-16554","page","type-page","status-publish","has-post-thumbnail","hentry"],"acf":[],"yoast_head":"<!-- This site is optimized with the Yoast SEO plugin v26.3 - https:\/\/yoast.com\/wordpress\/plugins\/seo\/ -->\n<title>Caff\u00e8 Sospeso<\/title>\n<meta name=\"robots\" content=\"index, follow, max-snippet:-1, max-image-preview:large, max-video-preview:-1\" \/>\n<link rel=\"canonical\" href=\"https:\/\/www.paucostafoundation.org\/ca\/caffe-sospeso\/\" \/>\n<meta property=\"og:locale\" content=\"ca_ES\" \/>\n<meta property=\"og:type\" content=\"article\" \/>\n<meta property=\"og:title\" content=\"Caff\u00e8 Sospeso\" \/>\n<meta property=\"og:description\" content=\"Caff\u00e8 Sospeso \u00e9s un espai d&#8217;entrevistes a socis i s\u00f2cies de la Fundaci\u00f3 Pau Costa. L&#8217;objectiu \u00e9s donar visibilitat a la seva experi\u00e8ncia personal i professional al m\u00f3n dels incendis forestals. En aquest espai, els socis\/es de la PFC comparteixen les seves viv\u00e8ncies i coneixements sobre qualsevol tema relacionat amb la tem\u00e0tica dels incendis. Es [&hellip;]\" \/>\n<meta property=\"og:url\" content=\"https:\/\/www.paucostafoundation.org\/ca\/caffe-sospeso\/\" \/>\n<meta property=\"og:site_name\" content=\"Pau Costa Foundation\" \/>\n<meta property=\"article:modified_time\" content=\"2024-05-22T08:38:20+00:00\" \/>\n<meta property=\"og:image\" content=\"https:\/\/www.paucostafoundation.org\/wp-content\/uploads\/2024\/05\/HEADER-CaffeSospesoWeb-scaled.jpg\" \/>\n\t<meta property=\"og:image:width\" content=\"2560\" \/>\n\t<meta property=\"og:image:height\" content=\"852\" \/>\n\t<meta property=\"og:image:type\" content=\"image\/jpeg\" \/>\n<meta name=\"twitter:card\" content=\"summary_large_image\" \/>\n<meta name=\"twitter:label1\" content=\"Temps estimat de lectura\" \/>\n\t<meta name=\"twitter:data1\" content=\"2 minuts\" \/>\n<script type=\"application\/ld+json\" class=\"yoast-schema-graph\">{\"@context\":\"https:\/\/schema.org\",\"@graph\":[{\"@type\":\"WebPage\",\"@id\":\"https:\/\/www.paucostafoundation.org\/ca\/caffe-sospeso\/\",\"url\":\"https:\/\/www.paucostafoundation.org\/ca\/caffe-sospeso\/\",\"name\":\"Caff\u00e8 Sospeso\",\"isPartOf\":{\"@id\":\"https:\/\/www.paucostafoundation.org\/ca\/#website\"},\"primaryImageOfPage\":{\"@id\":\"https:\/\/www.paucostafoundation.org\/ca\/caffe-sospeso\/#primaryimage\"},\"image\":{\"@id\":\"https:\/\/www.paucostafoundation.org\/ca\/caffe-sospeso\/#primaryimage\"},\"thumbnailUrl\":\"https:\/\/www.paucostafoundation.org\/wp-content\/uploads\/2024\/05\/HEADER-CaffeSospesoWeb-scaled.jpg\",\"datePublished\":\"2024-05-22T07:56:17+00:00\",\"dateModified\":\"2024-05-22T08:38:20+00:00\",\"breadcrumb\":{\"@id\":\"https:\/\/www.paucostafoundation.org\/ca\/caffe-sospeso\/#breadcrumb\"},\"inLanguage\":\"ca\",\"potentialAction\":[{\"@type\":\"ReadAction\",\"target\":[\"https:\/\/www.paucostafoundation.org\/ca\/caffe-sospeso\/\"]}]},{\"@type\":\"ImageObject\",\"inLanguage\":\"ca\",\"@id\":\"https:\/\/www.paucostafoundation.org\/ca\/caffe-sospeso\/#primaryimage\",\"url\":\"https:\/\/www.paucostafoundation.org\/wp-content\/uploads\/2024\/05\/HEADER-CaffeSospesoWeb-scaled.jpg\",\"contentUrl\":\"https:\/\/www.paucostafoundation.org\/wp-content\/uploads\/2024\/05\/HEADER-CaffeSospesoWeb-scaled.jpg\",\"width\":2560,\"height\":852},{\"@type\":\"BreadcrumbList\",\"@id\":\"https:\/\/www.paucostafoundation.org\/ca\/caffe-sospeso\/#breadcrumb\",\"itemListElement\":[{\"@type\":\"ListItem\",\"position\":1,\"name\":\"Inicio\",\"item\":\"https:\/\/www.paucostafoundation.org\/ca\/\"},{\"@type\":\"ListItem\",\"position\":2,\"name\":\"Caff\u00e8 Sospeso\"}]},{\"@type\":\"WebSite\",\"@id\":\"https:\/\/www.paucostafoundation.org\/ca\/#website\",\"url\":\"https:\/\/www.paucostafoundation.org\/ca\/\",\"name\":\"Pau Costa Foundation\",\"description\":\"CONCIENCIA E INVESTIGA LOS INCENDIOS FORESTALES\",\"publisher\":{\"@id\":\"https:\/\/www.paucostafoundation.org\/ca\/#organization\"},\"potentialAction\":[{\"@type\":\"SearchAction\",\"target\":{\"@type\":\"EntryPoint\",\"urlTemplate\":\"https:\/\/www.paucostafoundation.org\/ca\/?s={search_term_string}\"},\"query-input\":{\"@type\":\"PropertyValueSpecification\",\"valueRequired\":true,\"valueName\":\"search_term_string\"}}],\"inLanguage\":\"ca\"},{\"@type\":\"Organization\",\"@id\":\"https:\/\/www.paucostafoundation.org\/ca\/#organization\",\"name\":\"Pau Costa Foundation\",\"url\":\"https:\/\/www.paucostafoundation.org\/ca\/\",\"logo\":{\"@type\":\"ImageObject\",\"inLanguage\":\"ca\",\"@id\":\"https:\/\/www.paucostafoundation.org\/ca\/#\/schema\/logo\/image\/\",\"url\":\"https:\/\/paucostafoundation.digitalnature.es\/wp-content\/uploads\/2021\/06\/logo.png\",\"contentUrl\":\"https:\/\/paucostafoundation.digitalnature.es\/wp-content\/uploads\/2021\/06\/logo.png\",\"width\":873,\"height\":358,\"caption\":\"Pau Costa Foundation\"},\"image\":{\"@id\":\"https:\/\/www.paucostafoundation.org\/ca\/#\/schema\/logo\/image\/\"}}]}<\/script>\n<!-- \/ Yoast SEO plugin. -->","yoast_head_json":{"title":"Caff\u00e8 Sospeso","robots":{"index":"index","follow":"follow","max-snippet":"max-snippet:-1","max-image-preview":"max-image-preview:large","max-video-preview":"max-video-preview:-1"},"canonical":"https:\/\/www.paucostafoundation.org\/ca\/caffe-sospeso\/","og_locale":"ca_ES","og_type":"article","og_title":"Caff\u00e8 Sospeso","og_description":"Caff\u00e8 Sospeso \u00e9s un espai d&#8217;entrevistes a socis i s\u00f2cies de la Fundaci\u00f3 Pau Costa. L&#8217;objectiu \u00e9s donar visibilitat a la seva experi\u00e8ncia personal i professional al m\u00f3n dels incendis forestals. En aquest espai, els socis\/es de la PFC comparteixen les seves viv\u00e8ncies i coneixements sobre qualsevol tema relacionat amb la tem\u00e0tica dels incendis. Es [&hellip;]","og_url":"https:\/\/www.paucostafoundation.org\/ca\/caffe-sospeso\/","og_site_name":"Pau Costa Foundation","article_modified_time":"2024-05-22T08:38:20+00:00","og_image":[{"width":2560,"height":852,"url":"https:\/\/www.paucostafoundation.org\/wp-content\/uploads\/2024\/05\/HEADER-CaffeSospesoWeb-scaled.jpg","type":"image\/jpeg"}],"twitter_card":"summary_large_image","twitter_misc":{"Temps estimat de lectura":"2 minuts"},"schema":{"@context":"https:\/\/schema.org","@graph":[{"@type":"WebPage","@id":"https:\/\/www.paucostafoundation.org\/ca\/caffe-sospeso\/","url":"https:\/\/www.paucostafoundation.org\/ca\/caffe-sospeso\/","name":"Caff\u00e8 Sospeso","isPartOf":{"@id":"https:\/\/www.paucostafoundation.org\/ca\/#website"},"primaryImageOfPage":{"@id":"https:\/\/www.paucostafoundation.org\/ca\/caffe-sospeso\/#primaryimage"},"image":{"@id":"https:\/\/www.paucostafoundation.org\/ca\/caffe-sospeso\/#primaryimage"},"thumbnailUrl":"https:\/\/www.paucostafoundation.org\/wp-content\/uploads\/2024\/05\/HEADER-CaffeSospesoWeb-scaled.jpg","datePublished":"2024-05-22T07:56:17+00:00","dateModified":"2024-05-22T08:38:20+00:00","breadcrumb":{"@id":"https:\/\/www.paucostafoundation.org\/ca\/caffe-sospeso\/#breadcrumb"},"inLanguage":"ca","potentialAction":[{"@type":"ReadAction","target":["https:\/\/www.paucostafoundation.org\/ca\/caffe-sospeso\/"]}]},{"@type":"ImageObject","inLanguage":"ca","@id":"https:\/\/www.paucostafoundation.org\/ca\/caffe-sospeso\/#primaryimage","url":"https:\/\/www.paucostafoundation.org\/wp-content\/uploads\/2024\/05\/HEADER-CaffeSospesoWeb-scaled.jpg","contentUrl":"https:\/\/www.paucostafoundation.org\/wp-content\/uploads\/2024\/05\/HEADER-CaffeSospesoWeb-scaled.jpg","width":2560,"height":852},{"@type":"BreadcrumbList","@id":"https:\/\/www.paucostafoundation.org\/ca\/caffe-sospeso\/#breadcrumb","itemListElement":[{"@type":"ListItem","position":1,"name":"Inicio","item":"https:\/\/www.paucostafoundation.org\/ca\/"},{"@type":"ListItem","position":2,"name":"Caff\u00e8 Sospeso"}]},{"@type":"WebSite","@id":"https:\/\/www.paucostafoundation.org\/ca\/#website","url":"https:\/\/www.paucostafoundation.org\/ca\/","name":"Pau Costa Foundation","description":"CONCIENCIA E INVESTIGA LOS INCENDIOS FORESTALES","publisher":{"@id":"https:\/\/www.paucostafoundation.org\/ca\/#organization"},"potentialAction":[{"@type":"SearchAction","target":{"@type":"EntryPoint","urlTemplate":"https:\/\/www.paucostafoundation.org\/ca\/?s={search_term_string}"},"query-input":{"@type":"PropertyValueSpecification","valueRequired":true,"valueName":"search_term_string"}}],"inLanguage":"ca"},{"@type":"Organization","@id":"https:\/\/www.paucostafoundation.org\/ca\/#organization","name":"Pau Costa Foundation","url":"https:\/\/www.paucostafoundation.org\/ca\/","logo":{"@type":"ImageObject","inLanguage":"ca","@id":"https:\/\/www.paucostafoundation.org\/ca\/#\/schema\/logo\/image\/","url":"https:\/\/paucostafoundation.digitalnature.es\/wp-content\/uploads\/2021\/06\/logo.png","contentUrl":"https:\/\/paucostafoundation.digitalnature.es\/wp-content\/uploads\/2021\/06\/logo.png","width":873,"height":358,"caption":"Pau Costa Foundation"},"image":{"@id":"https:\/\/www.paucostafoundation.org\/ca\/#\/schema\/logo\/image\/"}}]}},"campaignId":"","_links":{"self":[{"href":"https:\/\/www.paucostafoundation.org\/ca\/wp-json\/wp\/v2\/pages\/16554","targetHints":{"allow":["GET"]}}],"collection":[{"href":"https:\/\/www.paucostafoundation.org\/ca\/wp-json\/wp\/v2\/pages"}],"about":[{"href":"https:\/\/www.paucostafoundation.org\/ca\/wp-json\/wp\/v2\/types\/page"}],"author":[{"embeddable":true,"href":"https:\/\/www.paucostafoundation.org\/ca\/wp-json\/wp\/v2\/users\/12"}],"replies":[{"embeddable":true,"href":"https:\/\/www.paucostafoundation.org\/ca\/wp-json\/wp\/v2\/comments?post=16554"}],"version-history":[{"count":4,"href":"https:\/\/www.paucostafoundation.org\/ca\/wp-json\/wp\/v2\/pages\/16554\/revisions"}],"predecessor-version":[{"id":16558,"href":"https:\/\/www.paucostafoundation.org\/ca\/wp-json\/wp\/v2\/pages\/16554\/revisions\/16558"}],"wp:featuredmedia":[{"embeddable":true,"href":"https:\/\/www.paucostafoundation.org\/ca\/wp-json\/wp\/v2\/media\/16181"}],"wp:attachment":[{"href":"https:\/\/www.paucostafoundation.org\/ca\/wp-json\/wp\/v2\/media?parent=16554"}],"curies":[{"name":"wp","href":"https:\/\/api.w.org\/{rel}","templated":true}]}}