{"id":16549,"date":"2024-05-22T07:47:03","date_gmt":"2024-05-22T07:47:03","guid":{"rendered":"https:\/\/www.paucostafoundation.org\/?page_id=16549"},"modified":"2024-05-22T07:55:01","modified_gmt":"2024-05-22T07:55:01","slug":"jornades-tecniques-de-toledo","status":"publish","type":"page","link":"https:\/\/www.paucostafoundation.org\/ca\/jornades-tecniques-de-toledo\/","title":{"rendered":"Jornades t\u00e8cniques de Toledo"},"content":{"rendered":"\t\t<div data-elementor-type=\"wp-page\" data-elementor-id=\"16549\" class=\"elementor elementor-16549 elementor-16191\" data-elementor-post-type=\"page\">\n\t\t\t\t\t\t<section class=\"elementor-section elementor-top-section elementor-element elementor-element-633b9a8 elementor-section-full_width elementor-section-height-min-height elementor-section-height-default elementor-section-items-middle\" data-id=\"633b9a8\" data-element_type=\"section\" data-settings=\"{&quot;background_background&quot;:&quot;classic&quot;}\">\n\t\t\t\t\t\t<div class=\"elementor-container elementor-column-gap-default\">\n\t\t\t\t\t<div class=\"elementor-column elementor-col-100 elementor-top-column elementor-element elementor-element-b3b0161\" data-id=\"b3b0161\" data-element_type=\"column\">\n\t\t\t<div class=\"elementor-widget-wrap\">\n\t\t\t\t\t\t\t<\/div>\n\t\t<\/div>\n\t\t\t\t\t<\/div>\n\t\t<\/section>\n\t\t\t\t<section class=\"elementor-section elementor-top-section elementor-element elementor-element-4af116c0 elementor-section-boxed elementor-section-height-default elementor-section-height-default\" data-id=\"4af116c0\" data-element_type=\"section\">\n\t\t\t\t\t\t<div class=\"elementor-container elementor-column-gap-default\">\n\t\t\t\t\t<div class=\"elementor-column elementor-col-100 elementor-top-column elementor-element elementor-element-475aff66\" data-id=\"475aff66\" data-element_type=\"column\">\n\t\t\t<div class=\"elementor-widget-wrap elementor-element-populated\">\n\t\t\t\t\t\t<div class=\"elementor-element elementor-element-13718297 elementor-widget elementor-widget-text-editor\" data-id=\"13718297\" data-element_type=\"widget\" data-widget_type=\"text-editor.default\">\n\t\t\t\t<div class=\"elementor-widget-container\">\n\t\t\t\t\t\t\t<p>Els <strong>incendis forestals<\/strong> suposen una de les amenaces m\u00e9s grans per als <strong>recursos naturals<\/strong> del nostre pa\u00eds, per\u00f2 a m\u00e9s suposen un problema amb <strong>connotacions de protecci\u00f3 civil i alarma social<\/strong> que les administracions responsables estem obligats a atendre i solucionar. A vegades, la necess\u00e0ria major preparaci\u00f3 i formaci\u00f3 dels treballadors i la major inversi\u00f3 en mitjans i infraestructures de prevenci\u00f3 i extinci\u00f3 no \u00e9s suficient.<\/p>\n<p>En el marc d&#8217;aquesta problem\u00e0tica, la <strong>Junta de Castella-la Manxa<\/strong> va decidir impulsar unes Jornades per generar espais de debat per als professionals de tots els sectors involucrats en la gesti\u00f3 i el maneig de les emerg\u00e8ncies relacionades amb els incendis forestals. Gr\u00e0cies al patrocini de Red El\u00e9ctrica (REE) i amb el suport organitzatiu de la Fundaci\u00f3 Pau Costa, el 2014 es va celebrar la primera edici\u00f3 de les Jornades t\u00e8cniques d&#8217;incendis forestals de Toledo.<\/p>\n<h2 class=\"wp-block-heading\">Jornades<\/h2>\n<ul>\n<li style=\"list-style-type: none;\">\n<ul>\n<li><a href=\"https:\/\/www.paucostafoundation.org\/viii-jornadas-tecnicas-de-incendios-forestales-y-premios-internacionales-de-incendios-forestales\/\">VIII Jornadas T\u00e9cnicas de Incendios Forestales &#8211; Incendios Forestales: un riesgo global (2023)<\/a> | <a href=\"https:\/\/www.paucostafoundation.org\/wp-content\/uploads\/2023\/11\/Jornadas-Prevencion-IIFF-2023_programa_preliminar_ponentes_v8_final..pdf\"><strong><mark class=\"has-inline-color has-luminous-vivid-orange-color\" style=\"background-color: rgba(0, 0, 0, 0);\">Programa<\/mark><\/strong><\/a> | <a href=\"https:\/\/www.paucostafoundation.org\/wp-content\/uploads\/2023\/11\/Toledo_2023_201123-d-2.pdf\"><strong><mark class=\"has-inline-color has-luminous-vivid-orange-color\" style=\"background-color: rgba(0, 0, 0, 0);\">Presentacions<\/mark><\/strong><\/a> | <a href=\"https:\/\/www.youtube.com\/playlist?list=PLg9vWkdCUr2nmcGWhdCEiMLNd7tg9sZv3\"><strong><mark class=\"has-inline-color has-luminous-vivid-orange-color\" style=\"background-color: rgba(0, 0, 0, 0);\">V\u00eddeos<\/mark><\/strong><\/a><\/li>\n<\/ul>\n<\/li>\n<\/ul>\n<ul>\n<li style=\"list-style-type: none;\">\n<ul>\n<li><a href=\"https:\/\/www.paucostafoundation.org\/vii-jornadas-tecnicas-de-incendios-forestales-los-incendios-del-proximo-decenio\/\">VII Jornadas T\u00e9cnicas de Incendios Forestales-Los incendios del pr\u00f3ximo decenio (2022)<\/a> | <a href=\"https:\/\/www.paucostafoundation.org\/wp-content\/uploads\/2022\/12\/Programa-Toledo-2022.pdf\" target=\"_blank\" rel=\"noreferrer noopener\"><strong><mark class=\"has-inline-color has-luminous-vivid-orange-color\" style=\"background-color: rgba(0, 0, 0, 0);\">Programa<\/mark><\/strong><\/a> | <strong><a href=\"https:\/\/www.paucostafoundation.org\/wp-content\/uploads\/2023\/01\/PRESENTACIONES-TOLEDO.pdf\" target=\"_blank\" rel=\"noreferrer noopener\"><mark class=\"has-inline-color has-luminous-vivid-orange-color\" style=\"background-color: rgba(0, 0, 0, 0);\">Presentacions<\/mark><\/a><\/strong>  | <a href=\"https:\/\/www.youtube.com\/playlist?list=PLg9vWkdCUr2mFgrrk-KIVTQWJ8k6y9NTJ\" target=\"_blank\" rel=\"noreferrer noopener\"><strong><mark class=\"has-inline-color has-luminous-vivid-orange-color\" style=\"background-color: rgba(0, 0, 0, 0);\">V\u00eddeos<\/mark><\/strong><\/a><\/li>\n<\/ul>\n<\/li>\n<\/ul>\n<ul>\n<li style=\"list-style-type: none;\">\n<ul>\n<li>VI Jornadas T\u00e9cnicas (Online) (2021) | <a href=\"https:\/\/www.paucostafoundation.org\/wp-content\/uploads\/2023\/01\/VI-Jornadas-Toledo.pdf\" target=\"_blank\" rel=\"noreferrer noopener\"><strong><mark class=\"has-inline-color has-luminous-vivid-orange-color\" style=\"background-color: rgba(0, 0, 0, 0);\">Programa<\/mark><\/strong><\/a> | <a href=\"https:\/\/www.youtube.com\/watch?v=pe6mXYXxa0c&amp;list=PLg9vWkdCUr2kOEYgN2IBstYMzk0nTOFuZ\" target=\"_blank\" rel=\"noreferrer noopener\"><strong><mark class=\"has-inline-color has-luminous-vivid-orange-color\" style=\"background-color: rgba(0, 0, 0, 0);\">V\u00eddeos<\/mark><\/strong><\/a><\/li>\n<\/ul>\n<\/li>\n<\/ul>\n<ul>\n<li style=\"list-style-type: none;\">\n<ul>\n<li>V Jornadas T\u00e9cnicas \u2013 La Prevenci\u00f3n de incendios forestales. Percepci\u00f3n social\u00a0(2018) | <a href=\"https:\/\/www.paucostafoundation.org\/wp-content\/uploads\/2023\/01\/V-Jornadas-Toledo.pdf\" target=\"_blank\" rel=\"noreferrer noopener\"><strong><mark class=\"has-inline-color has-luminous-vivid-orange-color\" style=\"background-color: rgba(0, 0, 0, 0);\">Programa<\/mark><\/strong><\/a> | <a href=\"https:\/\/www.youtube.com\/watch?v=lfwVdrgx-7U&amp;list=PLg9vWkdCUr2kFz699onQjD-hYXVWj2DeE\" target=\"_blank\" rel=\"noreferrer noopener\"><strong><mark class=\"has-inline-color has-luminous-vivid-orange-color\" style=\"background-color: rgba(0, 0, 0, 0);\">V\u00eddeos<\/mark><\/strong><\/a><\/li>\n<\/ul>\n<\/li>\n<\/ul>\n<ul>\n<li style=\"list-style-type: none;\">\n<ul>\n<li>IV Jornadas T\u00e9cnicas \u2013 El Factor Humano en la Gesti\u00f3n de los Incendios Forestales: \u00c9tica, Valores y Compromiso en las organizaciones\u00a0(2017) | <a href=\"https:\/\/www.paucostafoundation.org\/wp-content\/uploads\/2023\/01\/IV-Jornadas-Toledo.pdf\" target=\"_blank\" rel=\"noreferrer noopener\"><strong><mark class=\"has-inline-color has-luminous-vivid-orange-color\" style=\"background-color: rgba(0, 0, 0, 0);\">Programa<\/mark><\/strong><\/a> | <a href=\"https:\/\/www.youtube.com\/watch?v=cWLU16zgUtU&amp;list=PLg9vWkdCUr2kQNjdsDGT-Ghs4bzSEnkx6\" target=\"_blank\" rel=\"noreferrer noopener\"><strong><mark class=\"has-inline-color has-luminous-vivid-orange-color\" style=\"background-color: rgba(0, 0, 0, 0);\">V\u00eddeos<\/mark><\/strong><\/a><\/li>\n<\/ul>\n<\/li>\n<\/ul>\n<ul>\n<li style=\"list-style-type: none;\">\n<ul>\n<li>III Jornadas T\u00e9cnicas \u2013 Las Nuevas Tecnolog\u00edas en la Gesti\u00f3n del Fen\u00f3meno de las Grandes Emergencias\u00a0(2016) | <a href=\"https:\/\/www.paucostafoundation.org\/wp-content\/uploads\/2023\/01\/III-Jornadas-Toledo.pdf\" target=\"_blank\" rel=\"noreferrer noopener\"><strong><mark class=\"has-inline-color has-luminous-vivid-orange-color\" style=\"background-color: rgba(0, 0, 0, 0);\">Programa<\/mark><\/strong><\/a><\/li>\n<\/ul>\n<\/li>\n<\/ul>\n<ul>\n<li style=\"list-style-type: none;\">\n<ul>\n<li>II Jornadas T\u00e9cnicas \u2013 Seguridad en operaciones de extinci\u00f3n de incendios forestales\u00a0(2015) | <a href=\"https:\/\/www.paucostafoundation.org\/wp-content\/uploads\/2023\/01\/II-Jornadas-Toledo.pdf\" target=\"_blank\" rel=\"noreferrer noopener\"><strong><mark class=\"has-inline-color has-luminous-vivid-orange-color\" style=\"background-color: rgba(0, 0, 0, 0);\">Programa<\/mark><\/strong><\/a><\/li>\n<\/ul>\n<\/li>\n<\/ul>\n<ul>\n<li style=\"list-style-type: none;\">\n<ul>\n<li>I Jornadas T\u00e9cnicas \u2013 Incendios Forestales en entornos de Interfaz Rural y Educaci\u00f3n Ambiental\u00a0(2014) | <a href=\"https:\/\/www.paucostafoundation.org\/wp-content\/uploads\/2023\/01\/I-Jornadas-Toledo.pdf\" target=\"_blank\" rel=\"noreferrer noopener\"><strong><mark class=\"has-inline-color has-luminous-vivid-orange-color\" style=\"background-color: rgba(0, 0, 0, 0);\">Programa<\/mark><\/strong><\/a><\/li>\n<\/ul>\n<\/li>\n<\/ul>\n<p>\u00a0<\/p>\n<p>\u00a0<\/p>\t\t\t\t\t\t<\/div>\n\t\t\t\t<\/div>\n\t\t\t\t\t<\/div>\n\t\t<\/div>\n\t\t\t\t\t<\/div>\n\t\t<\/section>\n\t\t\t\t<\/div>\n\t\t","protected":false},"excerpt":{"rendered":"<p>Els incendis forestals suposen una de les amenaces m\u00e9s grans per als recursos naturals del nostre pa\u00eds, per\u00f2 a m\u00e9s suposen un problema amb connotacions de protecci\u00f3 civil i alarma social que les administracions responsables estem obligats a atendre i solucionar. A vegades, la necess\u00e0ria major preparaci\u00f3 i formaci\u00f3 dels treballadors i la major inversi\u00f3 [&hellip;]<\/p>\n","protected":false},"author":12,"featured_media":16265,"parent":0,"menu_order":0,"comment_status":"closed","ping_status":"closed","template":"","meta":{"_acf_changed":false,"give_campaign_id":0,"footnotes":""},"class_list":["post-16549","page","type-page","status-publish","has-post-thumbnail","hentry"],"acf":[],"yoast_head":"<!-- This site is optimized with the Yoast SEO plugin v26.3 - https:\/\/yoast.com\/wordpress\/plugins\/seo\/ -->\n<title>Jornades t\u00e8cniques de Toledo<\/title>\n<meta name=\"robots\" content=\"index, follow, max-snippet:-1, max-image-preview:large, max-video-preview:-1\" \/>\n<link rel=\"canonical\" href=\"https:\/\/www.paucostafoundation.org\/ca\/jornades-tecniques-de-toledo\/\" \/>\n<meta property=\"og:locale\" content=\"ca_ES\" \/>\n<meta property=\"og:type\" content=\"article\" \/>\n<meta property=\"og:title\" content=\"Jornades t\u00e8cniques de Toledo\" \/>\n<meta property=\"og:description\" content=\"Els incendis forestals suposen una de les amenaces m\u00e9s grans per als recursos naturals del nostre pa\u00eds, per\u00f2 a m\u00e9s suposen un problema amb connotacions de protecci\u00f3 civil i alarma social que les administracions responsables estem obligats a atendre i solucionar. A vegades, la necess\u00e0ria major preparaci\u00f3 i formaci\u00f3 dels treballadors i la major inversi\u00f3 [&hellip;]\" \/>\n<meta property=\"og:url\" content=\"https:\/\/www.paucostafoundation.org\/ca\/jornades-tecniques-de-toledo\/\" \/>\n<meta property=\"og:site_name\" content=\"Pau Costa Foundation\" \/>\n<meta property=\"article:modified_time\" content=\"2024-05-22T07:55:01+00:00\" \/>\n<meta property=\"og:image\" content=\"https:\/\/www.paucostafoundation.org\/wp-content\/uploads\/2024\/05\/jornadas-toledo-B.jpg\" \/>\n\t<meta property=\"og:image:width\" content=\"1\" \/>\n\t<meta property=\"og:image:height\" content=\"1\" \/>\n\t<meta property=\"og:image:type\" content=\"image\/jpeg\" \/>\n<meta name=\"twitter:card\" content=\"summary_large_image\" \/>\n<meta name=\"twitter:label1\" content=\"Temps estimat de lectura\" \/>\n\t<meta name=\"twitter:data1\" content=\"2 minuts\" \/>\n<script type=\"application\/ld+json\" class=\"yoast-schema-graph\">{\"@context\":\"https:\/\/schema.org\",\"@graph\":[{\"@type\":\"WebPage\",\"@id\":\"https:\/\/www.paucostafoundation.org\/ca\/jornades-tecniques-de-toledo\/\",\"url\":\"https:\/\/www.paucostafoundation.org\/ca\/jornades-tecniques-de-toledo\/\",\"name\":\"Jornades t\u00e8cniques de Toledo\",\"isPartOf\":{\"@id\":\"https:\/\/www.paucostafoundation.org\/ca\/#website\"},\"primaryImageOfPage\":{\"@id\":\"https:\/\/www.paucostafoundation.org\/ca\/jornades-tecniques-de-toledo\/#primaryimage\"},\"image\":{\"@id\":\"https:\/\/www.paucostafoundation.org\/ca\/jornades-tecniques-de-toledo\/#primaryimage\"},\"thumbnailUrl\":\"https:\/\/www.paucostafoundation.org\/wp-content\/uploads\/2024\/05\/jornadas-toledo-B.jpg\",\"datePublished\":\"2024-05-22T07:47:03+00:00\",\"dateModified\":\"2024-05-22T07:55:01+00:00\",\"breadcrumb\":{\"@id\":\"https:\/\/www.paucostafoundation.org\/ca\/jornades-tecniques-de-toledo\/#breadcrumb\"},\"inLanguage\":\"ca\",\"potentialAction\":[{\"@type\":\"ReadAction\",\"target\":[\"https:\/\/www.paucostafoundation.org\/ca\/jornades-tecniques-de-toledo\/\"]}]},{\"@type\":\"ImageObject\",\"inLanguage\":\"ca\",\"@id\":\"https:\/\/www.paucostafoundation.org\/ca\/jornades-tecniques-de-toledo\/#primaryimage\",\"url\":\"https:\/\/www.paucostafoundation.org\/wp-content\/uploads\/2024\/05\/jornadas-toledo-B.jpg\",\"contentUrl\":\"https:\/\/www.paucostafoundation.org\/wp-content\/uploads\/2024\/05\/jornadas-toledo-B.jpg\"},{\"@type\":\"BreadcrumbList\",\"@id\":\"https:\/\/www.paucostafoundation.org\/ca\/jornades-tecniques-de-toledo\/#breadcrumb\",\"itemListElement\":[{\"@type\":\"ListItem\",\"position\":1,\"name\":\"Inicio\",\"item\":\"https:\/\/www.paucostafoundation.org\/ca\/\"},{\"@type\":\"ListItem\",\"position\":2,\"name\":\"Jornades t\u00e8cniques de Toledo\"}]},{\"@type\":\"WebSite\",\"@id\":\"https:\/\/www.paucostafoundation.org\/ca\/#website\",\"url\":\"https:\/\/www.paucostafoundation.org\/ca\/\",\"name\":\"Pau Costa Foundation\",\"description\":\"CONCIENCIA E INVESTIGA LOS INCENDIOS FORESTALES\",\"publisher\":{\"@id\":\"https:\/\/www.paucostafoundation.org\/ca\/#organization\"},\"potentialAction\":[{\"@type\":\"SearchAction\",\"target\":{\"@type\":\"EntryPoint\",\"urlTemplate\":\"https:\/\/www.paucostafoundation.org\/ca\/?s={search_term_string}\"},\"query-input\":{\"@type\":\"PropertyValueSpecification\",\"valueRequired\":true,\"valueName\":\"search_term_string\"}}],\"inLanguage\":\"ca\"},{\"@type\":\"Organization\",\"@id\":\"https:\/\/www.paucostafoundation.org\/ca\/#organization\",\"name\":\"Pau Costa Foundation\",\"url\":\"https:\/\/www.paucostafoundation.org\/ca\/\",\"logo\":{\"@type\":\"ImageObject\",\"inLanguage\":\"ca\",\"@id\":\"https:\/\/www.paucostafoundation.org\/ca\/#\/schema\/logo\/image\/\",\"url\":\"https:\/\/paucostafoundation.digitalnature.es\/wp-content\/uploads\/2021\/06\/logo.png\",\"contentUrl\":\"https:\/\/paucostafoundation.digitalnature.es\/wp-content\/uploads\/2021\/06\/logo.png\",\"width\":873,\"height\":358,\"caption\":\"Pau Costa Foundation\"},\"image\":{\"@id\":\"https:\/\/www.paucostafoundation.org\/ca\/#\/schema\/logo\/image\/\"}}]}<\/script>\n<!-- \/ Yoast SEO plugin. -->","yoast_head_json":{"title":"Jornades t\u00e8cniques de Toledo","robots":{"index":"index","follow":"follow","max-snippet":"max-snippet:-1","max-image-preview":"max-image-preview:large","max-video-preview":"max-video-preview:-1"},"canonical":"https:\/\/www.paucostafoundation.org\/ca\/jornades-tecniques-de-toledo\/","og_locale":"ca_ES","og_type":"article","og_title":"Jornades t\u00e8cniques de Toledo","og_description":"Els incendis forestals suposen una de les amenaces m\u00e9s grans per als recursos naturals del nostre pa\u00eds, per\u00f2 a m\u00e9s suposen un problema amb connotacions de protecci\u00f3 civil i alarma social que les administracions responsables estem obligats a atendre i solucionar. A vegades, la necess\u00e0ria major preparaci\u00f3 i formaci\u00f3 dels treballadors i la major inversi\u00f3 [&hellip;]","og_url":"https:\/\/www.paucostafoundation.org\/ca\/jornades-tecniques-de-toledo\/","og_site_name":"Pau Costa Foundation","article_modified_time":"2024-05-22T07:55:01+00:00","og_image":[{"url":"https:\/\/www.paucostafoundation.org\/wp-content\/uploads\/2024\/05\/jornadas-toledo-B.jpg","width":1,"height":1,"type":"image\/jpeg"}],"twitter_card":"summary_large_image","twitter_misc":{"Temps estimat de lectura":"2 minuts"},"schema":{"@context":"https:\/\/schema.org","@graph":[{"@type":"WebPage","@id":"https:\/\/www.paucostafoundation.org\/ca\/jornades-tecniques-de-toledo\/","url":"https:\/\/www.paucostafoundation.org\/ca\/jornades-tecniques-de-toledo\/","name":"Jornades t\u00e8cniques de Toledo","isPartOf":{"@id":"https:\/\/www.paucostafoundation.org\/ca\/#website"},"primaryImageOfPage":{"@id":"https:\/\/www.paucostafoundation.org\/ca\/jornades-tecniques-de-toledo\/#primaryimage"},"image":{"@id":"https:\/\/www.paucostafoundation.org\/ca\/jornades-tecniques-de-toledo\/#primaryimage"},"thumbnailUrl":"https:\/\/www.paucostafoundation.org\/wp-content\/uploads\/2024\/05\/jornadas-toledo-B.jpg","datePublished":"2024-05-22T07:47:03+00:00","dateModified":"2024-05-22T07:55:01+00:00","breadcrumb":{"@id":"https:\/\/www.paucostafoundation.org\/ca\/jornades-tecniques-de-toledo\/#breadcrumb"},"inLanguage":"ca","potentialAction":[{"@type":"ReadAction","target":["https:\/\/www.paucostafoundation.org\/ca\/jornades-tecniques-de-toledo\/"]}]},{"@type":"ImageObject","inLanguage":"ca","@id":"https:\/\/www.paucostafoundation.org\/ca\/jornades-tecniques-de-toledo\/#primaryimage","url":"https:\/\/www.paucostafoundation.org\/wp-content\/uploads\/2024\/05\/jornadas-toledo-B.jpg","contentUrl":"https:\/\/www.paucostafoundation.org\/wp-content\/uploads\/2024\/05\/jornadas-toledo-B.jpg"},{"@type":"BreadcrumbList","@id":"https:\/\/www.paucostafoundation.org\/ca\/jornades-tecniques-de-toledo\/#breadcrumb","itemListElement":[{"@type":"ListItem","position":1,"name":"Inicio","item":"https:\/\/www.paucostafoundation.org\/ca\/"},{"@type":"ListItem","position":2,"name":"Jornades t\u00e8cniques de Toledo"}]},{"@type":"WebSite","@id":"https:\/\/www.paucostafoundation.org\/ca\/#website","url":"https:\/\/www.paucostafoundation.org\/ca\/","name":"Pau Costa Foundation","description":"CONCIENCIA E INVESTIGA LOS INCENDIOS FORESTALES","publisher":{"@id":"https:\/\/www.paucostafoundation.org\/ca\/#organization"},"potentialAction":[{"@type":"SearchAction","target":{"@type":"EntryPoint","urlTemplate":"https:\/\/www.paucostafoundation.org\/ca\/?s={search_term_string}"},"query-input":{"@type":"PropertyValueSpecification","valueRequired":true,"valueName":"search_term_string"}}],"inLanguage":"ca"},{"@type":"Organization","@id":"https:\/\/www.paucostafoundation.org\/ca\/#organization","name":"Pau Costa Foundation","url":"https:\/\/www.paucostafoundation.org\/ca\/","logo":{"@type":"ImageObject","inLanguage":"ca","@id":"https:\/\/www.paucostafoundation.org\/ca\/#\/schema\/logo\/image\/","url":"https:\/\/paucostafoundation.digitalnature.es\/wp-content\/uploads\/2021\/06\/logo.png","contentUrl":"https:\/\/paucostafoundation.digitalnature.es\/wp-content\/uploads\/2021\/06\/logo.png","width":873,"height":358,"caption":"Pau Costa Foundation"},"image":{"@id":"https:\/\/www.paucostafoundation.org\/ca\/#\/schema\/logo\/image\/"}}]}},"campaignId":"","_links":{"self":[{"href":"https:\/\/www.paucostafoundation.org\/ca\/wp-json\/wp\/v2\/pages\/16549","targetHints":{"allow":["GET"]}}],"collection":[{"href":"https:\/\/www.paucostafoundation.org\/ca\/wp-json\/wp\/v2\/pages"}],"about":[{"href":"https:\/\/www.paucostafoundation.org\/ca\/wp-json\/wp\/v2\/types\/page"}],"author":[{"embeddable":true,"href":"https:\/\/www.paucostafoundation.org\/ca\/wp-json\/wp\/v2\/users\/12"}],"replies":[{"embeddable":true,"href":"https:\/\/www.paucostafoundation.org\/ca\/wp-json\/wp\/v2\/comments?post=16549"}],"version-history":[{"count":4,"href":"https:\/\/www.paucostafoundation.org\/ca\/wp-json\/wp\/v2\/pages\/16549\/revisions"}],"predecessor-version":[{"id":16553,"href":"https:\/\/www.paucostafoundation.org\/ca\/wp-json\/wp\/v2\/pages\/16549\/revisions\/16553"}],"wp:featuredmedia":[{"embeddable":true,"href":"https:\/\/www.paucostafoundation.org\/ca\/wp-json\/wp\/v2\/media\/16265"}],"wp:attachment":[{"href":"https:\/\/www.paucostafoundation.org\/ca\/wp-json\/wp\/v2\/media?parent=16549"}],"curies":[{"name":"wp","href":"https:\/\/api.w.org\/{rel}","templated":true}]}}